{"id":5275,"date":"2014-05-24T13:51:08","date_gmt":"2014-05-24T13:51:08","guid":{"rendered":"http:\/\/wpresidence.net\/?page_id=9"},"modified":"2025-11-27T08:43:50","modified_gmt":"2025-11-27T08:43:50","slug":"legal-notice","status":"publish","type":"page","link":"https:\/\/web.esentyaestate.com\/spa\/legal-notice\/","title":{"rendered":"Aviso legal"},"content":{"rendered":"<p style=\"text-align: center;\" data-start=\"279\" data-end=\"305\"><strong>AVISO LEGAL<\/strong><\/p>\n<p style=\"text-align: center;\" data-start=\"279\" data-end=\"305\"><a class=\"decorated-link\" href=\"https:\/\/esentyaestate.com\/\" target=\"_new\" rel=\"noopener\" data-start=\"279\" data-end=\"305\">https:\/\/esentyaestate.com\/<\/a><\/p>\n<h2 style=\"text-align: center;\" data-start=\"307\" data-end=\"335\"><strong data-start=\"310\" data-end=\"333\">INFORMACI\u00d3N GENERAL<\/strong><\/h2>\n<p data-start=\"336\" data-end=\"586\">En cumplimiento del deber de informaci\u00f3n establecido en la Ley 34\/2002, de Servicios de la Sociedad de la Informaci\u00f3n y de Comercio Electr\u00f3nico (LSSI-CE), de 11 de julio, se facilitan a continuaci\u00f3n los siguientes datos de informaci\u00f3n general para este sitio web:<br data-start=\"557\" data-end=\"560\" \/><a class=\"decorated-link\" href=\"https:\/\/esentyaestate.com\/\" target=\"_new\" rel=\"noopener\" data-start=\"560\" data-end=\"586\">https:\/\/esentyaestate.com\/<\/a><\/p>\n<p data-start=\"588\" data-end=\"884\">La propiedad de este sitio web, <a class=\"decorated-link\" href=\"https:\/\/esentyaestate.com\/\" target=\"_new\" rel=\"noopener\" data-start=\"619\" data-end=\"645\">https:\/\/esentyaestate.com\/<\/a>, (en adelante, el Sitio web) es propiedad de: ESENTYA ESTATE &amp; PROMOTIONS SL, con NIF: B10715092, cuyos datos de contacto son:<br data-start=\"765\" data-end=\"768\" \/>CALLE MAYOR, N.11 03188 Torrevieja Alicante<br data-start=\"811\" data-end=\"814\" \/>Correo electr\u00f3nico de contacto: <a class=\"decorated-link cursor-pointer\" rel=\"noopener\" data-start=\"829\" data-end=\"861\">administraci\u00f3n@esentyaestate.com<\/a><br data-start=\"861\" data-end=\"864\" \/>Tel\u00e9fono: 634205959<\/p>\n<h2 data-start=\"891\" data-end=\"933\"><strong data-start=\"894\" data-end=\"933\">T\u00c9RMINOS Y CONDICIONES GENERALES DE USO<\/strong><\/h2>\n<h3 data-start=\"935\" data-end=\"987\"><strong data-start=\"939\" data-end=\"985\">Finalidad de las condiciones: El sitio web<\/strong><\/h3>\n<p data-start=\"988\" data-end=\"1515\">El objetivo de estas Condiciones Generales de Uso (en adelante, Condiciones) es regular el acceso y el uso del Sitio Web. A los efectos de estas Condiciones, se entender\u00e1 por Sitio Web: la apariencia externa de las interfaces de pantalla, tanto est\u00e1ticas como din\u00e1micas, es decir, la estructura de navegaci\u00f3n; y todos los elementos integrados en las interfaces de pantalla, as\u00ed como en la estructura de navegaci\u00f3n (en adelante, Contenidos) y todos aquellos servicios o recursos en l\u00ednea que puedan ofrecerse a los Usuarios (en adelante, Servicios).<\/p>\n<p data-start=\"1517\" data-end=\"1898\"><a class=\"decorated-link\" href=\"https:\/\/esentyaestate.com\/\" target=\"_new\" rel=\"noopener\" data-start=\"1517\" data-end=\"1543\">https:\/\/esentyaestate.com\/<\/a> se reserva el derecho de modificar, en cualquier momento y sin previo aviso, la presentaci\u00f3n y configuraci\u00f3n del Sitio web y los Contenidos y Servicios incorporados en el mismo. El Usuario reconoce y acepta que en cualquier momento <a class=\"decorated-link\" href=\"https:\/\/esentyaestate.com\/\" target=\"_new\" rel=\"noopener\" data-start=\"1765\" data-end=\"1791\">https:\/\/esentyaestate.com\/<\/a> podr\u00e1 interrumpir, desactivar y\/o cancelar cualquiera de los elementos integrados en el Sitio web o el acceso a los mismos.<\/p>\n<p data-start=\"1900\" data-end=\"2182\">El acceso del Usuario al Sitio Web es gratuito y, por regla general, no tiene que abonar ning\u00fan coste para disfrutarlo, salvo el de la conexi\u00f3n a trav\u00e9s de la red de telecomunicaciones suministrada por el proveedor contratado por el Usuario.<\/p>\n<h3 data-start=\"2189\" data-end=\"2207\"><strong data-start=\"2193\" data-end=\"2205\">El usuario<\/strong><\/h3>\n<p data-start=\"2208\" data-end=\"2778\">Acceso, navegaci\u00f3n y uso del Sitio web, as\u00ed como los espacios habilitados para interactuar entre Usuarios y el Usuario y <a class=\"decorated-link\" href=\"https:\/\/esentyaestate.com\/\" target=\"_new\" rel=\"noopener\" data-start=\"2323\" data-end=\"2349\">https:\/\/esentyaestate.com\/<\/a>El uso de espacios como comentarios y\/o blogs confiere la condici\u00f3n de Usuario, por lo que se aceptan todas las Condiciones aqu\u00ed establecidas desde el momento en que se inicia la navegaci\u00f3n por el Sitio Web, as\u00ed como cualquier modificaci\u00f3n posterior, sin perjuicio de la aplicaci\u00f3n de la normativa legal obligatoria correspondiente. Dada la importancia de lo anterior, se recomienda al Usuario leerlas cada vez que visite el Sitio Web.<\/p>\n<p data-start=\"2780\" data-end=\"2985\">El sitio web de <a class=\"decorated-link\" href=\"https:\/\/esentyaestate.com\/\" target=\"_new\" rel=\"noopener\" data-start=\"2795\" data-end=\"2821\">https:\/\/esentyaestate.com\/<\/a> Proporciona una gran variedad de informaci\u00f3n, servicios y datos. El Usuario asume la responsabilidad del uso adecuado del Sitio Web. Esta responsabilidad se extender\u00e1 a:<\/p>\n<ul data-start=\"2987\" data-end=\"3775\">\n<li data-start=\"2987\" data-end=\"3276\">\n<p data-start=\"2989\" data-end=\"3276\">Uso de la informaci\u00f3n, Contenidos y\/o Servicios y datos ofrecidos por <a class=\"decorated-link\" href=\"https:\/\/esentyaestate.com\/\" target=\"_new\" rel=\"noopener\" data-start=\"3058\" data-end=\"3084\">https:\/\/esentyaestate.com\/<\/a> sin ser contrario a estas Condiciones, la Ley, la moral o el orden p\u00fablico, o de cualquier otra forma que pueda causar da\u00f1o a los derechos de terceros o al funcionamiento del Sitio Web.<\/p>\n<\/li>\n<li data-start=\"3277\" data-end=\"3775\">\n<p data-start=\"3279\" data-end=\"3775\">La veracidad y legalidad de la informaci\u00f3n proporcionada por el Usuario en los formularios emitidos por <a class=\"decorated-link\" href=\"https:\/\/esentyaestate.com\/\" target=\"_new\" rel=\"noopener\" data-start=\"3372\" data-end=\"3398\">https:\/\/esentyaestate.com\/<\/a> para acceder a determinados Contenidos o Servicios ofrecidos por el Sitio web. En cualquier caso, el Usuario deber\u00e1 notificar inmediatamente <a class=\"decorated-link\" href=\"https:\/\/esentyaestate.com\/\" target=\"_new\" rel=\"noopener\" data-start=\"3513\" data-end=\"3539\">https:\/\/esentyaestate.com\/<\/a> de cualquier hecho que permita el uso indebido de la informaci\u00f3n registrada en dichos formularios, tales como, pero no limitado a, robo, p\u00e9rdida o acceso no autorizado a identificadores y\/o contrase\u00f1as, para proceder a su cancelaci\u00f3n inmediata.<\/p>\n<\/li>\n<\/ul>\n<p data-start=\"3777\" data-end=\"4117\"><a class=\"decorated-link\" href=\"https:\/\/esentyaestate.com\/\" target=\"_new\" rel=\"noopener\" data-start=\"3777\" data-end=\"3803\">https:\/\/esentyaestate.com\/<\/a> Se reserva el derecho de eliminar todos los comentarios y contribuciones que infrinjan la ley, el respeto a la dignidad de la persona, que sean discriminatorios, xen\u00f3fobos, racistas, pornogr\u00e1ficos, spam, que sean perjudiciales para los j\u00f3venes o los ni\u00f1os, el orden o la seguridad p\u00fablica o que, a su juicio, no sean adecuados para su publicaci\u00f3n.<\/p>\n<p data-start=\"4119\" data-end=\"4293\">En todo caso, <a class=\"decorated-link\" href=\"https:\/\/esentyaestate.com\/\" target=\"_new\" rel=\"noopener\" data-start=\"4132\" data-end=\"4158\">https:\/\/esentyaestate.com\/<\/a> No ser\u00e1 responsable de las opiniones expresadas por los Usuarios a trav\u00e9s de comentarios u otras herramientas de blogueo o participaci\u00f3n que puedan existir.<\/p>\n<p data-start=\"4295\" data-end=\"4443\">El mero acceso a este sitio web no implica el establecimiento de ning\u00fan tipo de relaci\u00f3n comercial entre <a class=\"decorated-link\" href=\"https:\/\/esentyaestate.com\/\" target=\"_new\" rel=\"noopener\" data-start=\"4403\" data-end=\"4429\">https:\/\/esentyaestate.com\/<\/a> y el Usuario.<\/p>\n<p data-start=\"4445\" data-end=\"4598\">Este sitio web, siempre sujeto a la legislaci\u00f3n vigente, est\u00e1 dirigido a todas las personas, independientemente de su edad, que puedan acceder a \u00e9l o navegar por sus p\u00e1ginas.<\/p>\n<p data-start=\"4600\" data-end=\"5122\">El sitio web est\u00e1 dirigido principalmente a usuarios residentes en Espa\u00f1a.<br data-start=\"4655\" data-end=\"4658\" \/><a class=\"decorated-link\" href=\"https:\/\/esentyaestate.com\/\" target=\"_new\" rel=\"noopener\" data-start=\"4658\" data-end=\"4684\">https:\/\/esentyaestate.com\/<\/a> no garantiza que el Sitio web cumpla con las leyes de otros pa\u00edses, ya sea total o parcialmente. Si el Usuario reside o est\u00e1 domiciliado en otro lugar y decide acceder y\/o navegar por el Sitio web, lo har\u00e1 bajo su propia responsabilidad; deber\u00e1 asegurarse de que dicho acceso y navegaci\u00f3n cumplan con la legislaci\u00f3n local aplicable, y <a class=\"decorated-link\" href=\"https:\/\/esentyaestate.com\/\" target=\"_new\" rel=\"noopener\" data-start=\"5027\" data-end=\"5053\">https:\/\/esentyaestate.com\/<\/a> No asumir\u00e1 ninguna responsabilidad que pueda derivarse de dicho acceso.<\/p>\n<h2 data-start=\"5129\" data-end=\"5209\"><strong data-start=\"5132\" data-end=\"5209\">ACCESO Y NAVEGACI\u00d3N EN EL SITIO WEB: EXCLUSI\u00d3N DE GARANT\u00cdAS Y RESPONSABILIDAD<\/strong><\/h2>\n<p data-start=\"5211\" data-end=\"5563\"><a class=\"decorated-link\" href=\"https:\/\/esentyaestate.com\/\" target=\"_new\" rel=\"noopener\" data-start=\"5211\" data-end=\"5237\">https:\/\/esentyaestate.com\/<\/a> no garantiza la continuidad, disponibilidad y utilidad del Sitio web, ni de los Contenidos o Servicios. <a class=\"decorated-link\" href=\"https:\/\/esentyaestate.com\/\" target=\"_new\" rel=\"noopener\" data-start=\"5350\" data-end=\"5376\">https:\/\/esentyaestate.com\/<\/a> Haremos todo lo posible para garantizar el correcto funcionamiento del sitio web; sin embargo, no asumimos ni garantizamos que el acceso a este sitio web sea ininterrumpido o est\u00e9 libre de errores.<\/p>\n<p data-start=\"5565\" data-end=\"6038\">Tampoco asume ni garantiza que el contenido o el software al que se pueda acceder a trav\u00e9s de este sitio web est\u00e9 libre de errores o pueda causar da\u00f1os al sistema inform\u00e1tico del usuario (software y hardware). Bajo ninguna circunstancia se <a class=\"decorated-link\" href=\"https:\/\/esentyaestate.com\/\" target=\"_new\" rel=\"noopener\" data-start=\"5794\" data-end=\"5820\">https:\/\/esentyaestate.com\/<\/a> no ser\u00e1 responsable de ninguna p\u00e9rdida, da\u00f1o o perjuicio de cualquier tipo que surja del acceso, la navegaci\u00f3n y el uso del Sitio web, incluidos, pero no limitados a, da\u00f1os a sistemas inform\u00e1ticos o da\u00f1os causados por la introducci\u00f3n de virus.<\/p>\n<p data-start=\"6040\" data-end=\"6306\"><a class=\"decorated-link\" href=\"https:\/\/esentyaestate.com\/\" target=\"_new\" rel=\"noopener\" data-start=\"6040\" data-end=\"6066\">https:\/\/esentyaestate.com\/<\/a> Tampoco ser\u00e1 responsable de los da\u00f1os que puedan ocasionarse a los Usuarios por el uso indebido de este Sitio Web. En particular, no ser\u00e1 responsable en modo alguno de las ca\u00eddas, interrupciones, faltas o defectos en las telecomunicaciones que pudieran producirse.<\/p>\n<p data-start=\"6308\" data-end=\"6588\">Por la presente se informa que el sitio web de <a class=\"decorated-link\" href=\"https:\/\/esentyaestate.com\/\" target=\"_new\" rel=\"noopener\" data-start=\"6350\" data-end=\"6376\">https:\/\/esentyaestate.com\/<\/a> Proporciona o puede proporcionar a los Usuarios herramientas de enlace (tales como, entre otras, enlaces, banners, botones), directorios y motores de b\u00fasqueda que permiten a los Usuarios acceder a sitios web pertenecientes a terceros o gestionados por ellos.<\/p>\n<p data-start=\"6590\" data-end=\"6863\">La instalaci\u00f3n de estos enlaces, directorios y motores de b\u00fasqueda en el sitio web tiene como finalidad facilitar a los usuarios la b\u00fasqueda y el acceso a la informaci\u00f3n disponible en Internet, y no debe considerarse una sugerencia, recomendaci\u00f3n o invitaci\u00f3n a visitarlos.<\/p>\n<p data-start=\"6865\" data-end=\"7019\"><a class=\"decorated-link\" href=\"https:\/\/esentyaestate.com\/\" target=\"_new\" rel=\"noopener\" data-start=\"6865\" data-end=\"6891\">https:\/\/esentyaestate.com\/<\/a> No ofrece ni vende, ni por s\u00ed misma ni a trav\u00e9s de terceros, los productos y\/o servicios disponibles en dichos sitios enlazados.<\/p>\n<p data-start=\"7021\" data-end=\"7197\">Asimismo, no garantiza la disponibilidad t\u00e9cnica, exactitud, veracidad, validez o legalidad de los sitios ajenos a su propiedad a los que se pueda acceder a trav\u00e9s de los enlaces.<\/p>\n<p data-start=\"7199\" data-end=\"7446\"><a class=\"decorated-link\" href=\"https:\/\/esentyaestate.com\/\" target=\"_new\" rel=\"noopener\" data-start=\"7199\" data-end=\"7225\">https:\/\/esentyaestate.com\/<\/a> No revisar\u00e1 ni controlar\u00e1 el contenido de otros sitios web en ning\u00fan caso, ni aprueba, examina ni respalda los productos y servicios, el contenido, los archivos y cualquier otro material existente en los sitios enlazados mencionados anteriormente.<\/p>\n<p data-start=\"7448\" data-end=\"7730\"><a class=\"decorated-link\" href=\"https:\/\/esentyaestate.com\/\" target=\"_new\" rel=\"noopener\" data-start=\"7448\" data-end=\"7474\">https:\/\/esentyaestate.com\/<\/a> no asume ninguna responsabilidad por los da\u00f1os que puedan surgir del acceso, uso, calidad o legalidad de los contenidos, comunicaciones, opiniones, productos y servicios de sitios web no gestionados por <a class=\"decorated-link\" href=\"https:\/\/esentyaestate.com\/\" target=\"_new\" rel=\"noopener\" data-start=\"7666\" data-end=\"7692\">https:\/\/esentyaestate.com\/<\/a> y que est\u00e1n enlazadas en este sitio web.<\/p>\n<h2 data-start=\"7737\" data-end=\"7754\"><strong data-start=\"7740\" data-end=\"7754\">HIPERV\u00cdNCULOS<\/strong><\/h2>\n<p data-start=\"7756\" data-end=\"7889\">El Usuario o tercero que crea un hiperv\u00ednculo desde otro sitio web al Sitio web de <a class=\"decorated-link\" href=\"https:\/\/esentyaestate.com\/\" target=\"_new\" rel=\"noopener\" data-start=\"7843\" data-end=\"7869\">https:\/\/esentyaestate.com\/<\/a> Debe tener en cuenta que:<\/p>\n<ul data-start=\"7891\" data-end=\"8466\">\n<li data-start=\"7891\" data-end=\"8061\">\n<p data-start=\"7893\" data-end=\"8061\">No se permite la reproducci\u00f3n \u2014total o parcial\u2014 de ninguno de los Contenidos y\/o Servicios del Sitio Web sin la autorizaci\u00f3n expresa de <a class=\"decorated-link\" href=\"https:\/\/esentyaestate.com\/\" target=\"_new\" rel=\"noopener\" data-start=\"8033\" data-end=\"8059\">https:\/\/esentyaestate.com\/<\/a><\/p>\n<\/li>\n<li data-start=\"8062\" data-end=\"8225\">\n<p data-start=\"8064\" data-end=\"8225\">No se permite ninguna declaraci\u00f3n falsa, inexacta o incorrecta sobre el sitio web de <a class=\"decorated-link\" href=\"https:\/\/esentyaestate.com\/\" target=\"_new\" rel=\"noopener\" data-start=\"8129\" data-end=\"8155\">https:\/\/esentyaestate.com\/<\/a> ni sobre los Contenidos y\/o Servicios del Sitio Web est\u00e1 permitido.<\/p>\n<\/li>\n<li data-start=\"8226\" data-end=\"8466\">\n<p data-start=\"8228\" data-end=\"8466\">Excepto por el hiperv\u00ednculo, el sitio web en el que se establece dicho hiperv\u00ednculo no deber\u00e1 contener ning\u00fan elemento de este sitio web protegido como propiedad intelectual seg\u00fan la ley espa\u00f1ola, a menos que est\u00e9 expresamente autorizado por <a class=\"decorated-link\" href=\"https:\/\/esentyaestate.com\/\" target=\"_new\" rel=\"noopener\" data-start=\"8438\" data-end=\"8464\">https:\/\/esentyaestate.com\/<\/a><\/p>\n<\/li>\n<\/ul>\n<p data-start=\"8468\" data-end=\"8780\">El establecimiento del hiperv\u00ednculo no implicar\u00e1 la existencia de relaciones entre <a class=\"decorated-link\" href=\"https:\/\/esentyaestate.com\/\" target=\"_new\" rel=\"noopener\" data-start=\"8554\" data-end=\"8580\">https:\/\/esentyaestate.com\/<\/a> y el propietario del sitio web desde el que se realiza, ni el conocimiento y la aceptaci\u00f3n por <a class=\"decorated-link\" href=\"https:\/\/esentyaestate.com\/\" target=\"_new\" rel=\"noopener\" data-start=\"8669\" data-end=\"8695\">https:\/\/esentyaestate.com\/<\/a> de los contenidos, servicios y\/o actividades ofrecidos en dicho sitio web, y viceversa.<\/p>\n<p data-start=\"8782\" data-end=\"8903\"><em data-start=\"8782\" data-end=\"8903\">(Nota: El p\u00e1rrafo duplicado en espa\u00f1ol se mantiene deliberadamente tal cual, de acuerdo con su solicitud de traducci\u00f3n literal).<\/em><\/p>\n<p data-start=\"8905\" data-end=\"9038\">El Usuario o tercero que crea un hiperv\u00ednculo desde otro sitio web al Sitio web de <a class=\"decorated-link\" href=\"https:\/\/esentyaestate.com\/\" target=\"_new\" rel=\"noopener\" data-start=\"8992\" data-end=\"9018\">https:\/\/esentyaestate.com\/<\/a> Debe tener en cuenta que:<\/p>\n<ul data-start=\"9040\" data-end=\"9615\">\n<li data-start=\"9040\" data-end=\"9210\">\n<p data-start=\"9042\" data-end=\"9210\">No se permite la reproducci\u00f3n \u2014total o parcial\u2014 de ninguno de los Contenidos y\/o Servicios del Sitio Web sin la autorizaci\u00f3n expresa de <a class=\"decorated-link\" href=\"https:\/\/esentyaestate.com\/\" target=\"_new\" rel=\"noopener\" data-start=\"9182\" data-end=\"9208\">https:\/\/esentyaestate.com\/<\/a><\/p>\n<\/li>\n<li data-start=\"9211\" data-end=\"9374\">\n<p data-start=\"9213\" data-end=\"9374\">No se permite ninguna declaraci\u00f3n falsa, inexacta o incorrecta sobre el sitio web de <a class=\"decorated-link\" href=\"https:\/\/esentyaestate.com\/\" target=\"_new\" rel=\"noopener\" data-start=\"9278\" data-end=\"9304\">https:\/\/esentyaestate.com\/<\/a> ni sobre los Contenidos y\/o Servicios del Sitio Web est\u00e1 permitido.<\/p>\n<\/li>\n<li data-start=\"9375\" data-end=\"9615\">\n<p data-start=\"9377\" data-end=\"9615\">Excepto por el hiperv\u00ednculo, el sitio web en el que se establece dicho hiperv\u00ednculo no deber\u00e1 contener ning\u00fan elemento de este sitio web protegido como propiedad intelectual seg\u00fan la ley espa\u00f1ola, a menos que est\u00e9 expresamente autorizado por <a class=\"decorated-link\" href=\"https:\/\/esentyaestate.com\/\" target=\"_new\" rel=\"noopener\" data-start=\"9587\" data-end=\"9613\">https:\/\/esentyaestate.com\/<\/a><\/p>\n<\/li>\n<\/ul>\n<p data-start=\"9617\" data-end=\"9929\">El establecimiento del hiperv\u00ednculo no implicar\u00e1 la existencia de relaciones entre <a class=\"decorated-link\" href=\"https:\/\/esentyaestate.com\/\" target=\"_new\" rel=\"noopener\" data-start=\"9703\" data-end=\"9729\">https:\/\/esentyaestate.com\/<\/a> y el propietario del sitio web desde el que se realiza, ni el conocimiento y la aceptaci\u00f3n por <a class=\"decorated-link\" href=\"https:\/\/esentyaestate.com\/\" target=\"_new\" rel=\"noopener\" data-start=\"9818\" data-end=\"9844\">https:\/\/esentyaestate.com\/<\/a> de los contenidos, servicios y\/o actividades ofrecidos en dicho sitio web, y viceversa.<\/p>\n<h2 data-start=\"9936\" data-end=\"9979\"><strong data-start=\"9939\" data-end=\"9979\">PROPIEDAD INTELECTUAL E INDUSTRIAL<\/strong><\/h2>\n<p data-start=\"9981\" data-end=\"10625\"><a class=\"decorated-link\" href=\"https:\/\/esentyaestate.com\/\" target=\"_new\" rel=\"noopener\" data-start=\"9981\" data-end=\"10007\">https:\/\/esentyaestate.com\/<\/a>, por s\u00ed misma o como cesionaria, es titular de todos los derechos de propiedad intelectual e industrial del Sitio Web, as\u00ed como de los elementos contenidos en el mismo (incluyendo, entre otros, im\u00e1genes, sonido, audio, v\u00eddeo, software o textos, marcas o logotipos, combinaciones de colores, estructura y dise\u00f1o, selecci\u00f3n de materiales utilizados, programas inform\u00e1ticos necesarios para su funcionamiento, acceso y uso, etc.). Por lo tanto, se considerar\u00e1n obras protegidas como propiedad intelectual por la legislaci\u00f3n espa\u00f1ola, siendo aplicable tanto la legislaci\u00f3n espa\u00f1ola como la de la UE en esta materia, as\u00ed como los tratados internacionales relacionados con la materia y suscritos por Espa\u00f1a.<\/p>\n<p data-start=\"10627\" data-end=\"11000\">Todos los derechos reservados. De conformidad con lo dispuesto en la Ley de Propiedad Intelectual, queda prohibida la reproducci\u00f3n, distribuci\u00f3n y comunicaci\u00f3n p\u00fablica, incluyendo la puesta a disposici\u00f3n, de la totalidad o parte de los contenidos de este sitio web con fines comerciales, en cualquier soporte y por cualquier medio t\u00e9cnico, sin la autorizaci\u00f3n de <a class=\"decorated-link\" href=\"https:\/\/esentyaestate.com\/\" target=\"_new\" rel=\"noopener\" data-start=\"10947\" data-end=\"10973\">https:\/\/esentyaestate.com\/<\/a>, est\u00e1n expresamente prohibidos.<\/p>\n<p data-start=\"11002\" data-end=\"11418\">El Usuario se compromete a respetar los derechos de propiedad intelectual e industrial de <a class=\"decorated-link\" href=\"https:\/\/esentyaestate.com\/\" target=\"_new\" rel=\"noopener\" data-start=\"11084\" data-end=\"11110\">https:\/\/esentyaestate.com\/<\/a>El Usuario podr\u00e1 visualizar los elementos del Sitio Web, as\u00ed como imprimirlos, copiarlos y almacenarlos en el disco duro de su ordenador o en cualquier otro soporte f\u00edsico, siempre que sea exclusivamente para uso personal. Sin embargo, el Usuario no podr\u00e1 eliminar, alterar ni manipular ning\u00fan dispositivo de protecci\u00f3n o sistema de seguridad instalado en el Sitio Web.<\/p>\n<p data-start=\"11420\" data-end=\"11720\">Si el Usuario o un tercero considera que alguno de los Contenidos del Sitio Web implica una violaci\u00f3n de los derechos de protecci\u00f3n de la propiedad intelectual, deber\u00e1 notificarlo inmediatamente. <a class=\"decorated-link\" href=\"https:\/\/esentyaestate.com\/\" target=\"_new\" rel=\"noopener\" data-start=\"11584\" data-end=\"11610\">https:\/\/esentyaestate.com\/<\/a> a trav\u00e9s de los datos de contacto que figuran en la secci\u00f3n INFORMACI\u00d3N GENERAL de este Aviso Legal y Condiciones Generales de Uso.<\/p>\n<h2 data-start=\"11727\" data-end=\"11780\"><strong data-start=\"11730\" data-end=\"11780\">ACCIONES LEGALES, LEY APLICABLE Y JURISDICCI\u00d3N<\/strong><\/h2>\n<p data-start=\"11782\" data-end=\"11965\"><a class=\"decorated-link\" href=\"https:\/\/esentyaestate.com\/\" target=\"_new\" rel=\"noopener\" data-start=\"11782\" data-end=\"11808\">https:\/\/esentyaestate.com\/<\/a> Se reserva el derecho de iniciar cualquier acci\u00f3n civil o penal que considere necesaria por el uso indebido del Sitio Web y sus Contenidos, o por el incumplimiento de estas Condiciones.<\/p>\n<p data-start=\"11967\" data-end=\"12330\">La relaci\u00f3n entre el Usuario y <a class=\"decorated-link\" href=\"https:\/\/esentyaestate.com\/\" target=\"_new\" rel=\"noopener\" data-start=\"12005\" data-end=\"12031\">https:\/\/esentyaestate.com\/<\/a> Se regir\u00e1n por la legislaci\u00f3n vigente en Espa\u00f1a. En caso de surgir alguna controversia respecto a la interpretaci\u00f3n y\/o aplicaci\u00f3n de estas Condiciones, las partes someter\u00e1n sus disputas a la jurisdicci\u00f3n ordinaria, a los jueces y juzgados que correspondan seg\u00fan la ley.<\/p>\n<p data-start=\"12332\" data-end=\"12366\"><strong data-start=\"12332\" data-end=\"12366\">\u00daltima modificaci\u00f3n: 12 de mayo de 2025<\/strong><\/p>","protected":false},"excerpt":{"rendered":"<p>LEGAL NOTICE https:\/\/esentyaestate.com\/ GENERAL INFORMATION In compliance with the duty of information set forth in Law 34\/2002 on Information Society Services and Electronic Commerce (LSSI-CE) of 11 July, the following general information data for this website are provided below:https:\/\/esentyaestate.com\/ The ownership of this website, https:\/\/esentyaestate.com\/, (hereinafter, Website) is held by: ESENTYA ESTATE &amp; PROMOTIONS S.L, with Tax ID: B10715092, whose contact details are:CALLE MAYOR, &#8230;<\/p>","protected":false},"author":1,"featured_media":0,"parent":0,"menu_order":0,"comment_status":"closed","ping_status":"closed","template":"page-templates\/terms_conditions.php","meta":{"inline_featured_image":false,"footnotes":""},"class_list":["post-5275","page","type-page","status-publish","hentry"],"_links":{"self":[{"href":"https:\/\/web.esentyaestate.com\/spa\/wp-json\/wp\/v2\/pages\/5275","targetHints":{"allow":["GET"]}}],"collection":[{"href":"https:\/\/web.esentyaestate.com\/spa\/wp-json\/wp\/v2\/pages"}],"about":[{"href":"https:\/\/web.esentyaestate.com\/spa\/wp-json\/wp\/v2\/types\/page"}],"author":[{"embeddable":true,"href":"https:\/\/web.esentyaestate.com\/spa\/wp-json\/wp\/v2\/users\/1"}],"replies":[{"embeddable":true,"href":"https:\/\/web.esentyaestate.com\/spa\/wp-json\/wp\/v2\/comments?post=5275"}],"version-history":[{"count":2,"href":"https:\/\/web.esentyaestate.com\/spa\/wp-json\/wp\/v2\/pages\/5275\/revisions"}],"predecessor-version":[{"id":21941,"href":"https:\/\/web.esentyaestate.com\/spa\/wp-json\/wp\/v2\/pages\/5275\/revisions\/21941"}],"wp:attachment":[{"href":"https:\/\/web.esentyaestate.com\/spa\/wp-json\/wp\/v2\/media?parent=5275"}],"curies":[{"name":"wp","href":"https:\/\/api.w.org\/{rel}","templated":true}]}}