{"id":22897,"date":"2025-12-09T11:49:25","date_gmt":"2025-12-09T11:49:25","guid":{"rendered":"https:\/\/web.esentyaestate.com\/?page_id=22897"},"modified":"2025-12-18T15:01:25","modified_gmt":"2025-12-18T15:01:25","slug":"sell-with-us","status":"publish","type":"page","link":"https:\/\/web.esentyaestate.com\/spa\/sell-with-us\/","title":{"rendered":"Vende con nosotros"},"content":{"rendered":"<div data-elementor-type=\"wp-page\" data-elementor-id=\"22897\" class=\"elementor elementor-22897\" data-elementor-post-type=\"page\">\n\t\t\t\t<div class=\"elementor-element elementor-element-1f8c4a0d e-flex e-con-boxed e-con e-parent\" data-id=\"1f8c4a0d\" data-element_type=\"container\" data-settings=\"{&quot;background_background&quot;:&quot;slideshow&quot;,&quot;background_slideshow_slide_duration&quot;:10000,&quot;background_slideshow_gallery&quot;:[{&quot;id&quot;:22916,&quot;url&quot;:&quot;https:\\\/\\\/web.esentyaestate.com\\\/wp-content\\\/uploads\\\/2025\\\/12\\\/category-footer3-webp.webp&quot;},{&quot;id&quot;:22917,&quot;url&quot;:&quot;https:\\\/\\\/web.esentyaestate.com\\\/wp-content\\\/uploads\\\/2025\\\/12\\\/category-footer2-webp.webp&quot;}],&quot;background_slideshow_lazyload&quot;:&quot;yes&quot;,&quot;background_slideshow_ken_burns&quot;:&quot;yes&quot;,&quot;background_slideshow_loop&quot;:&quot;yes&quot;,&quot;background_slideshow_slide_transition&quot;:&quot;fade&quot;,&quot;background_slideshow_transition_duration&quot;:500,&quot;background_slideshow_ken_burns_zoom_direction&quot;:&quot;in&quot;}\">\n\t\t\t\t\t<div class=\"e-con-inner\">\n\t\t<div class=\"elementor-element elementor-element-1029d59 e-con-full e-flex e-con e-child\" data-id=\"1029d59\" data-element_type=\"container\">\n\t\t\t\t<div class=\"elementor-element elementor-element-17c471c7 elementor-widget elementor-widget-heading\" data-id=\"17c471c7\" data-element_type=\"widget\" data-widget_type=\"heading.default\">\n\t\t\t\t\t<h2 class=\"elementor-heading-title elementor-size-default\">\u00bfQuieres saber el valor de tu propiedad?<\/h2>\t\t\t\t<\/div>\n\t\t\t\t<div class=\"elementor-element elementor-element-24322dd7 elementor-widget elementor-widget-heading\" data-id=\"24322dd7\" data-element_type=\"widget\" data-widget_type=\"heading.default\">\n\t\t\t\t\t<h2 class=\"elementor-heading-title elementor-size-default\">\nConozca el valor real de su propiedad mediante un proceso de valoraci\u00f3n exhaustivo y profesional. Nuestro equipo de expertos eval\u00faa minuciosamente diversos factores, como la ubicaci\u00f3n, el tama\u00f1o, el estado y las tendencias recientes del mercado, para ofrecerle una estimaci\u00f3n precisa del valor de su vivienda.<\/h2>\t\t\t\t<\/div>\n\t\t\t\t<\/div>\n\t\t<div class=\"elementor-element elementor-element-55baafb3 e-flex e-con-boxed e-con e-child\" data-id=\"55baafb3\" data-element_type=\"container\" data-settings=\"{&quot;background_background&quot;:&quot;classic&quot;}\">\n\t\t\t\t\t<div class=\"e-con-inner\">\n\t\t\t\t<div class=\"elementor-element elementor-element-31b873a elementor-button-align-center elementor-widget elementor-widget-WpResidence_Contact_Form_Builder\" data-id=\"31b873a\" data-element_type=\"widget\" data-widget_type=\"WpResidence_Contact_Form_Builder.default\">\n\t\t\t\t<div class=\"elementor-widget-container\">\n\t\t\t\t\t\n\n\n\n\n        <form class=\"elementor-form wpresidence_elementor_form wpestate_contact_form_parent\"  id=\"wpresidence-elementor-form-31b873a\" method=\"post\" action=\"\" >\n            <div class=\"alert-box error\">\n                <div class=\"alert-message\" id=\"alert-agent-contact\"><\/div>\n            <\/div>\n            <input name=\"prop_id\" type=\"hidden\"  id=\"agent_property_id\" value=\"\">\n            <input name=\"prop_id\" type=\"hidden\"  id=\"agent_id\" value=\"\">\n            <input name=\"prop_id\" type=\"hidden\"  id=\"contact_form_elementor\" value=\"1\">\n            <input type=\"hidden\" name=\"contact_ajax_nonce\" id=\"agent_property_ajax_nonce\"  value=\"33f5f58628\" \/>\n\n            \n            \n            <input type=\"hidden\" id=\"wpresidence_form_id\" name=\"wpresidence_form_id\" value=\"wpresidence_form_7934\" \/>\n        \n            <input type=\"hidden\" id=\"elementor_email_subject\" name=\"email_suject\" value=\"New email from Sell with us\" \/>\n\n\n            <div class=\"elementor-form-fields-wrapper elementor-labels-above\">\n        <div class=\"elementor-field-group elementor-column form-group elementor-field-group-24f699d elementor-col-100\"><label for=\"form-field-24f699d\" class=\"elementor-field-label elementor-screen-only\">Nombre de pila<\/label><input type=\"text\" name=\"name\" id=\"form-field-24f699d\" class=\"elementor-field form-control elementor-size-md elementor-field-textual\" placeholder=\"Nombre completo\"><\/div><div class=\"elementor-field-group elementor-column form-group elementor-field-group-email elementor-field-required elementor-col-100\"><label for=\"form-field-email\" class=\"elementor-field-label elementor-screen-only\">Correo electr\u00f3nico*<\/label><input type=\"email\" name=\"email\" id=\"form-field-email\" class=\"elementor-field form-control elementor-size-md elementor-field-textual\" required=\"required\" placeholder=\"Correo electr\u00f3nico\"><\/div><div class=\"elementor-field-group elementor-column form-group elementor-field-group-message elementor-field-required elementor-col-100\"><label for=\"form-field-message\" class=\"elementor-field-label elementor-screen-only\">M\u00f3vil*<\/label><input type=\"text\" name=\"mobile\" id=\"form-field-message\" class=\"elementor-field form-control elementor-size-md elementor-field-textual\" required=\"required\" placeholder=\"Tel\u00e9fono\"><\/div><div class=\"elementor-field-group elementor-column form-group elementor-field-group-f1e07cd elementor-field-required elementor-col-100\"><label for=\"form-field-f1e07cd\" class=\"elementor-field-label elementor-screen-only\">Mensaje*<\/label><textarea class=\"form-control elementor-field-textual elementor-field elementor-size-md\" name=\"message\" id=\"form-field-f1e07cd\" rows=\"4\" required=\"required\" placeholder=\"A\u00f1ade una breve descripci\u00f3n sobre tu propiedad\"><\/textarea><\/div>\n                <div class=\"elementor-field-group elementor-column elementor-field-type-submit elementor-col-100\">\n        <div class=\"gpr_wrapper\"><input type=\"checkbox\"  role=\"checkbox\" aria-checked=\"false\" id=\"wpestate_agree_gdpr\" class=\"wpestate_agree_gdpr\" name=\"wpestate_agree_gdpr\" \/>\n                    <label for=\"wpestate_agree_gdpr\"><a target=\"_blank\" href=\"https:\/\/web.esentyaestate.com\/spa\/\">Al activar el check de &quot;Lectura y Aceptaci\u00f3n&quot; de nuestra Pol\u00edtica de Privacidad, usted est\u00e1 indicando que ha le\u00eddo, entiende, acepta y autoriza todas las cl\u00e1usulas especificadas para recogida, almacenamiento y el tratamiento de sus datos personales. Ver nuestra Pol\u00edtica de Privacidad.<\/a><\/label><\/div>\n\t\t\t\t\t\t\t\t\t\t\t\t                    <button type=\"submit\" class=\"agent_submit_class_elementor wpresidence_button wpresidence_button_elementor elementor-button elementor-size-md\">\n                    Enviar correo electr\u00f3nico                            <\/button>\n\n                <\/div>\n            <\/div>\n\n\n\n        <input type=\"hidden\" name=\"trp-form-language\" value=\"spa\"\/><\/form>\n\n\n\n\n        \t\t\t\t<\/div>\n\t\t\t\t<\/div>\n\t\t\t\t\t<\/div>\n\t\t\t\t<\/div>\n\t\t\t\t\t<\/div>\n\t\t\t\t<\/div>\n\t\t<div class=\"elementor-element elementor-element-7351f3a0 e-flex e-con-boxed e-con e-parent\" data-id=\"7351f3a0\" data-element_type=\"container\" data-settings=\"{&quot;background_background&quot;:&quot;classic&quot;}\">\n\t\t\t\t\t<div class=\"e-con-inner\">\n\t\t\t\t<div class=\"elementor-element elementor-element-baf9eea elementor-invisible elementor-widget elementor-widget-Wpresidence_Sliding_Box\" data-id=\"baf9eea\" data-element_type=\"widget\" data-settings=\"{&quot;_animation&quot;:&quot;fadeIn&quot;}\" data-widget_type=\"Wpresidence_Sliding_Box.default\">\n\t\t\t\t<div class=\"elementor-widget-container\">\n\t\t\t\t\t<div class=\"wpestate_sliding_box_wrapper\">            <div class=\"wpestate_sliding_box active-element slider_box_size_3\">\n                <div class=\"sliding-image\" style=\"background-image:url(https:\/\/web.esentyaestate.com\/wp-content\/uploads\/2025\/12\/inspection_esentya.jpg)\"><\/div>\n                <div class=\"sliding-content-wrapper\">\n                    <h4>Inspecciones<\/h4>\n                    <p>Durante una inspecci\u00f3n, revisamos la casa en detalle y encontramos informaci\u00f3n esencial que los compradores potenciales encontrar\u00e1n interesante. Esta inspecci\u00f3n sirve como base para determinar el valor de la vivienda. Queremos conocerle como cliente para que podamos trabajar juntos y desarrollar la estrategia de venta ideal para su casa. La inspecci\u00f3n es completamente gratuita y sin compromiso.<\/p>\n                    <div class=\"sliding-content-action\">\n                        <a class=\"wpresidence_button\" href=\"\"  rel=\"nofollow\"><span class=\"\"><\/span> <\/a>\n                    <\/div>\n                <\/div>\n            <\/div>\n                        <div class=\"wpestate_sliding_box  slider_box_size_3\">\n                <div class=\"sliding-image\" style=\"background-image:url(https:\/\/web.esentyaestate.com\/wp-content\/uploads\/2025\/12\/advertising_marketing_esentya.jpg)\"><\/div>\n                <div class=\"sliding-content-wrapper\">\n                    <h4>Publicidad y marketing<\/h4>\n                    <p>Llegar al mayor n\u00famero posible de compradores potenciales es fundamental en las ventas de viviendas, y cientos de ellos reciben nuestros boletines informativos. Promocionamos nuestras propiedades en los portales inmobiliarios m\u00e1s grandes e importantes del mundo y colaboramos con otros agentes inmobiliarios de renombre especializados en mercados distintos al nuestro. Entre los mercados m\u00e1s importantes que cabe destacar se encuentran B\u00e9lgica, Alemania, Pa\u00edses Bajos, Francia, Reino Unido, Espa\u00f1a y el resto de Escandinavia.<\/p>\n                    <div class=\"sliding-content-action\">\n                        <a class=\"wpresidence_button\" href=\"\"  rel=\"nofollow\"><span class=\"\"><\/span> <\/a>\n                    <\/div>\n                <\/div>\n            <\/div>\n            <\/div>\t\t\t\t<\/div>\n\t\t\t\t<\/div>\n\t\t\t\t<div class=\"elementor-element elementor-element-9062453 elementor-invisible elementor-widget elementor-widget-Wpresidence_Sliding_Box\" data-id=\"9062453\" data-element_type=\"widget\" data-settings=\"{&quot;_animation&quot;:&quot;fadeIn&quot;}\" data-widget_type=\"Wpresidence_Sliding_Box.default\">\n\t\t\t\t<div class=\"elementor-widget-container\">\n\t\t\t\t\t<div class=\"wpestate_sliding_box_wrapper\">            <div class=\"wpestate_sliding_box  slider_box_size_3\">\n                <div class=\"sliding-image\" style=\"background-image:url(https:\/\/web.esentyaestate.com\/wp-content\/uploads\/2025\/12\/staging_the_property_esentya.jpg)\"><\/div>\n                <div class=\"sliding-content-wrapper\">\n                    <h4>Puesta en escena de la propiedad<\/h4>\n                    <p>Uno de los componentes m\u00e1s cruciales para una venta exitosa de una casa es la presentaci\u00f3n; creemos que todo est\u00e1 en los detalles. Trabajamos con un fot\u00f3grafo y un estilista talentosos, y ofrecemos cualquier servicio de estilismo virtual que necesite. Tambi\u00e9n ofrecemos vistas de 360 grados, im\u00e1genes de dron y una presentaci\u00f3n en video de la propiedad. Trabajaremos juntos para seleccionar el paquete perfecto para su hogar.<\/p>\n                    <div class=\"sliding-content-action\">\n                        <a class=\"wpresidence_button\" href=\"\"  rel=\"nofollow\"><span class=\"\"><\/span> <\/a>\n                    <\/div>\n                <\/div>\n            <\/div>\n                        <div class=\"wpestate_sliding_box active-element slider_box_size_3\">\n                <div class=\"sliding-image\" style=\"background-image:url(https:\/\/web.esentyaestate.com\/wp-content\/uploads\/2025\/12\/settlement_esentya.jpg)\"><\/div>\n                <div class=\"sliding-content-wrapper\">\n                    <h4>Asentamiento<\/h4>\n                    <p>Uno de los componentes m\u00e1s cruciales para una venta exitosa de una casa es la presentaci\u00f3n; creemos que todo est\u00e1 en los detalles. Trabajamos con un fot\u00f3grafo y un estilista talentosos, y ofrecemos cualquier servicio de estilismo virtual que necesite. Tambi\u00e9n ofrecemos vistas de 360 grados, im\u00e1genes de dron y una presentaci\u00f3n en video de la propiedad. Trabajaremos juntos para seleccionar el paquete perfecto para su hogar.<\/p>\n                    <div class=\"sliding-content-action\">\n                        <a class=\"wpresidence_button\" href=\"\"  rel=\"nofollow\"><span class=\"\"><\/span> <\/a>\n                    <\/div>\n                <\/div>\n            <\/div>\n            <\/div>\t\t\t\t<\/div>\n\t\t\t\t<\/div>\n\t\t\t\t<div class=\"elementor-element elementor-element-51dbf923 elementor-invisible elementor-widget elementor-widget-Wpresidence_Sliding_Box\" data-id=\"51dbf923\" data-element_type=\"widget\" data-settings=\"{&quot;_animation&quot;:&quot;fadeIn&quot;}\" data-widget_type=\"Wpresidence_Sliding_Box.default\">\n\t\t\t\t<div class=\"elementor-widget-container\">\n\t\t\t\t\t<div class=\"wpestate_sliding_box_wrapper\">            <div class=\"wpestate_sliding_box active-element slider_box_size_3\">\n                <div class=\"sliding-image\" style=\"background-image:url(https:\/\/web.esentyaestate.com\/wp-content\/uploads\/2025\/11\/buy_property.jpeg)\"><\/div>\n                <div class=\"sliding-content-wrapper\">\n                    <h4>Documentaci\u00f3n<\/h4>\n                    <p>Copia del documento NIE de los propietarios Copia del pasaporte de los propietarios de la propiedad y escritura Copia del \u00faltimo impuesto de propiedad pagado y factura de agua \/ electricidad Certificado energ\u00e9tico (si no lo tiene, le ayudamos con esto) Si hay una hipoteca sobre la casa, necesitamos el nombre y la sucursal del banco P\u00f3ngase en contacto con la administraci\u00f3n perteneciente a su urbanizaci\u00f3n Un contrato de compraventa que confirme el acuerdo entre Esentya Real Estate y el vendedor.<\/p>\n                    <div class=\"sliding-content-action\">\n                        <a class=\"wpresidence_button\" href=\"\"  rel=\"nofollow\"><span class=\"\"><\/span> <\/a>\n                    <\/div>\n                <\/div>\n            <\/div>\n                        <div class=\"wpestate_sliding_box  slider_box_size_3\">\n                <div class=\"sliding-image\" style=\"background-image:url(https:\/\/web.esentyaestate.com\/wp-content\/uploads\/2025\/12\/documents_esentya.jpg)\"><\/div>\n                <div class=\"sliding-content-wrapper\">\n                    <h4>Costos e impuestos<\/h4>\n                    <p>Plusval\u00eda sobre el incremento de valor seg\u00fan el valor de la parcela. Honorarios acordados con el agente inmobiliario. Impuesto sobre la plusval\u00eda. Impuesto sobre la renta entre los valores declarados en la compraventa. Vendedores no sujetos al impuesto: Se retiene el 3% del precio de venta y se liquida contra un posible impuesto sobre la plusval\u00eda. IBI\/SUMA del a\u00f1o de venta. Abogado. C\u00e9dula de habitabilidad (certificado que acredite que la vivienda se ha construido correctamente).<\/p>\n                    <div class=\"sliding-content-action\">\n                        <a class=\"wpresidence_button\" href=\"\"  rel=\"nofollow\"><span class=\"\"><\/span> <\/a>\n                    <\/div>\n                <\/div>\n            <\/div>\n            <\/div>\t\t\t\t<\/div>\n\t\t\t\t<\/div>\n\t\t\t\t\t<\/div>\n\t\t\t\t<\/div>\n\t\t\t\t<\/div>","protected":false},"excerpt":{"rendered":"<p>Want to know your property&#8217;s worth? Gain insight into the true worth of your property through a thorough and professional valuation process. Our team of experts meticulously assesses various factors including location, size, condition, and recent market trends to provide you with an accurate estimation of your home&#8217;s value. First NameEmail*Mobile*Message* Al activar el check de &#8220;Lectura y Aceptaci\u00f3n&#8221; de nuestra Pol\u00edtica de Privacidad &#8230;<\/p>","protected":false},"author":1,"featured_media":0,"parent":0,"menu_order":0,"comment_status":"closed","ping_status":"closed","template":"elementor_header_footer","meta":{"inline_featured_image":false,"footnotes":""},"class_list":["post-22897","page","type-page","status-publish","hentry"],"_links":{"self":[{"href":"https:\/\/web.esentyaestate.com\/spa\/wp-json\/wp\/v2\/pages\/22897","targetHints":{"allow":["GET"]}}],"collection":[{"href":"https:\/\/web.esentyaestate.com\/spa\/wp-json\/wp\/v2\/pages"}],"about":[{"href":"https:\/\/web.esentyaestate.com\/spa\/wp-json\/wp\/v2\/types\/page"}],"author":[{"embeddable":true,"href":"https:\/\/web.esentyaestate.com\/spa\/wp-json\/wp\/v2\/users\/1"}],"replies":[{"embeddable":true,"href":"https:\/\/web.esentyaestate.com\/spa\/wp-json\/wp\/v2\/comments?post=22897"}],"version-history":[{"count":60,"href":"https:\/\/web.esentyaestate.com\/spa\/wp-json\/wp\/v2\/pages\/22897\/revisions"}],"predecessor-version":[{"id":26680,"href":"https:\/\/web.esentyaestate.com\/spa\/wp-json\/wp\/v2\/pages\/22897\/revisions\/26680"}],"wp:attachment":[{"href":"https:\/\/web.esentyaestate.com\/spa\/wp-json\/wp\/v2\/media?parent=22897"}],"curies":[{"name":"wp","href":"https:\/\/api.w.org\/{rel}","templated":true}]}}