{"id":21942,"date":"2025-11-27T08:40:21","date_gmt":"2025-11-27T08:40:21","guid":{"rendered":"https:\/\/web.esentyaestate.com\/?page_id=21942"},"modified":"2025-11-27T08:44:30","modified_gmt":"2025-11-27T08:44:30","slug":"cookies-policy","status":"publish","type":"page","link":"https:\/\/web.esentyaestate.com\/spa\/cookies-policy\/","title":{"rendered":"Pol\u00edtica de cookies"},"content":{"rendered":"<p data-start=\"245\" data-end=\"653\">El acceso a este sitio web puede implicar el uso de cookies. Las cookies son peque\u00f1os archivos de informaci\u00f3n que se almacenan en el navegador de cada usuario \u2014en los diferentes dispositivos que utilice para navegar\u2014 para que el servidor recuerde cierta informaci\u00f3n que posteriormente solo podr\u00e1 ser le\u00edda por el servidor que las implement\u00f3. Las cookies facilitan la navegaci\u00f3n, la hacen m\u00e1s intuitiva y no da\u00f1an el dispositivo.<\/p>\n<p data-start=\"655\" data-end=\"953\">Las cookies son procedimientos autom\u00e1ticos para recopilar informaci\u00f3n sobre las preferencias determinadas por el Usuario durante su visita al Sitio Web con el fin de reconocerlo como Usuario, personalizar su experiencia y el uso del Sitio Web, y tambi\u00e9n pueden, por ejemplo, ayudar a identificar y resolver errores.<\/p>\n<p data-start=\"955\" data-end=\"1513\">La informaci\u00f3n recopilada mediante cookies puede incluir la fecha y hora de las visitas al sitio web, las p\u00e1ginas visitadas, el tiempo de permanencia en el sitio y los sitios visitados inmediatamente antes y despu\u00e9s. Sin embargo, ninguna cookie permite contactar al usuario a trav\u00e9s de su n\u00famero de tel\u00e9fono ni mediante ning\u00fan otro medio de contacto personal. Ninguna cookie puede extraer informaci\u00f3n del disco duro del usuario ni robar informaci\u00f3n personal. La \u00fanica forma de que la informaci\u00f3n privada del usuario forme parte del archivo de cookies es que el propio usuario la proporcione al servidor.<\/p>\n<p data-start=\"1515\" data-end=\"1924\">Las cookies que permiten la identificaci\u00f3n de una persona se consideran datos personales. Por lo tanto, se les aplicar\u00e1 la Pol\u00edtica de Privacidad descrita anteriormente. En este sentido, el uso de estas cookies requerir\u00e1 el consentimiento del Usuario. Este consentimiento se comunicar\u00e1 mediante una elecci\u00f3n aut\u00e9ntica, ofrecida a trav\u00e9s de una decisi\u00f3n afirmativa y positiva, previa al tratamiento inicial de los datos, y quedar\u00e1 registrado y documentado.<\/p>\n<h2 data-start=\"1931\" data-end=\"1949\"><strong data-start=\"1934\" data-end=\"1949\">Cookies propias<\/strong><\/h2>\n<p data-start=\"1951\" data-end=\"2380\">Estas son cookies que se env\u00edan al ordenador o dispositivo del Usuario y son gestionadas exclusivamente por <a class=\"decorated-link\" href=\"https:\/\/esentyaestate.com\/\" target=\"_new\" rel=\"noopener\" data-start=\"2043\" data-end=\"2069\">https:\/\/esentyaestate.com\/<\/a>Para el correcto funcionamiento del sitio web, la informaci\u00f3n recopilada se utiliza para mejorar la calidad del sitio, su contenido y la experiencia del usuario. Estas cookies permiten reconocer al usuario como visitante recurrente y adaptar el contenido para ofrecerle informaci\u00f3n que se ajuste a sus preferencias.<\/p>\n<p data-start=\"2382\" data-end=\"2969\">La informaci\u00f3n obtenida se refiere, por ejemplo, al n\u00famero de p\u00e1ginas visitadas, el idioma, la ubicaci\u00f3n desde la que se accede a la direcci\u00f3n IP del usuario, el n\u00famero de usuarios que acceden, la frecuencia y recurrencia de las visitas, la duraci\u00f3n de las visitas, el navegador utilizado, el operador o el tipo de dispositivo desde el que se realiza la visita. Esta informaci\u00f3n se utiliza para mejorar el sitio web y detectar nuevas necesidades con el fin de ofrecer a los usuarios contenido y\/o servicios de \u00f3ptima calidad. En ning\u00fan caso la informaci\u00f3n se recopila de forma an\u00f3nima y los informes de tendencias del sitio web se elaboran sin identificar a usuarios individuales.<\/p>\n<p data-start=\"2971\" data-end=\"3165\">Puede obtener m\u00e1s informaci\u00f3n sobre las cookies, la informaci\u00f3n de privacidad o la descripci\u00f3n del tipo de cookies utilizadas, sus caracter\u00edsticas principales, per\u00edodo de caducidad, etc., en el\/los siguiente(s) enlace(s):<\/p>\n<p data-start=\"3167\" data-end=\"3187\"><strong data-start=\"3167\" data-end=\"3187\">GOOGLE ANALYTICS<\/strong><\/p>\n<p data-start=\"3189\" data-end=\"3388\">La(s) entidad(es) responsable(s) del suministro de cookies podr\u00e1(n) transferir esta informaci\u00f3n a terceros, siempre que la ley as\u00ed lo exija o cuando un tercero procese esta informaci\u00f3n para dichas entidades.<\/p>\n<h2 data-start=\"3395\" data-end=\"3422\"><strong data-start=\"3398\" data-end=\"3422\">Cookies de redes sociales<\/strong><\/h2>\n<p data-start=\"3424\" data-end=\"4049\"><a class=\"decorated-link\" href=\"https:\/\/esentyaestate.com\/\" target=\"_new\" rel=\"noopener\" data-start=\"3424\" data-end=\"3450\">https:\/\/esentyaestate.com\/<\/a> Incorpora plugins de redes sociales que permiten acceder a ellas desde el sitio web. Por este motivo, es posible que se almacenen cookies de redes sociales en el navegador del usuario. Los propietarios de estas redes sociales tienen sus propias pol\u00edticas de protecci\u00f3n de datos y de cookies, siendo responsables, en cada caso, de sus propios archivos y pr\u00e1cticas de privacidad. El usuario debe consultarlas para obtener informaci\u00f3n sobre estas cookies y, en su caso, sobre el tratamiento de sus datos personales. A t\u00edtulo informativo, se proporcionan los siguientes enlaces donde se pueden consultar dichas pol\u00edticas de privacidad y\/o de cookies:<\/p>\n<ul data-start=\"4051\" data-end=\"4486\">\n<li data-start=\"4051\" data-end=\"4107\">\n<p data-start=\"4053\" data-end=\"4107\">Facebook: <a class=\"decorated-link\" href=\"https:\/\/www.facebook.com\/policies\/cookies\/\" target=\"_new\" rel=\"noopener\" data-start=\"4063\" data-end=\"4105\">https:\/\/www.facebook.com\/policies\/cookies\/<\/a><\/p>\n<\/li>\n<li data-start=\"4108\" data-end=\"4151\">\n<p data-start=\"4110\" data-end=\"4151\">Gorjeo: <a class=\"decorated-link\" href=\"https:\/\/twitter.com\/es\/privacy\" target=\"_new\" rel=\"noopener\" data-start=\"4119\" data-end=\"4149\">https:\/\/twitter.com\/es\/privacy<\/a><\/p>\n<\/li>\n<li data-start=\"4152\" data-end=\"4217\">\n<p data-start=\"4154\" data-end=\"4217\">Instagram: <a class=\"decorated-link\" href=\"https:\/\/help.instagram.com\/1896641480634370?ref=ig\" target=\"_new\" rel=\"noopener\" data-start=\"4165\" data-end=\"4215\">https:\/\/help.instagram.com\/1896641480634370?ref=ig<\/a><\/p>\n<\/li>\n<li data-start=\"4218\" data-end=\"4282\">\n<p data-start=\"4220\" data-end=\"4282\">YouTube: <a class=\"decorated-link\" href=\"https:\/\/policies.google.com\/privacy?hl=es-419&amp;gl=mx\" target=\"_new\" rel=\"noopener\" data-start=\"4229\" data-end=\"4280\">https:\/\/policies.google.com\/privacy?hl=es-419&amp;gl=mx<\/a><\/p>\n<\/li>\n<li data-start=\"4283\" data-end=\"4350\">\n<p data-start=\"4285\" data-end=\"4350\">Google+: <a class=\"decorated-link\" href=\"https:\/\/policies.google.com\/technologies\/cookies?hl=es\" target=\"_new\" rel=\"noopener\" data-start=\"4294\" data-end=\"4348\">https:\/\/policies.google.com\/technologies\/cookies?hl=es<\/a><\/p>\n<\/li>\n<li data-start=\"4351\" data-end=\"4412\">\n<p data-start=\"4353\" data-end=\"4412\">Pinterest: <a class=\"decorated-link\" href=\"https:\/\/policy.pinterest.com\/es\/privacy-policy\" target=\"_new\" rel=\"noopener\" data-start=\"4364\" data-end=\"4410\">https:\/\/policy.pinterest.com\/es\/privacy-policy<\/a><\/p>\n<\/li>\n<li data-start=\"4413\" data-end=\"4486\">\n<p data-start=\"4415\" data-end=\"4486\">LinkedIn: <a class=\"decorated-link\" href=\"https:\/\/www.linkedin.com\/legal\/cookie-policy?trk=hp-cookies\" target=\"_new\" rel=\"noopener\" data-start=\"4425\" data-end=\"4484\">https:\/\/www.linkedin.com\/legal\/cookie-policy?trk=hp-cookies<\/a><\/p>\n<\/li>\n<\/ul>\n<h2 data-start=\"4493\" data-end=\"4534\"><strong data-start=\"4496\" data-end=\"4534\">Deshabilitar, rechazar y eliminar cookies<\/strong><\/h2>\n<p data-start=\"4536\" data-end=\"4938\">El usuario puede desactivar, rechazar y eliminar las cookies \u2014total o parcialmente\u2014 instaladas en su dispositivo mediante la configuraci\u00f3n de su navegador (por ejemplo, Chrome, Firefox, Safari, Explorer). En este sentido, los procedimientos para rechazar y eliminar cookies pueden variar seg\u00fan el navegador. Por consiguiente, el usuario debe consultar las instrucciones del navegador que utilice.<\/p>\n<p data-start=\"4940\" data-end=\"5084\">Si el Usuario rechaza el uso de cookies \u2014en su totalidad o en parte\u2014 podr\u00e1 seguir utilizando el Sitio Web, aunque algunas de sus funciones podr\u00edan verse limitadas.<\/p>","protected":false},"excerpt":{"rendered":"<p>Access to this Website may involve the use of cookies. Cookies are small amounts of information that are stored in the browser used by each User \u2014on the different devices they may use to browse\u2014 so that the server remembers certain information which will later and only be read by the server that implemented it. Cookies facilitate browsing, make it more user-friendly, and do &#8230;<\/p>","protected":false},"author":1,"featured_media":0,"parent":0,"menu_order":0,"comment_status":"closed","ping_status":"closed","template":"page-templates\/terms_conditions.php","meta":{"inline_featured_image":false,"footnotes":""},"class_list":["post-21942","page","type-page","status-publish","hentry"],"_links":{"self":[{"href":"https:\/\/web.esentyaestate.com\/spa\/wp-json\/wp\/v2\/pages\/21942","targetHints":{"allow":["GET"]}}],"collection":[{"href":"https:\/\/web.esentyaestate.com\/spa\/wp-json\/wp\/v2\/pages"}],"about":[{"href":"https:\/\/web.esentyaestate.com\/spa\/wp-json\/wp\/v2\/types\/page"}],"author":[{"embeddable":true,"href":"https:\/\/web.esentyaestate.com\/spa\/wp-json\/wp\/v2\/users\/1"}],"replies":[{"embeddable":true,"href":"https:\/\/web.esentyaestate.com\/spa\/wp-json\/wp\/v2\/comments?post=21942"}],"version-history":[{"count":1,"href":"https:\/\/web.esentyaestate.com\/spa\/wp-json\/wp\/v2\/pages\/21942\/revisions"}],"predecessor-version":[{"id":21943,"href":"https:\/\/web.esentyaestate.com\/spa\/wp-json\/wp\/v2\/pages\/21942\/revisions\/21943"}],"wp:attachment":[{"href":"https:\/\/web.esentyaestate.com\/spa\/wp-json\/wp\/v2\/media?parent=21942"}],"curies":[{"name":"wp","href":"https:\/\/api.w.org\/{rel}","templated":true}]}}