{"id":5275,"date":"2014-05-24T13:51:08","date_gmt":"2014-05-24T13:51:08","guid":{"rendered":"http:\/\/wpresidence.net\/?page_id=9"},"modified":"2025-11-27T08:43:50","modified_gmt":"2025-11-27T08:43:50","slug":"legal-notice","status":"publish","type":"page","link":"https:\/\/web.esentyaestate.com\/no\/legal-notice\/","title":{"rendered":"Juridisk"},"content":{"rendered":"<p style=\"text-align: center;\" data-start=\"279\" data-end=\"305\"><strong>JURIDISK MERKNAD<\/strong><\/p>\n<p style=\"text-align: center;\" data-start=\"279\" data-end=\"305\"><a class=\"decorated-link\" href=\"https:\/\/esentyaestate.com\/\" target=\"_new\" rel=\"noopener\" data-start=\"279\" data-end=\"305\">https:\/\/esentyaestate.com\/<\/a><\/p>\n<h2 style=\"text-align: center;\" data-start=\"307\" data-end=\"335\"><strong data-start=\"310\" data-end=\"333\">GENERELL INFORMASJON<\/strong><\/h2>\n<p data-start=\"336\" data-end=\"586\">I samsvar med informasjonsplikten som er fastsatt i lov 34\/2002 om informasjonssamfunnstjenester og elektronisk handel (LSSI-CE) av 11. juli, er f\u00f8lgende generelle informasjonsdata for dette nettstedet gitt nedenfor:<br data-start=\"557\" data-end=\"560\" \/><a class=\"decorated-link\" href=\"https:\/\/esentyaestate.com\/\" target=\"_new\" rel=\"noopener\" data-start=\"560\" data-end=\"586\">https:\/\/esentyaestate.com\/<\/a><\/p>\n<p data-start=\"588\" data-end=\"884\">Eierskapet til dette nettstedet, <a class=\"decorated-link\" href=\"https:\/\/esentyaestate.com\/\" target=\"_new\" rel=\"noopener\" data-start=\"619\" data-end=\"645\">https:\/\/esentyaestate.com\/<\/a>, (heretter kalt nettstedet) eies av: ESENTYA ESTATE &amp; PROMOTIONS SL, med skatte-ID: B10715092, hvis kontaktinformasjon er:<br data-start=\"765\" data-end=\"768\" \/>CALLE ORDF\u00d8RER, N.11 03188 Torrevieja Alicante<br data-start=\"811\" data-end=\"814\" \/>Kontakt-e-post: <a class=\"decorated-link cursor-pointer\" rel=\"noopener\" data-start=\"829\" data-end=\"861\">administracion@esentyaestate.com<\/a><br data-start=\"861\" data-end=\"864\" \/>Telefon: 634205959<\/p>\n<h2 data-start=\"891\" data-end=\"933\"><strong data-start=\"894\" data-end=\"933\">GENERELLE BRUKSVILK\u00c5R<\/strong><\/h2>\n<h3 data-start=\"935\" data-end=\"987\"><strong data-start=\"939\" data-end=\"985\">Form\u00e5let med betingelsene: Nettstedet<\/strong><\/h3>\n<p data-start=\"988\" data-end=\"1515\">Form\u00e5let med disse generelle vilk\u00e5rene og betingelsene for bruk (heretter kalt \u00abvilk\u00e5r\u00bb) er \u00e5 regulere tilgang til og bruk av nettstedet. I disse vilk\u00e5rene skal nettstedet forst\u00e5s som: det ytre utseendet til skjermgrensesnittene, b\u00e5de statiske og dynamiske, dvs. navigasjonsstrukturen; og alle elementer som er integrert i skjermgrensesnittene samt i navigasjonsstrukturen (heretter kalt \u00abinnhold\u00bb) og alle de tjenestene eller nettressursene som kan tilbys brukere (heretter kalt \u00abtjenester\u00bb).<\/p>\n<p data-start=\"1517\" data-end=\"1898\"><a class=\"decorated-link\" href=\"https:\/\/esentyaestate.com\/\" target=\"_new\" rel=\"noopener\" data-start=\"1517\" data-end=\"1543\">https:\/\/esentyaestate.com\/<\/a> forbeholder seg retten til n\u00e5r som helst og uten forvarsel \u00e5 endre presentasjonen og konfigurasjonen av nettstedet og innholdet og tjenestene som er inkludert der. Brukeren erkjenner og aksepterer at n\u00e5r som helst <a class=\"decorated-link\" href=\"https:\/\/esentyaestate.com\/\" target=\"_new\" rel=\"noopener\" data-start=\"1765\" data-end=\"1791\">https:\/\/esentyaestate.com\/<\/a> kan avbryte, deaktivere og\/eller kansellere elementene som er integrert i nettstedet eller tilgangen til dem.<\/p>\n<p data-start=\"1900\" data-end=\"2182\">Brukerens tilgang til nettstedet er gratis, og som hovedregel gratis uten at brukeren trenger \u00e5 gi noen form for vederlag for \u00e5 benytte seg av det, bortsett fra kostnaden for tilkoblingen via telekommunikasjonsnettverket levert av leverand\u00f8ren som brukeren har avtalt med.<\/p>\n<h3 data-start=\"2189\" data-end=\"2207\"><strong data-start=\"2193\" data-end=\"2205\">Brukeren<\/strong><\/h3>\n<p data-start=\"2208\" data-end=\"2778\">Tilgang til, surfing p\u00e5 og bruk av nettstedet, samt omr\u00e5dene som er aktivert for samhandling mellom brukere, og brukeren og <a class=\"decorated-link\" href=\"https:\/\/esentyaestate.com\/\" target=\"_new\" rel=\"noopener\" data-start=\"2323\" data-end=\"2349\">https:\/\/esentyaestate.com\/<\/a>, som kommentarer og\/eller bloggplasser, gir brukerens vilk\u00e5r, hvorved alle vilk\u00e5rene som er fastsatt heri, aksepteres fra det \u00f8yeblikket du starter surfingen p\u00e5 nettstedet, samt eventuelle senere endringer, uten at det ber\u00f8rer anvendelsen av tilsvarende obligatoriske lovbestemmelser, alt etter hva som er tilfelle. Gitt viktigheten av det ovennevnte, anbefales brukeren \u00e5 lese dem hver gang de bes\u00f8ker nettstedet.<\/p>\n<p data-start=\"2780\" data-end=\"2985\">Nettstedet til <a class=\"decorated-link\" href=\"https:\/\/esentyaestate.com\/\" target=\"_new\" rel=\"noopener\" data-start=\"2795\" data-end=\"2821\">https:\/\/esentyaestate.com\/<\/a> tilbyr et stort utvalg av informasjon, tjenester og data. Brukeren p\u00e5tar seg ansvar for riktig bruk av nettstedet. Dette ansvaret skal omfatte:<\/p>\n<ul data-start=\"2987\" data-end=\"3775\">\n<li data-start=\"2987\" data-end=\"3276\">\n<p data-start=\"2989\" data-end=\"3276\">Bruk av informasjonen, innholdet og\/eller tjenestene og dataene som tilbys av <a class=\"decorated-link\" href=\"https:\/\/esentyaestate.com\/\" target=\"_new\" rel=\"noopener\" data-start=\"3058\" data-end=\"3084\">https:\/\/esentyaestate.com\/<\/a> uten \u00e5 v\u00e6re i strid med disse vilk\u00e5rene, loven, moral eller offentlig orden, eller p\u00e5 noen annen m\u00e5te som kan skade tredjeparts rettigheter eller nettstedets funksjon.<\/p>\n<\/li>\n<li data-start=\"3277\" data-end=\"3775\">\n<p data-start=\"3279\" data-end=\"3775\">Sannheten og lovligheten av informasjonen som brukeren oppgir i skjemaene utstedt av <a class=\"decorated-link\" href=\"https:\/\/esentyaestate.com\/\" target=\"_new\" rel=\"noopener\" data-start=\"3372\" data-end=\"3398\">https:\/\/esentyaestate.com\/<\/a> for tilgang til bestemt innhold eller tjenester som tilbys av nettstedet. Brukeren skal uansett umiddelbart varsle <a class=\"decorated-link\" href=\"https:\/\/esentyaestate.com\/\" target=\"_new\" rel=\"noopener\" data-start=\"3513\" data-end=\"3539\">https:\/\/esentyaestate.com\/<\/a> om ethvert faktum som tillater urettmessig bruk av informasjonen som er registrert i slike former, slik som, men ikke begrenset til, tyveri, tap eller uautorisert tilgang til identifikatorer og\/eller passord, med den hensikt \u00e5 f\u00f8re til umiddelbar sletting av disse.<\/p>\n<\/li>\n<\/ul>\n<p data-start=\"3777\" data-end=\"4117\"><a class=\"decorated-link\" href=\"https:\/\/esentyaestate.com\/\" target=\"_new\" rel=\"noopener\" data-start=\"3777\" data-end=\"3803\">https:\/\/esentyaestate.com\/<\/a> forbeholder seg retten til \u00e5 fjerne alle kommentarer og bidrag som krenker loven, respekten for personens verdighet, som er diskriminerende, fremmedfiendtlige, rasistiske, pornografiske, spamming, som er skadelige for ungdom eller barn, offentlig orden eller sikkerhet, eller som etter dens vurdering ikke er egnet for publisering.<\/p>\n<p data-start=\"4119\" data-end=\"4293\">I alle fall, <a class=\"decorated-link\" href=\"https:\/\/esentyaestate.com\/\" target=\"_new\" rel=\"noopener\" data-start=\"4132\" data-end=\"4158\">https:\/\/esentyaestate.com\/<\/a> skal ikke v\u00e6re ansvarlig for meningene som uttrykkes av brukere gjennom kommentarer eller andre blogg- eller deltakelsesverkt\u00f8y som m\u00e5tte finnes.<\/p>\n<p data-start=\"4295\" data-end=\"4443\">Bare tilgang til dette nettstedet inneb\u00e6rer ikke etablering av noen form for kommersielt forhold mellom <a class=\"decorated-link\" href=\"https:\/\/esentyaestate.com\/\" target=\"_new\" rel=\"noopener\" data-start=\"4403\" data-end=\"4429\">https:\/\/esentyaestate.com\/<\/a> og brukeren.<\/p>\n<p data-start=\"4445\" data-end=\"4598\">Dette nettstedet er alltid underlagt gjeldende lovgivning og er rettet mot alle personer, uavhengig av alder, som kan f\u00e5 tilgang til og\/eller bla gjennom nettsidens sider.<\/p>\n<p data-start=\"4600\" data-end=\"5122\">Nettstedet er hovedsakelig rettet mot brukere bosatt i Spania.<br data-start=\"4655\" data-end=\"4658\" \/><a class=\"decorated-link\" href=\"https:\/\/esentyaestate.com\/\" target=\"_new\" rel=\"noopener\" data-start=\"4658\" data-end=\"4684\">https:\/\/esentyaestate.com\/<\/a> sikrer ikke at nettstedet er i samsvar med lovene i andre land, verken helt eller delvis. Hvis brukeren bor eller har bosted et annet sted og bestemmer seg for \u00e5 f\u00e5 tilgang til og\/eller bruke nettstedet, skal de gj\u00f8re det p\u00e5 eget ansvar; de m\u00e5 s\u00f8rge for at slik tilgang og bruk er i samsvar med gjeldende lokal lovgivning, og <a class=\"decorated-link\" href=\"https:\/\/esentyaestate.com\/\" target=\"_new\" rel=\"noopener\" data-start=\"5027\" data-end=\"5053\">https:\/\/esentyaestate.com\/<\/a> skal ikke p\u00e5ta seg noe ansvar som m\u00e5tte oppst\u00e5 som f\u00f8lge av nevnte tilgang.<\/p>\n<h2 data-start=\"5129\" data-end=\"5209\"><strong data-start=\"5132\" data-end=\"5209\">TILGANG TIL OG BRUK P\u00c5 NETTSTEDET: FRASKRIVELSE AV GARANTIER OG ANSVAR<\/strong><\/h2>\n<p data-start=\"5211\" data-end=\"5563\"><a class=\"decorated-link\" href=\"https:\/\/esentyaestate.com\/\" target=\"_new\" rel=\"noopener\" data-start=\"5211\" data-end=\"5237\">https:\/\/esentyaestate.com\/<\/a> garanterer ikke kontinuiteten, tilgjengeligheten og nytten av nettstedet, og heller ikke av innholdet eller tjenestene. <a class=\"decorated-link\" href=\"https:\/\/esentyaestate.com\/\" target=\"_new\" rel=\"noopener\" data-start=\"5350\" data-end=\"5376\">https:\/\/esentyaestate.com\/<\/a> vil gj\u00f8re v\u00e5rt ytterste for \u00e5 sikre at nettstedet fungerer som det skal; det antar eller garanterer imidlertid ikke at tilgangen til dette nettstedet ikke vil v\u00e6re uavbrutt eller feilfri.<\/p>\n<p data-start=\"5565\" data-end=\"6038\">Det forutsettes eller garanteres heller ikke at innholdet eller programvaren som kan n\u00e5s via dette nettstedet er feilfritt eller kan for\u00e5rsake skade p\u00e5 brukerens datasystem (programvare og maskinvare). Under ingen omstendigheter skal <a class=\"decorated-link\" href=\"https:\/\/esentyaestate.com\/\" target=\"_new\" rel=\"noopener\" data-start=\"5794\" data-end=\"5820\">https:\/\/esentyaestate.com\/<\/a> v\u00e6re ansvarlig for tap, skade eller ulempe av noe slag som f\u00f8lge av tilgang til, surfing p\u00e5 og bruk av nettstedet, inkludert, men ikke begrenset til, skade p\u00e5 datasystemer eller skader for\u00e5rsaket av introduksjon av virus.<\/p>\n<p data-start=\"6040\" data-end=\"6306\"><a class=\"decorated-link\" href=\"https:\/\/esentyaestate.com\/\" target=\"_new\" rel=\"noopener\" data-start=\"6040\" data-end=\"6066\">https:\/\/esentyaestate.com\/<\/a> skal heller ikke v\u00e6re ansvarlig for skader som kan oppst\u00e5 for brukere ved feil bruk av dette nettstedet. Spesielt skal det ikke v\u00e6re ansvarlig p\u00e5 noen m\u00e5te for feil, avbrudd, mangel eller defekter i telekommunikasjon som m\u00e5tte oppst\u00e5.<\/p>\n<p data-start=\"6308\" data-end=\"6588\">Det informeres herved om at nettstedet til <a class=\"decorated-link\" href=\"https:\/\/esentyaestate.com\/\" target=\"_new\" rel=\"noopener\" data-start=\"6350\" data-end=\"6376\">https:\/\/esentyaestate.com\/<\/a> tilbyr eller kan tilby brukere lenkeverkt\u00f8y (som blant annet lenker, bannere, knapper), kataloger og s\u00f8kemotorer som lar brukere f\u00e5 tilgang til nettsteder som tilh\u00f8rer og\/eller administreres av tredjeparter.<\/p>\n<p data-start=\"6590\" data-end=\"6863\">Installasjonen av disse lenkene, katalogene og s\u00f8kemotorene p\u00e5 nettstedet har som form\u00e5l \u00e5 gj\u00f8re det lettere for brukere \u00e5 s\u00f8ke etter og f\u00e5 tilgang til informasjon som er tilgjengelig p\u00e5 internett, og skal ikke anses som et forslag, en anbefaling eller en invitasjon til \u00e5 bes\u00f8ke dem.<\/p>\n<p data-start=\"6865\" data-end=\"7019\"><a class=\"decorated-link\" href=\"https:\/\/esentyaestate.com\/\" target=\"_new\" rel=\"noopener\" data-start=\"6865\" data-end=\"6891\">https:\/\/esentyaestate.com\/<\/a> tilbyr eller selger ikke, verken selv eller gjennom tredjeparter, produktene og\/eller tjenestene som er tilgjengelige p\u00e5 slike lenkede nettsteder.<\/p>\n<p data-start=\"7021\" data-end=\"7197\">P\u00e5 samme m\u00e5te skal den ikke garantere den tekniske tilgjengeligheten, n\u00f8yaktigheten, sannferdigheten, gyldigheten eller lovligheten av nettsteder utenfor dens eier som kan n\u00e5s via lenkene.<\/p>\n<p data-start=\"7199\" data-end=\"7446\"><a class=\"decorated-link\" href=\"https:\/\/esentyaestate.com\/\" target=\"_new\" rel=\"noopener\" data-start=\"7199\" data-end=\"7225\">https:\/\/esentyaestate.com\/<\/a> skal ikke under noen omstendigheter gjennomg\u00e5 eller kontrollere innholdet p\u00e5 andre nettsteder, og heller ikke godkjenne, unders\u00f8ke eller st\u00f8tte produktene og tjenestene, innholdet, filene og annet materiale som finnes p\u00e5 de ovennevnte lenkede nettstedene.<\/p>\n<p data-start=\"7448\" data-end=\"7730\"><a class=\"decorated-link\" href=\"https:\/\/esentyaestate.com\/\" target=\"_new\" rel=\"noopener\" data-start=\"7448\" data-end=\"7474\">https:\/\/esentyaestate.com\/<\/a> p\u00e5tar seg intet ansvar for skader som m\u00e5tte oppst\u00e5 som f\u00f8lge av tilgang til, bruk av, kvalitet eller lovlighet av innhold, kommunikasjon, meninger, produkter og tjenester fra nettsteder som ikke administreres av <a class=\"decorated-link\" href=\"https:\/\/esentyaestate.com\/\" target=\"_new\" rel=\"noopener\" data-start=\"7666\" data-end=\"7692\">https:\/\/esentyaestate.com\/<\/a> og som er lenket til p\u00e5 denne nettsiden.<\/p>\n<h2 data-start=\"7737\" data-end=\"7754\"><strong data-start=\"7740\" data-end=\"7754\">HYPERLENKINGER<\/strong><\/h2>\n<p data-start=\"7756\" data-end=\"7889\">Brukeren eller tredjeparten som oppretter en hyperkobling fra et annet nettsted til nettstedet til <a class=\"decorated-link\" href=\"https:\/\/esentyaestate.com\/\" target=\"_new\" rel=\"noopener\" data-start=\"7843\" data-end=\"7869\">https:\/\/esentyaestate.com\/<\/a> m\u00e5 v\u00e6re klar over at:<\/p>\n<ul data-start=\"7891\" data-end=\"8466\">\n<li data-start=\"7891\" data-end=\"8061\">\n<p data-start=\"7893\" data-end=\"8061\">Reproduksjon \u2013 helt eller delvis \u2013 av noe av innholdet og\/eller tjenestene p\u00e5 nettstedet er ikke tillatt uten uttrykkelig tillatelse fra <a class=\"decorated-link\" href=\"https:\/\/esentyaestate.com\/\" target=\"_new\" rel=\"noopener\" data-start=\"8033\" data-end=\"8059\">https:\/\/esentyaestate.com\/<\/a><\/p>\n<\/li>\n<li data-start=\"8062\" data-end=\"8225\">\n<p data-start=\"8064\" data-end=\"8225\">Ingen falske, un\u00f8yaktige eller uriktige uttalelser om nettstedet til <a class=\"decorated-link\" href=\"https:\/\/esentyaestate.com\/\" target=\"_new\" rel=\"noopener\" data-start=\"8129\" data-end=\"8155\">https:\/\/esentyaestate.com\/<\/a> heller ikke om innholdet og\/eller tjenestene p\u00e5 nettstedet er tillatt.<\/p>\n<\/li>\n<li data-start=\"8226\" data-end=\"8466\">\n<p data-start=\"8228\" data-end=\"8466\">Med unntak av hyperlenken skal nettstedet der hyperlenken er opprettet ikke inneholde elementer fra dette nettstedet som er beskyttet som \u00e5ndsverk i henhold til spansk lov, med mindre dette er uttrykkelig godkjent av <a class=\"decorated-link\" href=\"https:\/\/esentyaestate.com\/\" target=\"_new\" rel=\"noopener\" data-start=\"8438\" data-end=\"8464\">https:\/\/esentyaestate.com\/<\/a><\/p>\n<\/li>\n<\/ul>\n<p data-start=\"8468\" data-end=\"8780\">Etablering av hyperlenken skal ikke inneb\u00e6re eksistensen av en forbindelse mellom <a class=\"decorated-link\" href=\"https:\/\/esentyaestate.com\/\" target=\"_new\" rel=\"noopener\" data-start=\"8554\" data-end=\"8580\">https:\/\/esentyaestate.com\/<\/a> og eieren av nettstedet det er laget fra, og heller ikke kunnskapen om og aksepten av <a class=\"decorated-link\" href=\"https:\/\/esentyaestate.com\/\" target=\"_new\" rel=\"noopener\" data-start=\"8669\" data-end=\"8695\">https:\/\/esentyaestate.com\/<\/a> av innholdet, tjenestene og\/eller aktivitetene som tilbys p\u00e5 nevnte nettsted, og omvendt.<\/p>\n<p data-start=\"8782\" data-end=\"8903\"><em data-start=\"8782\" data-end=\"8903\">(Merk: Det dupliserte avsnittet p\u00e5 spansk er bevisst beholdt som det er, etter din foresp\u00f8rsel om ordrett oversettelse.)<\/em><\/p>\n<p data-start=\"8905\" data-end=\"9038\">Brukeren eller tredjeparten som oppretter en hyperkobling fra et annet nettsted til nettstedet til <a class=\"decorated-link\" href=\"https:\/\/esentyaestate.com\/\" target=\"_new\" rel=\"noopener\" data-start=\"8992\" data-end=\"9018\">https:\/\/esentyaestate.com\/<\/a> m\u00e5 v\u00e6re klar over at:<\/p>\n<ul data-start=\"9040\" data-end=\"9615\">\n<li data-start=\"9040\" data-end=\"9210\">\n<p data-start=\"9042\" data-end=\"9210\">Reproduksjon \u2013 helt eller delvis \u2013 av noe av innholdet og\/eller tjenestene p\u00e5 nettstedet er ikke tillatt uten uttrykkelig tillatelse fra <a class=\"decorated-link\" href=\"https:\/\/esentyaestate.com\/\" target=\"_new\" rel=\"noopener\" data-start=\"9182\" data-end=\"9208\">https:\/\/esentyaestate.com\/<\/a><\/p>\n<\/li>\n<li data-start=\"9211\" data-end=\"9374\">\n<p data-start=\"9213\" data-end=\"9374\">Ingen falske, un\u00f8yaktige eller uriktige uttalelser om nettstedet til <a class=\"decorated-link\" href=\"https:\/\/esentyaestate.com\/\" target=\"_new\" rel=\"noopener\" data-start=\"9278\" data-end=\"9304\">https:\/\/esentyaestate.com\/<\/a> heller ikke om innholdet og\/eller tjenestene p\u00e5 nettstedet er tillatt.<\/p>\n<\/li>\n<li data-start=\"9375\" data-end=\"9615\">\n<p data-start=\"9377\" data-end=\"9615\">Med unntak av hyperlenken skal nettstedet der hyperlenken er opprettet ikke inneholde elementer fra dette nettstedet som er beskyttet som \u00e5ndsverk i henhold til spansk lov, med mindre dette er uttrykkelig godkjent av <a class=\"decorated-link\" href=\"https:\/\/esentyaestate.com\/\" target=\"_new\" rel=\"noopener\" data-start=\"9587\" data-end=\"9613\">https:\/\/esentyaestate.com\/<\/a><\/p>\n<\/li>\n<\/ul>\n<p data-start=\"9617\" data-end=\"9929\">Etablering av hyperlenken skal ikke inneb\u00e6re eksistensen av en forbindelse mellom <a class=\"decorated-link\" href=\"https:\/\/esentyaestate.com\/\" target=\"_new\" rel=\"noopener\" data-start=\"9703\" data-end=\"9729\">https:\/\/esentyaestate.com\/<\/a> og eieren av nettstedet det er laget fra, og heller ikke kunnskapen om og aksepten av <a class=\"decorated-link\" href=\"https:\/\/esentyaestate.com\/\" target=\"_new\" rel=\"noopener\" data-start=\"9818\" data-end=\"9844\">https:\/\/esentyaestate.com\/<\/a> av innholdet, tjenestene og\/eller aktivitetene som tilbys p\u00e5 nevnte nettsted, og omvendt.<\/p>\n<h2 data-start=\"9936\" data-end=\"9979\"><strong data-start=\"9939\" data-end=\"9979\">IMMATERIELLE OG INDUSTRIELLE EIENDOMSRETTER<\/strong><\/h2>\n<p data-start=\"9981\" data-end=\"10625\"><a class=\"decorated-link\" href=\"https:\/\/esentyaestate.com\/\" target=\"_new\" rel=\"noopener\" data-start=\"9981\" data-end=\"10007\">https:\/\/esentyaestate.com\/<\/a>er, alene eller som rettighetshaver, eier av alle immaterielle og industrielle eiendomsrettigheter til nettstedet, samt elementene som finnes der (inkludert, men ikke begrenset til, bilder, lyd, video, programvare eller tekster, merker eller logoer, fargekombinasjoner, struktur og design, valg av materialer som brukes, dataprogrammer som er n\u00f8dvendige for drift, tilgang og bruk, osv.). Derfor skal de v\u00e6re verk beskyttet som immateriell eiendom av spansk lov, som gjelder b\u00e5de spansk og EU-lovgivning p\u00e5 dette feltet, samt internasjonale traktater knyttet til emnet og undertegnet av Spania.<\/p>\n<p data-start=\"10627\" data-end=\"11000\">Alle rettigheter forbeholdt. I henhold til bestemmelsene i \u00e5ndsverksloven er reproduksjon, distribusjon og offentlig kommunikasjon, inkludert metoden for tilgjengeliggj\u00f8ring, av hele eller deler av innholdet p\u00e5 dette nettstedet for kommersielle form\u00e5l, i ethvert medium og med enhver teknisk metode, uten tillatelse fra <a class=\"decorated-link\" href=\"https:\/\/esentyaestate.com\/\" target=\"_new\" rel=\"noopener\" data-start=\"10947\" data-end=\"10973\">https:\/\/esentyaestate.com\/<\/a>, er uttrykkelig forbudt.<\/p>\n<p data-start=\"11002\" data-end=\"11418\">Brukeren forplikter seg til \u00e5 respektere immaterielle rettigheter og industrielle eiendomsrettigheter til <a class=\"decorated-link\" href=\"https:\/\/esentyaestate.com\/\" target=\"_new\" rel=\"noopener\" data-start=\"11084\" data-end=\"11110\">https:\/\/esentyaestate.com\/<\/a>Brukeren kan se elementene p\u00e5 nettstedet eller til og med skrive ut, kopiere og lagre dem p\u00e5 harddisken p\u00e5 datamaskinen sin eller et annet fysisk medium, forutsatt at det utelukkende er til personlig bruk. Brukeren kan imidlertid ikke fjerne, endre eller manipulere noen beskyttelsesenhet eller sikkerhetssystem som er installert p\u00e5 nettstedet.<\/p>\n<p data-start=\"11420\" data-end=\"11720\">Dersom brukeren eller en tredjepart mener at noe av innholdet p\u00e5 nettstedet inneb\u00e6rer et brudd p\u00e5 immaterielle rettigheter, m\u00e5 de umiddelbart varsle <a class=\"decorated-link\" href=\"https:\/\/esentyaestate.com\/\" target=\"_new\" rel=\"noopener\" data-start=\"11584\" data-end=\"11610\">https:\/\/esentyaestate.com\/<\/a> gjennom kontaktinformasjonen i delen GENERELL INFORMASJON i denne juridiske merknaden og de generelle bruksvilk\u00e5rene.<\/p>\n<h2 data-start=\"11727\" data-end=\"11780\"><strong data-start=\"11730\" data-end=\"11780\">RETTSLIGE S\u00d8KSM\u00c5L, GJELDENDE LOV OG JURISDIKSJON<\/strong><\/h2>\n<p data-start=\"11782\" data-end=\"11965\"><a class=\"decorated-link\" href=\"https:\/\/esentyaestate.com\/\" target=\"_new\" rel=\"noopener\" data-start=\"11782\" data-end=\"11808\">https:\/\/esentyaestate.com\/<\/a> forbeholder seg retten til \u00e5 anlegge sivile eller strafferettslige skritt som anses n\u00f8dvendige for feil bruk av nettstedet og innholdet, eller for brudd p\u00e5 disse vilk\u00e5rene.<\/p>\n<p data-start=\"11967\" data-end=\"12330\">Forholdet mellom brukeren og <a class=\"decorated-link\" href=\"https:\/\/esentyaestate.com\/\" target=\"_new\" rel=\"noopener\" data-start=\"12005\" data-end=\"12031\">https:\/\/esentyaestate.com\/<\/a> skal reguleres av gjeldende lovgivning i Spania. Dersom det oppst\u00e5r tvister ang\u00e5ende tolkningen og\/eller anvendelsen av disse vilk\u00e5rene, skal partene henvise tvistene sine til vanlig jurisdiksjon, og henvise dem til de dommere og domstoler som er relevante i henhold til loven.<\/p>\n<p data-start=\"12332\" data-end=\"12366\"><strong data-start=\"12332\" data-end=\"12366\">Sist endret: 12. mai 2025<\/strong><\/p>","protected":false},"excerpt":{"rendered":"<p>LEGAL NOTICE https:\/\/esentyaestate.com\/ GENERAL INFORMATION In compliance with the duty of information set forth in Law 34\/2002 on Information Society Services and Electronic Commerce (LSSI-CE) of 11 July, the following general information data for this website are provided below:https:\/\/esentyaestate.com\/ The ownership of this website, https:\/\/esentyaestate.com\/, (hereinafter, Website) is held by: ESENTYA ESTATE &amp; PROMOTIONS S.L, with Tax ID: B10715092, whose contact details are:CALLE MAYOR, &#8230;<\/p>","protected":false},"author":1,"featured_media":0,"parent":0,"menu_order":0,"comment_status":"closed","ping_status":"closed","template":"page-templates\/terms_conditions.php","meta":{"inline_featured_image":false,"footnotes":""},"class_list":["post-5275","page","type-page","status-publish","hentry"],"_links":{"self":[{"href":"https:\/\/web.esentyaestate.com\/no\/wp-json\/wp\/v2\/pages\/5275","targetHints":{"allow":["GET"]}}],"collection":[{"href":"https:\/\/web.esentyaestate.com\/no\/wp-json\/wp\/v2\/pages"}],"about":[{"href":"https:\/\/web.esentyaestate.com\/no\/wp-json\/wp\/v2\/types\/page"}],"author":[{"embeddable":true,"href":"https:\/\/web.esentyaestate.com\/no\/wp-json\/wp\/v2\/users\/1"}],"replies":[{"embeddable":true,"href":"https:\/\/web.esentyaestate.com\/no\/wp-json\/wp\/v2\/comments?post=5275"}],"version-history":[{"count":2,"href":"https:\/\/web.esentyaestate.com\/no\/wp-json\/wp\/v2\/pages\/5275\/revisions"}],"predecessor-version":[{"id":21941,"href":"https:\/\/web.esentyaestate.com\/no\/wp-json\/wp\/v2\/pages\/5275\/revisions\/21941"}],"wp:attachment":[{"href":"https:\/\/web.esentyaestate.com\/no\/wp-json\/wp\/v2\/media?parent=5275"}],"curies":[{"name":"wp","href":"https:\/\/api.w.org\/{rel}","templated":true}]}}