{"id":22897,"date":"2025-12-09T11:49:25","date_gmt":"2025-12-09T11:49:25","guid":{"rendered":"https:\/\/web.esentyaestate.com\/?page_id=22897"},"modified":"2025-12-18T15:01:25","modified_gmt":"2025-12-18T15:01:25","slug":"sell-with-us","status":"publish","type":"page","link":"https:\/\/web.esentyaestate.com\/no\/sell-with-us\/","title":{"rendered":"Selg med oss"},"content":{"rendered":"<div data-elementor-type=\"wp-page\" data-elementor-id=\"22897\" class=\"elementor elementor-22897\" data-elementor-post-type=\"page\">\n\t\t\t\t<div class=\"elementor-element elementor-element-1f8c4a0d e-flex e-con-boxed e-con e-parent\" data-id=\"1f8c4a0d\" data-element_type=\"container\" data-settings=\"{&quot;background_background&quot;:&quot;slideshow&quot;,&quot;background_slideshow_slide_duration&quot;:10000,&quot;background_slideshow_gallery&quot;:[{&quot;id&quot;:22916,&quot;url&quot;:&quot;https:\\\/\\\/web.esentyaestate.com\\\/wp-content\\\/uploads\\\/2025\\\/12\\\/category-footer3-webp.webp&quot;},{&quot;id&quot;:22917,&quot;url&quot;:&quot;https:\\\/\\\/web.esentyaestate.com\\\/wp-content\\\/uploads\\\/2025\\\/12\\\/category-footer2-webp.webp&quot;}],&quot;background_slideshow_lazyload&quot;:&quot;yes&quot;,&quot;background_slideshow_ken_burns&quot;:&quot;yes&quot;,&quot;background_slideshow_loop&quot;:&quot;yes&quot;,&quot;background_slideshow_slide_transition&quot;:&quot;fade&quot;,&quot;background_slideshow_transition_duration&quot;:500,&quot;background_slideshow_ken_burns_zoom_direction&quot;:&quot;in&quot;}\">\n\t\t\t\t\t<div class=\"e-con-inner\">\n\t\t<div class=\"elementor-element elementor-element-1029d59 e-con-full e-flex e-con e-child\" data-id=\"1029d59\" data-element_type=\"container\">\n\t\t\t\t<div class=\"elementor-element elementor-element-17c471c7 elementor-widget elementor-widget-heading\" data-id=\"17c471c7\" data-element_type=\"widget\" data-widget_type=\"heading.default\">\n\t\t\t\t\t<h2 class=\"elementor-heading-title elementor-size-default\">Vil du vite verdien av din eiendom?<\/h2>\t\t\t\t<\/div>\n\t\t\t\t<div class=\"elementor-element elementor-element-24322dd7 elementor-widget elementor-widget-heading\" data-id=\"24322dd7\" data-element_type=\"widget\" data-widget_type=\"heading.default\">\n\t\t\t\t\t<h2 class=\"elementor-heading-title elementor-size-default\">\nF\u00e5 innsikt i verdien av din eiendom gjennom en grundig og profesjonell verdivurdering. Vi vurderer faktorene; beliggenhet, st\u00f8rrelse, tilstand og markedstrender, samt omsatte boliger for \u00e5 gi deg et n\u00f8yaktig estimat av boligens verdi.<\/h2>\t\t\t\t<\/div>\n\t\t\t\t<\/div>\n\t\t<div class=\"elementor-element elementor-element-55baafb3 e-flex e-con-boxed e-con e-child\" data-id=\"55baafb3\" data-element_type=\"container\" data-settings=\"{&quot;background_background&quot;:&quot;classic&quot;}\">\n\t\t\t\t\t<div class=\"e-con-inner\">\n\t\t\t\t<div class=\"elementor-element elementor-element-31b873a elementor-button-align-center elementor-widget elementor-widget-WpResidence_Contact_Form_Builder\" data-id=\"31b873a\" data-element_type=\"widget\" data-widget_type=\"WpResidence_Contact_Form_Builder.default\">\n\t\t\t\t<div class=\"elementor-widget-container\">\n\t\t\t\t\t\n\n\n\n\n        <form class=\"elementor-form wpresidence_elementor_form wpestate_contact_form_parent\"  id=\"wpresidence-elementor-form-31b873a\" method=\"post\" action=\"\" >\n            <div class=\"alert-box error\">\n                <div class=\"alert-message\" id=\"alert-agent-contact\"><\/div>\n            <\/div>\n            <input name=\"prop_id\" type=\"hidden\"  id=\"agent_property_id\" value=\"\">\n            <input name=\"prop_id\" type=\"hidden\"  id=\"agent_id\" value=\"\">\n            <input name=\"prop_id\" type=\"hidden\"  id=\"contact_form_elementor\" value=\"1\">\n            <input type=\"hidden\" name=\"contact_ajax_nonce\" id=\"agent_property_ajax_nonce\"  value=\"33f5f58628\" \/>\n\n            \n            \n            <input type=\"hidden\" id=\"wpresidence_form_id\" name=\"wpresidence_form_id\" value=\"wpresidence_form_7934\" \/>\n        \n            <input type=\"hidden\" id=\"elementor_email_subject\" name=\"email_suject\" value=\"New email from Sell with us\" \/>\n\n\n            <div class=\"elementor-form-fields-wrapper elementor-labels-above\">\n        <div class=\"elementor-field-group elementor-column form-group elementor-field-group-24f699d elementor-col-100\"><label for=\"form-field-24f699d\" class=\"elementor-field-label elementor-screen-only\">Fornavn<\/label><input type=\"text\" name=\"name\" id=\"form-field-24f699d\" class=\"elementor-field form-control elementor-size-md elementor-field-textual\" placeholder=\"Fullt navn\"><\/div><div class=\"elementor-field-group elementor-column form-group elementor-field-group-email elementor-field-required elementor-col-100\"><label for=\"form-field-email\" class=\"elementor-field-label elementor-screen-only\">E-post*<\/label><input type=\"email\" name=\"email\" id=\"form-field-email\" class=\"elementor-field form-control elementor-size-md elementor-field-textual\" required=\"required\" placeholder=\"E-post\"><\/div><div class=\"elementor-field-group elementor-column form-group elementor-field-group-message elementor-field-required elementor-col-100\"><label for=\"form-field-message\" class=\"elementor-field-label elementor-screen-only\">Mobil*<\/label><input type=\"text\" name=\"mobile\" id=\"form-field-message\" class=\"elementor-field form-control elementor-size-md elementor-field-textual\" required=\"required\" placeholder=\"Telefon\"><\/div><div class=\"elementor-field-group elementor-column form-group elementor-field-group-f1e07cd elementor-field-required elementor-col-100\"><label for=\"form-field-f1e07cd\" class=\"elementor-field-label elementor-screen-only\">Beskjed*<\/label><textarea class=\"form-control elementor-field-textual elementor-field elementor-size-md\" name=\"message\" id=\"form-field-f1e07cd\" rows=\"4\" required=\"required\" placeholder=\"Legg til en kort beskrivelse av eiendommen din\"><\/textarea><\/div>\n                <div class=\"elementor-field-group elementor-column elementor-field-type-submit elementor-col-100\">\n        <div class=\"gpr_wrapper\"><input type=\"checkbox\"  role=\"checkbox\" aria-checked=\"false\" id=\"wpestate_agree_gdpr\" class=\"wpestate_agree_gdpr\" name=\"wpestate_agree_gdpr\" \/>\n                    <label for=\"wpestate_agree_gdpr\"><a target=\"_blank\" href=\"https:\/\/web.esentyaestate.com\/no\/\">Al aktiver sjekk av &quot;Lectura y Aceptaci\u00f3n&quot; de nuestra Pol\u00edtica de Privacidad , usted est\u00e1 indicando que ha le\u00eddo, entiende, acepta y autoriza todas las cl\u00e1usulas especificadas para recogida, almacenamiento y el tratamient personalto de sus. Ver nuestra Pol\u00edtica de Privacidad.<\/a><\/label><\/div>\n\t\t\t\t\t\t\t\t\t\t\t\t                    <button type=\"submit\" class=\"agent_submit_class_elementor wpresidence_button wpresidence_button_elementor elementor-button elementor-size-md\">\n                    Send e-post                            <\/button>\n\n                <\/div>\n            <\/div>\n\n\n\n        <input type=\"hidden\" name=\"trp-form-language\" value=\"no\"\/><\/form>\n\n\n\n\n        \t\t\t\t<\/div>\n\t\t\t\t<\/div>\n\t\t\t\t\t<\/div>\n\t\t\t\t<\/div>\n\t\t\t\t\t<\/div>\n\t\t\t\t<\/div>\n\t\t<div class=\"elementor-element elementor-element-7351f3a0 e-flex e-con-boxed e-con e-parent\" data-id=\"7351f3a0\" data-element_type=\"container\" data-settings=\"{&quot;background_background&quot;:&quot;classic&quot;}\">\n\t\t\t\t\t<div class=\"e-con-inner\">\n\t\t\t\t<div class=\"elementor-element elementor-element-baf9eea elementor-invisible elementor-widget elementor-widget-Wpresidence_Sliding_Box\" data-id=\"baf9eea\" data-element_type=\"widget\" data-settings=\"{&quot;_animation&quot;:&quot;fadeIn&quot;}\" data-widget_type=\"Wpresidence_Sliding_Box.default\">\n\t\t\t\t<div class=\"elementor-widget-container\">\n\t\t\t\t\t<div class=\"wpestate_sliding_box_wrapper\">            <div class=\"wpestate_sliding_box active-element slider_box_size_3\">\n                <div class=\"sliding-image\" style=\"background-image:url(https:\/\/web.esentyaestate.com\/wp-content\/uploads\/2025\/12\/inspection_esentya.jpg)\"><\/div>\n                <div class=\"sliding-content-wrapper\">\n                    <h4>Inspeksjoner<\/h4>\n                    <p>Under en befaring g\u00e5r vi gjennom huset i detalj sammen og finner viktig informasjon som potensielle kj\u00f8pere vil synes er interessant. Befaringen fungerer som grunnlag for \u00e5 fastsette boligens verdi. Vi \u00f8nsker \u00e5 bli kjent med deg som kunde, slik at vi sammen kan utvikle den ideelle salgsmetoden for huset ditt. Befaringen er helt gratis og uforpliktende.<\/p>\n                    <div class=\"sliding-content-action\">\n                        <a class=\"wpresidence_button\" href=\"\"  rel=\"nofollow\"><span class=\"\"><\/span> <\/a>\n                    <\/div>\n                <\/div>\n            <\/div>\n                        <div class=\"wpestate_sliding_box  slider_box_size_3\">\n                <div class=\"sliding-image\" style=\"background-image:url(https:\/\/web.esentyaestate.com\/wp-content\/uploads\/2025\/12\/advertising_marketing_esentya.jpg)\"><\/div>\n                <div class=\"sliding-content-wrapper\">\n                    <h4>Reklame og markedsf\u00f8ring<\/h4>\n                    <p>\u00c5 n\u00e5 ut til s\u00e5 mange potensielle kj\u00f8pere som mulig er viktig ved boligsalg, og vi har hundrevis av potensielle kj\u00f8pere som mottar nyhetsbrevene v\u00e5re. Vi markedsf\u00f8rer oss p\u00e5 verdens st\u00f8rste og viktigste eiendomsportaler og samarbeider med andre seri\u00f8se meglere som spesialiserer seg i andre markeder enn v\u00e5rt eget. De viktigste markedene \u00e5 fremheve her er Belgia, Tyskland, Nederland, Frankrike, Storbritannia, Spania og resten av Skandinavia.<\/p>\n                    <div class=\"sliding-content-action\">\n                        <a class=\"wpresidence_button\" href=\"\"  rel=\"nofollow\"><span class=\"\"><\/span> <\/a>\n                    <\/div>\n                <\/div>\n            <\/div>\n            <\/div>\t\t\t\t<\/div>\n\t\t\t\t<\/div>\n\t\t\t\t<div class=\"elementor-element elementor-element-9062453 elementor-invisible elementor-widget elementor-widget-Wpresidence_Sliding_Box\" data-id=\"9062453\" data-element_type=\"widget\" data-settings=\"{&quot;_animation&quot;:&quot;fadeIn&quot;}\" data-widget_type=\"Wpresidence_Sliding_Box.default\">\n\t\t\t\t<div class=\"elementor-widget-container\">\n\t\t\t\t\t<div class=\"wpestate_sliding_box_wrapper\">            <div class=\"wpestate_sliding_box  slider_box_size_3\">\n                <div class=\"sliding-image\" style=\"background-image:url(https:\/\/web.esentyaestate.com\/wp-content\/uploads\/2025\/12\/staging_the_property_esentya.jpg)\"><\/div>\n                <div class=\"sliding-content-wrapper\">\n                    <h4>Oppsett av eiendommen<\/h4>\n                    <p>En av de viktigste komponentene i et vellykket boligsalg er presentasjonen av boligen. Vi mener at det hele ligger i detaljene. Vi samarbeider med en dyktig fotograf og stylist, og tilbyr ogs\u00e5 all n\u00f8dvendig virtuell styling. Vi tilbyr ogs\u00e5 360-graders visning, dronebilder og en videopresentasjon av eiendommen. Vi samarbeider for \u00e5 velge pakken som passer for ditt hjem.<\/p>\n                    <div class=\"sliding-content-action\">\n                        <a class=\"wpresidence_button\" href=\"\"  rel=\"nofollow\"><span class=\"\"><\/span> <\/a>\n                    <\/div>\n                <\/div>\n            <\/div>\n                        <div class=\"wpestate_sliding_box active-element slider_box_size_3\">\n                <div class=\"sliding-image\" style=\"background-image:url(https:\/\/web.esentyaestate.com\/wp-content\/uploads\/2025\/12\/settlement_esentya.jpg)\"><\/div>\n                <div class=\"sliding-content-wrapper\">\n                    <h4>Oppgj\u00f8r<\/h4>\n                    <p>En av de viktigste komponentene i et vellykket boligsalg er presentasjonen av boligen. Vi mener at det hele ligger i detaljene. Vi samarbeider med en dyktig fotograf og stylist, og tilbyr ogs\u00e5 all n\u00f8dvendig virtuell styling. Vi tilbyr ogs\u00e5 360-graders visning, dronebilder og en videopresentasjon av eiendommen. Vi samarbeider for \u00e5 velge pakken som passer for ditt hjem.<\/p>\n                    <div class=\"sliding-content-action\">\n                        <a class=\"wpresidence_button\" href=\"\"  rel=\"nofollow\"><span class=\"\"><\/span> <\/a>\n                    <\/div>\n                <\/div>\n            <\/div>\n            <\/div>\t\t\t\t<\/div>\n\t\t\t\t<\/div>\n\t\t\t\t<div class=\"elementor-element elementor-element-51dbf923 elementor-invisible elementor-widget elementor-widget-Wpresidence_Sliding_Box\" data-id=\"51dbf923\" data-element_type=\"widget\" data-settings=\"{&quot;_animation&quot;:&quot;fadeIn&quot;}\" data-widget_type=\"Wpresidence_Sliding_Box.default\">\n\t\t\t\t<div class=\"elementor-widget-container\">\n\t\t\t\t\t<div class=\"wpestate_sliding_box_wrapper\">            <div class=\"wpestate_sliding_box active-element slider_box_size_3\">\n                <div class=\"sliding-image\" style=\"background-image:url(https:\/\/web.esentyaestate.com\/wp-content\/uploads\/2025\/11\/buy_property.jpeg)\"><\/div>\n                <div class=\"sliding-content-wrapper\">\n                    <h4>Dokumentasjon<\/h4>\n                    <p>Kopi av NIE-dokumentet til eierne Kopi av pass fra eiere av eiendommen og skj\u00f8te Kopi av sist betalte eiendomsskatt og vann-\/str\u00f8mregning Energiattest (Hvis du ikke har dette, bist\u00e5r vi med dette) Hvis det er pant i boligen, trenger vi bankens navn og filial Kontakt administrasjonen som tilh\u00f8rer din urbanisasjon En salgskontrakt som bekrefter avtalen mellom Esentya Real Estate og selger.<\/p>\n                    <div class=\"sliding-content-action\">\n                        <a class=\"wpresidence_button\" href=\"\"  rel=\"nofollow\"><span class=\"\"><\/span> <\/a>\n                    <\/div>\n                <\/div>\n            <\/div>\n                        <div class=\"wpestate_sliding_box  slider_box_size_3\">\n                <div class=\"sliding-image\" style=\"background-image:url(https:\/\/web.esentyaestate.com\/wp-content\/uploads\/2025\/12\/documents_esentya.jpg)\"><\/div>\n                <div class=\"sliding-content-wrapper\">\n                    <h4>Kostnader og skatter<\/h4>\n                    <p>Fellesskatt, Plusvalia, p\u00e5 \u00f8kning av verdien i henhold til tomteverdi. Avtalt gebyr til megler. Gevinstskatt. Skatt p\u00e5 fortjeneste mellom de deklarerte verdiene ved kj\u00f8p\/salg. Ikke-skattepliktige selgere: 3% av salgsprisen trekkes og avregnes mot en potensiell gevinstskatt. IBI \/ SUMA for \u00e5ret det selges. Advokat C\u00e9dula de habitabilidad (Sertifikat som viser at boligen er bygget riktig).<\/p>\n                    <div class=\"sliding-content-action\">\n                        <a class=\"wpresidence_button\" href=\"\"  rel=\"nofollow\"><span class=\"\"><\/span> <\/a>\n                    <\/div>\n                <\/div>\n            <\/div>\n            <\/div>\t\t\t\t<\/div>\n\t\t\t\t<\/div>\n\t\t\t\t\t<\/div>\n\t\t\t\t<\/div>\n\t\t\t\t<\/div>","protected":false},"excerpt":{"rendered":"<p>Want to know your property&#8217;s worth? Gain insight into the true worth of your property through a thorough and professional valuation process. Our team of experts meticulously assesses various factors including location, size, condition, and recent market trends to provide you with an accurate estimation of your home&#8217;s value. First NameEmail*Mobile*Message* Al activar el check de &#8220;Lectura y Aceptaci\u00f3n&#8221; de nuestra Pol\u00edtica de Privacidad &#8230;<\/p>","protected":false},"author":1,"featured_media":0,"parent":0,"menu_order":0,"comment_status":"closed","ping_status":"closed","template":"elementor_header_footer","meta":{"inline_featured_image":false,"footnotes":""},"class_list":["post-22897","page","type-page","status-publish","hentry"],"_links":{"self":[{"href":"https:\/\/web.esentyaestate.com\/no\/wp-json\/wp\/v2\/pages\/22897","targetHints":{"allow":["GET"]}}],"collection":[{"href":"https:\/\/web.esentyaestate.com\/no\/wp-json\/wp\/v2\/pages"}],"about":[{"href":"https:\/\/web.esentyaestate.com\/no\/wp-json\/wp\/v2\/types\/page"}],"author":[{"embeddable":true,"href":"https:\/\/web.esentyaestate.com\/no\/wp-json\/wp\/v2\/users\/1"}],"replies":[{"embeddable":true,"href":"https:\/\/web.esentyaestate.com\/no\/wp-json\/wp\/v2\/comments?post=22897"}],"version-history":[{"count":60,"href":"https:\/\/web.esentyaestate.com\/no\/wp-json\/wp\/v2\/pages\/22897\/revisions"}],"predecessor-version":[{"id":26680,"href":"https:\/\/web.esentyaestate.com\/no\/wp-json\/wp\/v2\/pages\/22897\/revisions\/26680"}],"wp:attachment":[{"href":"https:\/\/web.esentyaestate.com\/no\/wp-json\/wp\/v2\/media?parent=22897"}],"curies":[{"name":"wp","href":"https:\/\/api.w.org\/{rel}","templated":true}]}}