{"id":21942,"date":"2025-11-27T08:40:21","date_gmt":"2025-11-27T08:40:21","guid":{"rendered":"https:\/\/web.esentyaestate.com\/?page_id=21942"},"modified":"2025-11-27T08:44:30","modified_gmt":"2025-11-27T08:44:30","slug":"cookies-policy","status":"publish","type":"page","link":"https:\/\/web.esentyaestate.com\/no\/cookies-policy\/","title":{"rendered":"Informasjonskapsler"},"content":{"rendered":"<p data-start=\"245\" data-end=\"653\">Tilgang til dette nettstedet kan inneb\u00e6re bruk av informasjonskapsler. Informasjonskapsler er sm\u00e5 mengder informasjon som lagres i nettleseren som brukes av hver bruker \u2013 p\u00e5 de forskjellige enhetene de kan bruke til \u00e5 surfe \u2013 slik at serveren husker bestemt informasjon som senere og bare vil bli lest av serveren som implementerte den. Informasjonskapsler forenkler surfing, gj\u00f8r det mer brukervennlig og skader ikke nettleserenheten.<\/p>\n<p data-start=\"655\" data-end=\"953\">Informasjonskapsler er automatiske prosedyrer for \u00e5 samle inn informasjon om preferansene som brukeren angir under bes\u00f8ket p\u00e5 nettstedet for \u00e5 gjenkjenne dem som en bruker, tilpasse opplevelsen deres og bruken av nettstedet, og kan for eksempel ogs\u00e5 bidra til \u00e5 identifisere og l\u00f8se feil.<\/p>\n<p data-start=\"955\" data-end=\"1513\">Informasjonen som samles inn gjennom informasjonskapsler kan inkludere dato og klokkeslett for bes\u00f8k p\u00e5 nettstedet, hvilke sider som ble vist, tiden som ble brukt p\u00e5 nettstedet og hvilke nettsteder som ble bes\u00f8kt rett f\u00f8r og etter det. Ingen informasjonskapsler tillater imidlertid kontakt med brukerens telefonnummer eller andre former for personlig kontakt. Ingen informasjonskapsler kan hente ut informasjon fra brukerens harddisk eller stjele personlig informasjon. Den eneste m\u00e5ten brukerens private informasjon kan bli en del av informasjonskapselfilen p\u00e5, er at brukeren personlig oppgir denne informasjonen til serveren.<\/p>\n<p data-start=\"1515\" data-end=\"1924\">Informasjonskapsler som tillater identifisering av en person regnes som personopplysninger. Derfor gjelder den tidligere beskrevne personvernerkl\u00e6ringen for dem. I denne forstand krever bruken av disse informasjonskapslene brukerens samtykke. Dette samtykket skal formidles basert p\u00e5 et autentisk valg, gitt gjennom en bekreftende og positiv avgj\u00f8relse, f\u00f8r den f\u00f8rste behandlingen, fjernes og dokumenteres.<\/p>\n<h2 data-start=\"1931\" data-end=\"1949\"><strong data-start=\"1934\" data-end=\"1949\">Egne informasjonskapsler<\/strong><\/h2>\n<p data-start=\"1951\" data-end=\"2380\">Dette er informasjonskapsler som sendes til brukerens datamaskin eller enhet og administreres utelukkende av <a class=\"decorated-link\" href=\"https:\/\/esentyaestate.com\/\" target=\"_new\" rel=\"noopener\" data-start=\"2043\" data-end=\"2069\">https:\/\/esentyaestate.com\/<\/a>for bedre funksjon av nettstedet. Informasjonen som samles inn brukes til \u00e5 forbedre kvaliteten p\u00e5 nettstedet, innholdet og brukeropplevelsen. Disse informasjonskapslene gj\u00f8r det mulig for brukeren \u00e5 bli gjenkjent som en tilbakevendende bes\u00f8kende p\u00e5 nettstedet og \u00e5 tilpasse innholdet for \u00e5 tilby innhold som passer deres preferanser.<\/p>\n<p data-start=\"2382\" data-end=\"2969\">Informasjonen som innhentes refererer seg for eksempel til antall bes\u00f8kte sider, spr\u00e5ket, stedet brukerens IP-adresse tilg\u00e5s fra, antall brukere som bes\u00f8ker nettstedet, hyppighet og gjentakelse av bes\u00f8k, lengden p\u00e5 bes\u00f8kene, nettleseren som brukes, operat\u00f8ren eller typen enhet bes\u00f8ket gj\u00f8res fra. Denne informasjonen brukes til \u00e5 forbedre nettstedet og oppdage nye behov for \u00e5 tilby brukerne innhold og\/eller tjenester av optimal kvalitet. Uansett samles informasjonen inn anonymt, og trendrapporter for nettstedet utarbeides uten \u00e5 identifisere individuelle brukere.<\/p>\n<p data-start=\"2971\" data-end=\"3165\">Mer informasjon om informasjonskapsler, personverninformasjon eller beskrivelse av typen informasjonskapsler som brukes, deres viktigste egenskaper, utl\u00f8psperiode osv. kan finnes p\u00e5 f\u00f8lgende lenke(r):<\/p>\n<p data-start=\"3167\" data-end=\"3187\"><strong data-start=\"3167\" data-end=\"3187\">GOOGLE ANALYTIKS<\/strong><\/p>\n<p data-start=\"3189\" data-end=\"3388\">Enheten(e) som er ansvarlige for \u00e5 levere informasjonskapsler kan overf\u00f8re denne informasjonen til tredjeparter, forutsatt at loven krever det, eller n\u00e5r en tredjepart behandler denne informasjonen for nevnte enheter.<\/p>\n<h2 data-start=\"3395\" data-end=\"3422\"><strong data-start=\"3398\" data-end=\"3422\">Informasjonskapsler for sosiale medier<\/strong><\/h2>\n<p data-start=\"3424\" data-end=\"4049\"><a class=\"decorated-link\" href=\"https:\/\/esentyaestate.com\/\" target=\"_new\" rel=\"noopener\" data-start=\"3424\" data-end=\"3450\">https:\/\/esentyaestate.com\/<\/a> inneholder plugins for sosiale medier, som gir tilgang til dem fra nettstedet. Av denne grunn kan informasjonskapsler for sosiale medier lagres i brukerens nettleser. Eierne av disse sosiale nettverkene har sine egne retningslinjer for databeskyttelse og informasjonskapsler, og er i hvert tilfelle selv ansvarlige for sine egne filer og sin egen personvernpraksis. Brukeren m\u00e5 henvise til dem for \u00e5 f\u00e5 informasjon om disse informasjonskapslene og, der det er aktuelt, behandlingen av deres personopplysninger. F\u00f8lgende lenker er kun oppgitt for informasjonsform\u00e5l der disse retningslinjene for personvern og\/eller informasjonskapsler kan konsulteres:<\/p>\n<ul data-start=\"4051\" data-end=\"4486\">\n<li data-start=\"4051\" data-end=\"4107\">\n<p data-start=\"4053\" data-end=\"4107\">Facebook: <a class=\"decorated-link\" href=\"https:\/\/www.facebook.com\/policies\/cookies\/\" target=\"_new\" rel=\"noopener\" data-start=\"4063\" data-end=\"4105\">https:\/\/www.facebook.com\/policies\/cookies\/<\/a><\/p>\n<\/li>\n<li data-start=\"4108\" data-end=\"4151\">\n<p data-start=\"4110\" data-end=\"4151\">Twitter: <a class=\"decorated-link\" href=\"https:\/\/twitter.com\/es\/privacy\" target=\"_new\" rel=\"noopener\" data-start=\"4119\" data-end=\"4149\">https:\/\/twitter.com\/es\/privacy<\/a><\/p>\n<\/li>\n<li data-start=\"4152\" data-end=\"4217\">\n<p data-start=\"4154\" data-end=\"4217\">Instagram: <a class=\"decorated-link\" href=\"https:\/\/help.instagram.com\/1896641480634370?ref=ig\" target=\"_new\" rel=\"noopener\" data-start=\"4165\" data-end=\"4215\">https:\/\/help.instagram.com\/1896641480634370?ref=ig<\/a><\/p>\n<\/li>\n<li data-start=\"4218\" data-end=\"4282\">\n<p data-start=\"4220\" data-end=\"4282\">Youtube: <a class=\"decorated-link\" href=\"https:\/\/policies.google.com\/privacy?hl=es-419&amp;gl=mx\" target=\"_new\" rel=\"noopener\" data-start=\"4229\" data-end=\"4280\">https:\/\/policies.google.com\/privacy?hl=es-419&amp;gl=mx<\/a><\/p>\n<\/li>\n<li data-start=\"4283\" data-end=\"4350\">\n<p data-start=\"4285\" data-end=\"4350\">Google+: <a class=\"decorated-link\" href=\"https:\/\/policies.google.com\/technologies\/cookies?hl=es\" target=\"_new\" rel=\"noopener\" data-start=\"4294\" data-end=\"4348\">https:\/\/policies.google.com\/technologies\/cookies?hl=es<\/a><\/p>\n<\/li>\n<li data-start=\"4351\" data-end=\"4412\">\n<p data-start=\"4353\" data-end=\"4412\">Pinterest: <a class=\"decorated-link\" href=\"https:\/\/policy.pinterest.com\/es\/privacy-policy\" target=\"_new\" rel=\"noopener\" data-start=\"4364\" data-end=\"4410\">https:\/\/policy.pinterest.com\/es\/privacy-policy<\/a><\/p>\n<\/li>\n<li data-start=\"4413\" data-end=\"4486\">\n<p data-start=\"4415\" data-end=\"4486\">LinkedIn: <a class=\"decorated-link\" href=\"https:\/\/www.linkedin.com\/legal\/cookie-policy?trk=hp-cookies\" target=\"_new\" rel=\"noopener\" data-start=\"4425\" data-end=\"4484\">https:\/\/www.linkedin.com\/legal\/cookie-policy?trk=hp-cookies<\/a><\/p>\n<\/li>\n<\/ul>\n<h2 data-start=\"4493\" data-end=\"4534\"><strong data-start=\"4496\" data-end=\"4534\">Deaktiver, avvis og slett informasjonskapsler<\/strong><\/h2>\n<p data-start=\"4536\" data-end=\"4938\">Brukeren kan deaktivere, avvise og slette informasjonskapsler \u2013 helt eller delvis \u2013 som er installert p\u00e5 enheten sin ved \u00e5 konfigurere nettleseren sin (inkludert for eksempel Chrome, Firefox, Safari, Explorer). I denne forbindelse kan prosedyrene for \u00e5 avvise og slette informasjonskapsler variere fra nettleser til nettleser. F\u00f8lgelig m\u00e5 brukeren konsultere instruksjonene som f\u00f8lger med nettleseren de bruker.<\/p>\n<p data-start=\"4940\" data-end=\"5084\">Hvis brukeren avviser bruken av informasjonskapsler \u2013 helt eller delvis \u2013 kan de fortsette \u00e5 bruke nettstedet, selv om noen av funksjonene kan v\u00e6re begrensede.<\/p>","protected":false},"excerpt":{"rendered":"<p>Access to this Website may involve the use of cookies. Cookies are small amounts of information that are stored in the browser used by each User \u2014on the different devices they may use to browse\u2014 so that the server remembers certain information which will later and only be read by the server that implemented it. Cookies facilitate browsing, make it more user-friendly, and do &#8230;<\/p>","protected":false},"author":1,"featured_media":0,"parent":0,"menu_order":0,"comment_status":"closed","ping_status":"closed","template":"page-templates\/terms_conditions.php","meta":{"inline_featured_image":false,"footnotes":""},"class_list":["post-21942","page","type-page","status-publish","hentry"],"_links":{"self":[{"href":"https:\/\/web.esentyaestate.com\/no\/wp-json\/wp\/v2\/pages\/21942","targetHints":{"allow":["GET"]}}],"collection":[{"href":"https:\/\/web.esentyaestate.com\/no\/wp-json\/wp\/v2\/pages"}],"about":[{"href":"https:\/\/web.esentyaestate.com\/no\/wp-json\/wp\/v2\/types\/page"}],"author":[{"embeddable":true,"href":"https:\/\/web.esentyaestate.com\/no\/wp-json\/wp\/v2\/users\/1"}],"replies":[{"embeddable":true,"href":"https:\/\/web.esentyaestate.com\/no\/wp-json\/wp\/v2\/comments?post=21942"}],"version-history":[{"count":1,"href":"https:\/\/web.esentyaestate.com\/no\/wp-json\/wp\/v2\/pages\/21942\/revisions"}],"predecessor-version":[{"id":21943,"href":"https:\/\/web.esentyaestate.com\/no\/wp-json\/wp\/v2\/pages\/21942\/revisions\/21943"}],"wp:attachment":[{"href":"https:\/\/web.esentyaestate.com\/no\/wp-json\/wp\/v2\/media?parent=21942"}],"curies":[{"name":"wp","href":"https:\/\/api.w.org\/{rel}","templated":true}]}}