{"id":18153,"date":"2014-05-24T13:54:01","date_gmt":"2014-05-24T13:54:01","guid":{"rendered":"http:\/\/wpresidence.net\/?page_id=13"},"modified":"2025-11-27T08:43:34","modified_gmt":"2025-11-27T08:43:34","slug":"privacy-policy","status":"publish","type":"page","link":"https:\/\/web.esentyaestate.com\/no\/privacy-policy\/","title":{"rendered":"Personvern"},"content":{"rendered":"<p data-start=\"305\" data-end=\"596\">I samsvar med bestemmelsene i gjeldende lovgivning, <a class=\"decorated-link\" href=\"https:\/\/esentyaestate.com\/\" target=\"_new\" rel=\"noopener\" data-start=\"384\" data-end=\"410\">https:\/\/esentyaestate.com\/<\/a> (heretter ogs\u00e5 kalt Nettstedet) forplikter seg til \u00e5 iverksette n\u00f8dvendige tekniske og organisatoriske tiltak, i henhold til et passende sikkerhetsniv\u00e5 i forhold til risikoen knyttet til de innsamlede dataene.<\/p>\n<p data-start=\"598\" data-end=\"831\"><strong data-start=\"598\" data-end=\"644\">Lover innlemmet i denne personvernerkl\u00e6ringen<\/strong><br data-start=\"644\" data-end=\"647\" \/>Denne personvernerkl\u00e6ringen er tilpasset gjeldende spanske og europeiske forskrifter om beskyttelse av personopplysninger p\u00e5 internett. Mer spesifikt overholder den f\u00f8lgende forskrifter:<\/p>\n<ul data-start=\"833\" data-end=\"1369\">\n<li data-start=\"833\" data-end=\"1056\">\n<p data-start=\"835\" data-end=\"1056\">Europaparlamentets og R\u00e5dets forordning (EU) 2016\/679 av 27. april 2016 om vern av fysiske personer i forbindelse med behandling av personopplysninger og om fri utveksling av slike opplysninger (GDPR).<\/p>\n<\/li>\n<li data-start=\"1057\" data-end=\"1220\">\n<p data-start=\"1059\" data-end=\"1220\">Kongelig resolusjon 1720\/2007 av 21. desember, som godkjenner forskriften om implementering av organisk lov 15\/1999 av 13. desember om vern av personopplysninger (RDLOPD).<\/p>\n<\/li>\n<li data-start=\"1221\" data-end=\"1323\">\n<p data-start=\"1223\" data-end=\"1323\">Lov 34\/2002 av 11. juli om informasjonssamfunnets tjenester og elektronisk handel (LSSI-CE).<\/p>\n<\/li>\n<li data-start=\"1324\" data-end=\"1369\">\n<p data-start=\"1326\" data-end=\"1369\">Organisk lov 3\/2018 av 5. desember (LOPDGDD).<\/p>\n<\/li>\n<\/ul>\n<p data-start=\"1371\" data-end=\"1759\"><strong data-start=\"1371\" data-end=\"1418\">Identiteten til den behandlingsansvarlige for personopplysninger<\/strong><br data-start=\"1418\" data-end=\"1421\" \/>Den behandlingsansvarlige for personopplysningene som samles inn p\u00e5 <a class=\"decorated-link\" href=\"https:\/\/esentyaestate.com\/\" target=\"_new\" rel=\"noopener\" data-start=\"1470\" data-end=\"1496\">https:\/\/esentyaestate.com\/<\/a> er ESENTYA ESTATE &amp; PROMOTIONS SL, med skatte-ID-nummer: B10715092 (heretter kalt databehandler). Kontaktinformasjonen deres er som f\u00f8lger:<br data-start=\"1627\" data-end=\"1630\" \/>Adresse: CALLE MAYOR, N.11, Torrevieja, 03188, Alicante.<br data-start=\"1686\" data-end=\"1689\" \/>Kontakt-e-post: <a class=\"decorated-link cursor-pointer\" rel=\"noopener\" data-start=\"1704\" data-end=\"1736\">administracion@esentyaestate.com<\/a><br data-start=\"1736\" data-end=\"1739\" \/>Telefon: 634205959<\/p>\n<p data-start=\"1761\" data-end=\"1947\"><strong data-start=\"1761\" data-end=\"1821\">Prinsipper som gjelder for behandling av personopplysninger<\/strong><br data-start=\"1821\" data-end=\"1824\" \/>Behandlingen av brukerens personopplysninger skal v\u00e6re underlagt f\u00f8lgende prinsipper som er angitt i artikkel 5 i GDPR:<\/p>\n<ul data-start=\"1948\" data-end=\"2998\">\n<li data-start=\"1948\" data-end=\"2157\">\n<p data-start=\"1950\" data-end=\"2157\"><strong data-start=\"1950\" data-end=\"2005\">Prinsippet om lovlighet, rettferdighet og \u00e5penhet:<\/strong> Brukerens samtykke skal til enhver tid kreves etter fullstendig transparent informasjon om form\u00e5lene som personopplysninger samles inn for.<\/p>\n<\/li>\n<li data-start=\"2158\" data-end=\"2280\">\n<p data-start=\"2160\" data-end=\"2280\"><strong data-start=\"2160\" data-end=\"2196\">Prinsippet om form\u00e5lsbegrensning:<\/strong> personopplysninger skal samles inn for spesifiserte, eksplisitte og legitime form\u00e5l.<\/p>\n<\/li>\n<li data-start=\"2281\" data-end=\"2445\">\n<p data-start=\"2283\" data-end=\"2445\"><strong data-start=\"2283\" data-end=\"2318\">Prinsipp for dataminimering:<\/strong> Personopplysningene som samles inn skal kun v\u00e6re de som er strengt n\u00f8dvendige i forhold til form\u00e5lene de behandles for.<\/p>\n<\/li>\n<li data-start=\"2446\" data-end=\"2530\">\n<p data-start=\"2448\" data-end=\"2530\"><strong data-start=\"2448\" data-end=\"2474\">Prinsipp for n\u00f8yaktighet:<\/strong> personopplysninger m\u00e5 v\u00e6re n\u00f8yaktige og alltid oppdaterte.<\/p>\n<\/li>\n<li data-start=\"2531\" data-end=\"2715\">\n<p data-start=\"2533\" data-end=\"2715\"><strong data-start=\"2533\" data-end=\"2569\">Prinsipp for lagringsbegrensning:<\/strong> Personopplysninger skal kun oppbevares i en form som tillater identifisering av brukeren i den tiden som er n\u00f8dvendig for behandlingen av dem.<\/p>\n<\/li>\n<li data-start=\"2716\" data-end=\"2861\">\n<p data-start=\"2718\" data-end=\"2861\"><strong data-start=\"2718\" data-end=\"2765\">Prinsippet om integritet og konfidensialitet:<\/strong> personopplysninger skal behandles p\u00e5 en m\u00e5te som sikrer deres sikkerhet og konfidensialitet.<\/p>\n<\/li>\n<li data-start=\"2862\" data-end=\"2998\">\n<p data-start=\"2864\" data-end=\"2998\"><strong data-start=\"2864\" data-end=\"2906\">Prinsippet om proaktivt ansvar:<\/strong> Den behandlingsansvarlige er ansvarlig for \u00e5 sikre at ovennevnte prinsipper overholdes.<\/p>\n<\/li>\n<\/ul>\n<p data-start=\"3000\" data-end=\"3234\"><strong data-start=\"3000\" data-end=\"3031\">Kategorier av personopplysninger<\/strong><br data-start=\"3031\" data-end=\"3034\" \/>Kategoriene av data som behandles p\u00e5 <a class=\"decorated-link\" href=\"https:\/\/esentyaestate.com\/\" target=\"_new\" rel=\"noopener\" data-start=\"3070\" data-end=\"3096\">https:\/\/esentyaestate.com\/<\/a> er utelukkende identifikasjonsdata. Spesielle kategorier av personopplysninger behandles ikke under noen omstendigheter i henhold til artikkel 9 i GDPR.<\/p>\n<p data-start=\"3236\" data-end=\"3505\"><strong data-start=\"3236\" data-end=\"3280\">Rettslig grunnlag for behandling av personopplysninger<\/strong><br data-start=\"3280\" data-end=\"3283\" \/>Det rettslige grunnlaget for behandling av personopplysninger er samtykke. <a class=\"decorated-link\" href=\"https:\/\/esentyaestate.com\/\" target=\"_new\" rel=\"noopener\" data-start=\"3340\" data-end=\"3366\">https:\/\/esentyaestate.com\/<\/a> forplikter seg til \u00e5 innhente brukerens uttrykkelige og verifiserbare samtykke til behandling av deres personopplysninger for ett eller flere spesifikke form\u00e5l.<\/p>\n<p data-start=\"3507\" data-end=\"3711\">Brukeren har rett til \u00e5 trekke tilbake sitt samtykke n\u00e5r som helst. Det skal v\u00e6re like enkelt \u00e5 trekke tilbake samtykket som \u00e5 gi det. Som hovedregel er tilbaketrekking av samtykke ikke en betingelse for bruk av nettstedet.<\/p>\n<p data-start=\"3713\" data-end=\"4064\">I tilfeller der brukeren m\u00e5 eller kan oppgi sine opplysninger via skjemaer for \u00e5 komme med foresp\u00f8rsler, be om informasjon eller av \u00e5rsaker knyttet til innholdet p\u00e5 nettstedet, skal brukeren informeres dersom utfylling av slike skjemaer er obligatorisk fordi slike opplysninger er avgj\u00f8rende for korrekt utf\u00f8relse av den utf\u00f8rte operasjonen.<\/p>\n<p data-start=\"4066\" data-end=\"4425\"><strong data-start=\"4066\" data-end=\"4113\">Form\u00e5lene med behandlingen av personopplysninger<\/strong><br data-start=\"4113\" data-end=\"4116\" \/>Personopplysninger samles inn og administreres av <a class=\"decorated-link\" href=\"https:\/\/esentyaestate.com\/\" target=\"_new\" rel=\"noopener\" data-start=\"4159\" data-end=\"4185\">https:\/\/esentyaestate.com\/<\/a> med det form\u00e5l \u00e5 legge til rette for, effektivisere og oppfylle forpliktelsene som er etablert mellom nettstedet og brukeren, eller \u00e5 opprettholde forholdet som er etablert i skjemaene som sistnevnte fyller ut, eller \u00e5 h\u00e5ndtere en foresp\u00f8rsel eller henvendelse.<\/p>\n<p data-start=\"4427\" data-end=\"4784\">P\u00e5 samme m\u00e5te kan dataene brukes til kommersielle, driftsmessige og statistiske form\u00e5l, og aktiviteter knyttet til selskapets form\u00e5l med <a class=\"decorated-link\" href=\"https:\/\/esentyaestate.com\/\" target=\"_new\" rel=\"noopener\" data-start=\"4563\" data-end=\"4589\">https:\/\/esentyaestate.com\/<\/a>, samt for utvinning, lagring av data og markedsf\u00f8ringsstudier for \u00e5 skreddersy innholdet som tilbys brukeren, samt forbedre kvaliteten, driften og nettleseropplevelsen p\u00e5 nettstedet.<\/p>\n<p data-start=\"4786\" data-end=\"4996\">N\u00e5r personopplysningene innhentes, skal brukeren informeres om det\/de spesifikke form\u00e5let\/form\u00e5lene som personopplysningene vil bli behandlet for, det vil si bruken(e) som vil bli gjort av den innsamlede informasjonen.<\/p>\n<p data-start=\"4998\" data-end=\"5292\"><strong data-start=\"4998\" data-end=\"5037\">Oppbevaringsperioder for personopplysninger<\/strong><br data-start=\"5037\" data-end=\"5040\" \/>Personopplysninger skal kun oppbevares i den korteste tiden som er n\u00f8dvendig for behandlingen av dem, og under alle omstendigheter kun i f\u00f8lgende periode: tiden som er n\u00f8dvendig for \u00e5 utf\u00f8re de avtalte aktivitetene, eller inntil brukeren ber om sletting av dem.<\/p>\n<p data-start=\"5294\" data-end=\"5498\">N\u00e5r personopplysninger innhentes, skal brukeren informeres om hvor lenge personopplysningene vil bli lagret, eller, dersom dette ikke er mulig, kriteriene som brukes for \u00e5 bestemme denne perioden.<\/p>\n<p data-start=\"5500\" data-end=\"5598\"><strong data-start=\"5500\" data-end=\"5531\">Mottakere av personopplysninger<\/strong><br data-start=\"5531\" data-end=\"5534\" \/>Brukerens personopplysninger skal ikke deles med tredjeparter.<\/p>\n<p data-start=\"5600\" data-end=\"5755\">Uansett skal brukeren informeres om mottakerne eller kategoriene av mottakere av personopplysningene n\u00e5r personopplysningene innhentes.<\/p>\n<p data-start=\"5757\" data-end=\"6180\"><strong data-start=\"5757\" data-end=\"5784\">Personopplysninger for mindre\u00e5rige<\/strong><br data-start=\"5784\" data-end=\"5787\" \/>I samsvar med artikkel 8 i GDPR og artikkel 13 i RDLOPD, kan bare personer over 14 \u00e5r lovlig gi sitt samtykke til behandling av deres personopplysninger ved \u00e5 <a class=\"decorated-link\" href=\"https:\/\/esentyaestate.com\/\" target=\"_new\" rel=\"noopener\" data-start=\"5961\" data-end=\"5987\">https:\/\/esentyaestate.com\/<\/a>Dersom brukeren er under 14 \u00e5r, kreves samtykke fra foreldre eller verge for behandlingen, og slik behandling skal bare anses som lovlig i den grad de har gitt tillatelse til det.<\/p>\n<p data-start=\"6182\" data-end=\"6581\"><strong data-start=\"6182\" data-end=\"6223\">Taushetsplikt og sikkerhet for personopplysninger<\/strong><br data-start=\"6223\" data-end=\"6226\" \/><a class=\"decorated-link\" href=\"https:\/\/esentyaestate.com\/\" target=\"_new\" rel=\"noopener\" data-start=\"6226\" data-end=\"6252\">https:\/\/esentyaestate.com\/<\/a> forplikter seg til \u00e5 iverksette n\u00f8dvendige tekniske og organisatoriske tiltak, i henhold til det passende sikkerhetsniv\u00e5et for risikoen knyttet til de innsamlede dataene, for \u00e5 sikre sikkerheten til personopplysninger og forhindre utilsiktet eller ulovlig \u00f8deleggelse, tap eller endring, eller uautorisert kommunikasjon eller tilgang til slike data.<\/p>\n<p data-start=\"6583\" data-end=\"6809\">Nettstedet har et SSL-sertifikat (Secure Socket Layer), som sikrer at personopplysninger overf\u00f8res sikkert og konfidensielt, ettersom dataoverf\u00f8ring mellom serveren og brukeren, og i tilbakemeldinger, er fullstendig kryptert.<\/p>\n<p data-start=\"6811\" data-end=\"7466\">Imidlertid, som <a class=\"decorated-link\" href=\"https:\/\/esentyaestate.com\/\" target=\"_new\" rel=\"noopener\" data-start=\"6823\" data-end=\"6849\">https:\/\/esentyaestate.com\/<\/a> kan ikke garantere absolutt sikkerhet p\u00e5 internett eller frav\u00e6r av hackere eller andre som uredelig f\u00e5r tilgang til personopplysninger, forplikter den behandlingsansvarlige seg til \u00e5 varsle brukeren uten un\u00f8dig forsinkelse n\u00e5r det oppst\u00e5r et brudd p\u00e5 personopplysningssikkerheten som sannsynligvis vil medf\u00f8re en h\u00f8y risiko for fysiske personers rettigheter og friheter. I henhold til artikkel 4 i GDPR betyr et brudd p\u00e5 personopplysningssikkerheten ethvert brudd p\u00e5 sikkerheten som f\u00f8rer til utilsiktet eller ulovlig \u00f8deleggelse, tap eller endring av personopplysninger som er overf\u00f8rt, lagret eller p\u00e5 annen m\u00e5te behandlet, eller uautorisert kommunikasjon av eller tilgang til slike data.<\/p>\n<p data-start=\"7468\" data-end=\"7741\">Personopplysninger skal behandles konfidensielt av den behandlingsansvarlige, som forplikter seg til \u00e5 informere og sikre gjennom en juridisk eller kontraktsmessig forpliktelse at slik konfidensialitet respekteres av dens ansatte, partnere og enhver person som informasjonen gj\u00f8res tilgjengelig for.<\/p>\n<p data-start=\"7743\" data-end=\"7946\"><strong data-start=\"7743\" data-end=\"7798\">Rettigheter som f\u00f8lge av behandling av personopplysninger<\/strong><br data-start=\"7798\" data-end=\"7801\" \/>Brukeren har, og kan derfor gj\u00f8re gjeldende mot <a class=\"decorated-link\" href=\"https:\/\/esentyaestate.com\/\" target=\"_new\" rel=\"noopener\" data-start=\"7850\" data-end=\"7876\">https:\/\/esentyaestate.com\/<\/a> og den behandlingsansvarlige, f\u00f8lgende rettigheter anerkjent i GDPR:<\/p>\n<ul data-start=\"7948\" data-end=\"10570\">\n<li data-start=\"7948\" data-end=\"8393\">\n<p data-start=\"7950\" data-end=\"8393\"><strong data-start=\"7950\" data-end=\"7970\">Rett til innsyn:<\/strong> Brukeren har rett til \u00e5 f\u00e5 bekreftelse p\u00e5 hvorvidt <a class=\"decorated-link\" href=\"https:\/\/esentyaestate.com\/\" target=\"_new\" rel=\"noopener\" data-start=\"8031\" data-end=\"8057\">https:\/\/esentyaestate.com\/<\/a> behandler deres personopplysninger, og i s\u00e5 fall \u00e5 innhente informasjon om deres spesifikke personopplysninger og behandlingen som <a class=\"decorated-link\" href=\"https:\/\/esentyaestate.com\/\" target=\"_new\" rel=\"noopener\" data-start=\"8185\" data-end=\"8211\">https:\/\/esentyaestate.com\/<\/a> har utf\u00f8rt eller kan utf\u00f8re, samt blant annet tilgjengelig informasjon om opprinnelsen til slike data og mottakerne av den utf\u00f8rte eller planlagte kommunikasjonen.<\/p>\n<\/li>\n<li data-start=\"8394\" data-end=\"8560\">\n<p data-start=\"8396\" data-end=\"8560\"><strong data-start=\"8396\" data-end=\"8423\">Rett til retting:<\/strong> Brukeren har rett til \u00e5 f\u00e5 personopplysninger som viser seg \u00e5 v\u00e6re uriktige endret eller, gitt form\u00e5lene med behandlingen, fullf\u00f8rt.<\/p>\n<\/li>\n<li data-start=\"8561\" data-end=\"9452\">\n<p data-start=\"8563\" data-end=\"9452\"><strong data-start=\"8563\" data-end=\"8610\">Rett til sletting (\u00abretten til \u00e5 bli glemt\u00bb):<\/strong> Brukeren har rett, med mindre annet er fastsatt i gjeldende lovgivning, til \u00e5 f\u00e5 sine personopplysninger slettet n\u00e5r slike opplysninger ikke lenger er n\u00f8dvendige for form\u00e5lene de ble samlet inn eller behandlet for; n\u00e5r brukeren trekker tilbake samtykket og det ikke foreligger noe annet rettslig grunnlag; n\u00e5r brukeren protesterer mot behandlingen og det ikke foreligger noen annen legitim grunn til \u00e5 fortsette den; n\u00e5r opplysningene er behandlet ulovlig; n\u00e5r opplysningene m\u00e5 slettes p\u00e5 grunn av en rettslig forpliktelse; eller n\u00e5r opplysningene ble innhentet fra direkte tilbud om informasjonssamfunnstjenester til en mindre\u00e5rig under 14 \u00e5r. I tillegg m\u00e5 den behandlingsansvarlige, med tanke p\u00e5 tilgjengelig teknologi og implementeringskostnader, ta rimelige skritt for \u00e5 informere behandlingsansvarlige som behandler personopplysningene om den registrertes anmodning om sletting av enhver lenke til slike personopplysninger.<\/p>\n<\/li>\n<li data-start=\"9454\" data-end=\"9798\">\n<p data-start=\"9456\" data-end=\"9798\"><strong data-start=\"9456\" data-end=\"9495\">Rett til begrensning av behandling:<\/strong> Brukeren har rett til \u00e5 begrense behandlingen av sine personopplysninger n\u00e5r vedkommende bestrider n\u00f8yaktigheten av sine personopplysninger; n\u00e5r behandlingen er ulovlig; n\u00e5r den behandlingsansvarlige ikke lenger trenger personopplysningene, men brukeren trenger dem for krav; og n\u00e5r brukeren har protestert mot behandlingen.<\/p>\n<\/li>\n<li data-start=\"9799\" data-end=\"10175\">\n<p data-start=\"9801\" data-end=\"10175\"><strong data-start=\"9801\" data-end=\"9831\">Rett til dataportabilitet:<\/strong> Der behandlingen utf\u00f8res automatisert, har brukeren rett til \u00e5 motta sine personopplysninger fra den behandlingsansvarlige i et strukturert, vanlig brukt og maskinlesbart format, og til \u00e5 overf\u00f8re dem til en annen behandlingsansvarlig. Der det er teknisk mulig, skal den behandlingsansvarlige overf\u00f8re dataene direkte til den andre behandlingsansvarlige.<\/p>\n<\/li>\n<li data-start=\"10176\" data-end=\"10305\">\n<p data-start=\"10178\" data-end=\"10305\"><strong data-start=\"10178\" data-end=\"10198\">Rett til \u00e5 protestere:<\/strong> Brukeren har rett til \u00e5 protestere mot behandlingen av sine personopplysninger ved \u00e5 <a class=\"decorated-link\" href=\"https:\/\/esentyaestate.com\/\" target=\"_new\" rel=\"noopener\" data-start=\"10276\" data-end=\"10302\">https:\/\/esentyaestate.com\/<\/a>.<\/p>\n<\/li>\n<li data-start=\"10306\" data-end=\"10570\">\n<p data-start=\"10308\" data-end=\"10570\"><strong data-start=\"10308\" data-end=\"10397\">Rett til ikke \u00e5 bli gjenstand for automatisert individuell avgj\u00f8relse, inkludert profilering:<\/strong> Brukeren har rett til ikke \u00e5 bli underlagt en avgj\u00f8relse basert utelukkende p\u00e5 automatisert behandling av personopplysningene sine, inkludert profilering, med mindre annet er fastsatt i loven.<\/p>\n<\/li>\n<\/ul>\n<p data-start=\"10572\" data-end=\"10738\">Brukeren kan dermed ut\u00f8ve sine rettigheter ved skriftlig kommunikasjon adressert til den behandlingsansvarlige med referansen \u00abGDPR \u2013\u00bb <a class=\"decorated-link cursor-pointer\" target=\"_new\" rel=\"noopener\" data-start=\"10698\" data-end=\"10725\">https:\/\/esentyaestate.com\/\u201d<\/a>, spesifiserer:<\/p>\n<ul data-start=\"10740\" data-end=\"11268\">\n<li data-start=\"10740\" data-end=\"11049\">\n<p data-start=\"10742\" data-end=\"11049\">Brukerens navn, etternavn og en kopi av ID-kort. Der representasjon er tillatt, skal det ogs\u00e5 kreves identifikasjon av representanten p\u00e5 samme m\u00e5te, samt dokumentasjon som beviser representasjon. Kopien av ID-kortet kan erstattes med andre juridisk gyldige bevis for identitet.<\/p>\n<\/li>\n<li data-start=\"11050\" data-end=\"11141\">\n<p data-start=\"11052\" data-end=\"11141\">Foresp\u00f8rsel med angivelse av de spesifikke \u00e5rsakene til foresp\u00f8rselen eller informasjonen som er tilgjengelig.<\/p>\n<\/li>\n<li data-start=\"11142\" data-end=\"11180\">\n<p data-start=\"11144\" data-end=\"11180\">Adresse for varslingsform\u00e5l.<\/p>\n<\/li>\n<li data-start=\"11181\" data-end=\"11221\">\n<p data-start=\"11183\" data-end=\"11221\">S\u00f8kerens dato og underskrift.<\/p>\n<\/li>\n<li data-start=\"11222\" data-end=\"11268\">\n<p data-start=\"11224\" data-end=\"11268\">Ethvert dokument som beviser at foresp\u00f8rselen er fremsatt.<\/p>\n<\/li>\n<\/ul>\n<p data-start=\"11270\" data-end=\"11421\">Denne foresp\u00f8rselen og eventuelle andre vedlagte dokumenter kan sendes til f\u00f8lgende e-postadresse:<br data-start=\"11359\" data-end=\"11362\" \/><a class=\"decorated-link cursor-pointer\" rel=\"noopener\" data-start=\"11362\" data-end=\"11394\">administracion@esentyaestate.com<\/a> <a class=\"decorated-link\" href=\"https:\/\/esentyaestate.com\/\" target=\"_new\" rel=\"noopener\" data-start=\"11395\" data-end=\"11421\">https:\/\/esentyaestate.com\/<\/a><\/p>\n<p data-start=\"11423\" data-end=\"11946\"><strong data-start=\"11423\" data-end=\"11470\">Klager til tilsynsmyndigheten<\/strong><br data-start=\"11470\" data-end=\"11473\" \/>Dersom brukeren mener at det foreligger et problem eller brudd p\u00e5 gjeldende lovgivning i m\u00e5ten deres personopplysninger behandles p\u00e5, har de rett til effektiv rettslig beskyttelse og til \u00e5 klage til en tilsynsmyndighet, s\u00e6rlig i staten der de har sitt vanlige oppholdssted, arbeidssted eller stedet for den p\u00e5st\u00e5tte krenkelsen. I Spanias tilfelle er tilsynsmyndigheten det spanske datatilsynet (<a class=\"decorated-link\" href=\"http:\/\/www.aepd.es\/\" target=\"_new\" rel=\"noopener\" data-start=\"11926\" data-end=\"11944\">http:\/\/www.aepd.es<\/a>).<\/p>\n<p data-start=\"11948\" data-end=\"12335\">Brukeren m\u00e5 ha lest og samtykke i vilk\u00e5rene for beskyttelse av personopplysninger i denne personvernerkl\u00e6ringen og informasjonskapslene, og m\u00e5 godta behandlingen av personopplysningene sine slik at den behandlingsansvarlige kan fortsette med slik behandling p\u00e5 den m\u00e5ten, i den tidsrammen og til de form\u00e5l som er angitt. Bruk av nettstedet inneb\u00e6rer aksept av denne personvernerkl\u00e6ringen og informasjonskapslene.<\/p>\n<p data-start=\"12337\" data-end=\"12655\"><a class=\"decorated-link\" href=\"https:\/\/esentyaestate.com\/\" target=\"_new\" rel=\"noopener\" data-start=\"12337\" data-end=\"12363\">https:\/\/esentyaestate.com\/<\/a> forbeholder seg retten til \u00e5 endre sine retningslinjer for personvern og informasjonskapsler, i henhold til egne kriterier, eller p\u00e5 grunn av en endring i lovgivning, rettsvitenskap eller doktrin fra det spanske datatilsynet. Eventuelle endringer eller oppdateringer av disse retningslinjene for personvern og informasjonskapsler skal uttrykkelig varsles til brukeren.<\/p>\n<p data-start=\"12657\" data-end=\"12942\">Denne personvernerkl\u00e6ringen og retningslinjene for informasjonskapsler ble oppdatert 12. mai 2025 for \u00e5 tilpasse seg forordning (EU) 2016\/679 fra Europaparlamentet og R\u00e5det av 27. april 2016 om vern av fysiske personer i forbindelse med behandling av personopplysninger og fri utveksling av slike opplysninger (GDPR).<\/p>","protected":false},"excerpt":{"rendered":"<p>In compliance with the provisions of current legislation, https:\/\/esentyaestate.com\/ (hereinafter also the Website) undertakes to adopt the necessary technical and organisational measures, according to the appropriate level of security to the risk of the data collected. Laws incorporated into this privacy policyThis privacy policy is adapted to current Spanish and European regulations on the protection of personal data on the internet. Specifically, it complies &#8230;<\/p>","protected":false},"author":1,"featured_media":0,"parent":0,"menu_order":0,"comment_status":"closed","ping_status":"closed","template":"","meta":{"inline_featured_image":false,"footnotes":""},"class_list":["post-18153","page","type-page","status-publish","hentry"],"_links":{"self":[{"href":"https:\/\/web.esentyaestate.com\/no\/wp-json\/wp\/v2\/pages\/18153","targetHints":{"allow":["GET"]}}],"collection":[{"href":"https:\/\/web.esentyaestate.com\/no\/wp-json\/wp\/v2\/pages"}],"about":[{"href":"https:\/\/web.esentyaestate.com\/no\/wp-json\/wp\/v2\/types\/page"}],"author":[{"embeddable":true,"href":"https:\/\/web.esentyaestate.com\/no\/wp-json\/wp\/v2\/users\/1"}],"replies":[{"embeddable":true,"href":"https:\/\/web.esentyaestate.com\/no\/wp-json\/wp\/v2\/comments?post=18153"}],"version-history":[{"count":2,"href":"https:\/\/web.esentyaestate.com\/no\/wp-json\/wp\/v2\/pages\/18153\/revisions"}],"predecessor-version":[{"id":21939,"href":"https:\/\/web.esentyaestate.com\/no\/wp-json\/wp\/v2\/pages\/18153\/revisions\/21939"}],"wp:attachment":[{"href":"https:\/\/web.esentyaestate.com\/no\/wp-json\/wp\/v2\/media?parent=18153"}],"curies":[{"name":"wp","href":"https:\/\/api.w.org\/{rel}","templated":true}]}}