{"id":5275,"date":"2014-05-24T13:51:08","date_gmt":"2014-05-24T13:51:08","guid":{"rendered":"http:\/\/wpresidence.net\/?page_id=9"},"modified":"2025-11-27T08:43:50","modified_gmt":"2025-11-27T08:43:50","slug":"legal-notice","status":"publish","type":"page","link":"https:\/\/web.esentyaestate.com\/fr\/legal-notice\/","title":{"rendered":"Mentions L\u00e9gales"},"content":{"rendered":"<p style=\"text-align: center;\" data-start=\"279\" data-end=\"305\"><strong>MENTIONS L\u00c9GALES<\/strong><\/p>\n<p style=\"text-align: center;\" data-start=\"279\" data-end=\"305\"><a class=\"decorated-link\" href=\"https:\/\/esentyaestate.com\/\" target=\"_new\" rel=\"noopener\" data-start=\"279\" data-end=\"305\">https:\/\/esentyaestate.com\/<\/a><\/p>\n<h2 style=\"text-align: center;\" data-start=\"307\" data-end=\"335\"><strong data-start=\"310\" data-end=\"333\">INFORMATIONS G\u00c9N\u00c9RALES<\/strong><\/h2>\n<p data-start=\"336\" data-end=\"586\">Conform\u00e9ment \u00e0 l&#039;obligation d&#039;information pr\u00e9vue par la loi 34\/2002 relative aux services de la soci\u00e9t\u00e9 de l&#039;information et au commerce \u00e9lectronique (LSSI-CE) du 11 juillet, les informations g\u00e9n\u00e9rales suivantes concernant ce site web sont fournies ci-dessous\u00a0:<br data-start=\"557\" data-end=\"560\" \/><a class=\"decorated-link\" href=\"https:\/\/esentyaestate.com\/\" target=\"_new\" rel=\"noopener\" data-start=\"560\" data-end=\"586\">https:\/\/esentyaestate.com\/<\/a><\/p>\n<p data-start=\"588\" data-end=\"884\">La propri\u00e9t\u00e9 de ce site web, <a class=\"decorated-link\" href=\"https:\/\/esentyaestate.com\/\" target=\"_new\" rel=\"noopener\" data-start=\"619\" data-end=\"645\">https:\/\/esentyaestate.com\/<\/a>Le pr\u00e9sent site Web (ci-apr\u00e8s d\u00e9nomm\u00e9 \u00ab\u00a0le Site Web\u00a0\u00bb) est d\u00e9tenu par\u00a0: ESENTYA ESTATE &amp; PROMOTIONS SL, dont le num\u00e9ro d\u2019identification fiscale est\u00a0: B10715092 et dont les coordonn\u00e9es sont les suivantes\u00a0:<br data-start=\"765\" data-end=\"768\" \/>CALLE MAYOR, N.11 03188 Torrevieja Alicante<br data-start=\"811\" data-end=\"814\" \/>Adresse \u00e9lectronique de contact\u00a0: <a class=\"decorated-link cursor-pointer\" rel=\"noopener\" data-start=\"829\" data-end=\"861\">administracion@esentyaestate.com<\/a><br data-start=\"861\" data-end=\"864\" \/>T\u00e9l\u00e9phone : 634205959<\/p>\n<h2 data-start=\"891\" data-end=\"933\"><strong data-start=\"894\" data-end=\"933\">CONDITIONS G\u00c9N\u00c9RALES D&#039;UTILISATION<\/strong><\/h2>\n<h3 data-start=\"935\" data-end=\"987\"><strong data-start=\"939\" data-end=\"985\">Objet des conditions : Le site web<\/strong><\/h3>\n<p data-start=\"988\" data-end=\"1515\">Les pr\u00e9sentes Conditions G\u00e9n\u00e9rales d&#039;Utilisation (ci-apr\u00e8s les \u00ab\u00a0Conditions\u00a0\u00bb) ont pour objet de r\u00e9gir l&#039;acc\u00e8s au Site Web et son utilisation. Aux fins des pr\u00e9sentes Conditions, le Site Web comprend\u00a0: l&#039;apparence ext\u00e9rieure des interfaces \u00e0 l&#039;\u00e9cran, statiques et dynamiques, c&#039;est-\u00e0-dire la structure de navigation\u00a0; et tous les \u00e9l\u00e9ments int\u00e9gr\u00e9s \u00e0 ces interfaces ainsi qu&#039;\u00e0 la structure de navigation (ci-apr\u00e8s les \u00ab\u00a0Contenus\u00a0\u00bb) et tous les services ou ressources en ligne susceptibles d&#039;\u00eatre propos\u00e9s aux Utilisateurs (ci-apr\u00e8s les \u00ab\u00a0Services\u00a0\u00bb).<\/p>\n<p data-start=\"1517\" data-end=\"1898\"><a class=\"decorated-link\" href=\"https:\/\/esentyaestate.com\/\" target=\"_new\" rel=\"noopener\" data-start=\"1517\" data-end=\"1543\">https:\/\/esentyaestate.com\/<\/a> se r\u00e9serve le droit de modifier, \u00e0 tout moment et sans pr\u00e9avis, la pr\u00e9sentation et la configuration du Site Web ainsi que les Contenus et Services qui y sont int\u00e9gr\u00e9s. L&#039;Utilisateur reconna\u00eet et accepte que, \u00e0 tout moment <a class=\"decorated-link\" href=\"https:\/\/esentyaestate.com\/\" target=\"_new\" rel=\"noopener\" data-start=\"1765\" data-end=\"1791\">https:\/\/esentyaestate.com\/<\/a> peuvent interrompre, d\u00e9sactiver et\/ou annuler tout \u00e9l\u00e9ment int\u00e9gr\u00e9 au site Web ou l&#039;acc\u00e8s \u00e0 celui-ci.<\/p>\n<p data-start=\"1900\" data-end=\"2182\">L\u2019acc\u00e8s au site Web par l\u2019Utilisateur est gratuit et, en r\u00e8gle g\u00e9n\u00e9rale, sans que l\u2019Utilisateur ait \u00e0 fournir de contrepartie pour en b\u00e9n\u00e9ficier, \u00e0 l\u2019exception du co\u00fbt de la connexion via le r\u00e9seau de t\u00e9l\u00e9communications fourni par le prestataire souscrit par l\u2019Utilisateur.<\/p>\n<h3 data-start=\"2189\" data-end=\"2207\"><strong data-start=\"2193\" data-end=\"2205\">L&#039;utilisateur<\/strong><\/h3>\n<p data-start=\"2208\" data-end=\"2778\">L\u2019acc\u00e8s, la navigation et l\u2019utilisation du site Web, ainsi que les espaces permettant l\u2019interaction entre les utilisateurs, et l\u2019utilisateur et <a class=\"decorated-link\" href=\"https:\/\/esentyaestate.com\/\" target=\"_new\" rel=\"noopener\" data-start=\"2323\" data-end=\"2349\">https:\/\/esentyaestate.com\/<\/a>L\u2019acc\u00e8s \u00e0 certains espaces, tels que les commentaires et\/ou les blogs, conf\u00e8re le statut d\u2019Utilisateur. D\u00e8s le d\u00e9but de la navigation sur le Site, l\u2019Utilisateur accepte l\u2019int\u00e9gralit\u00e9 des Conditions g\u00e9n\u00e9rales d\u2019utilisation, ainsi que leurs modifications ult\u00e9rieures, sans pr\u00e9judice de l\u2019application des dispositions l\u00e9gales imp\u00e9ratives applicables. Compte tenu de l\u2019importance de ce qui pr\u00e9c\u00e8de, il est recommand\u00e9 \u00e0 l\u2019Utilisateur de les consulter \u00e0 chaque visite du Site.<\/p>\n<p data-start=\"2780\" data-end=\"2985\">Le site Web de <a class=\"decorated-link\" href=\"https:\/\/esentyaestate.com\/\" target=\"_new\" rel=\"noopener\" data-start=\"2795\" data-end=\"2821\">https:\/\/esentyaestate.com\/<\/a> Ce site web propose une grande vari\u00e9t\u00e9 d&#039;informations, de services et de donn\u00e9es. L&#039;utilisateur est responsable de la bonne utilisation du site. Cette responsabilit\u00e9 s&#039;\u00e9tend notamment \u00e0\u00a0:<\/p>\n<ul data-start=\"2987\" data-end=\"3775\">\n<li data-start=\"2987\" data-end=\"3276\">\n<p data-start=\"2989\" data-end=\"3276\">Utilisation des informations, contenus et\/ou services et donn\u00e9es propos\u00e9s par <a class=\"decorated-link\" href=\"https:\/\/esentyaestate.com\/\" target=\"_new\" rel=\"noopener\" data-start=\"3058\" data-end=\"3084\">https:\/\/esentyaestate.com\/<\/a> sans \u00eatre contraire aux pr\u00e9sentes Conditions, \u00e0 la Loi, \u00e0 la morale ou \u00e0 l&#039;ordre public, ni d&#039;aucune autre mani\u00e8re susceptible de porter atteinte aux droits de tiers ou au fonctionnement du Site Web.<\/p>\n<\/li>\n<li data-start=\"3277\" data-end=\"3775\">\n<p data-start=\"3279\" data-end=\"3775\">La v\u00e9racit\u00e9 et la l\u00e9galit\u00e9 des informations fournies par l&#039;Utilisateur dans les formulaires \u00e9mis par <a class=\"decorated-link\" href=\"https:\/\/esentyaestate.com\/\" target=\"_new\" rel=\"noopener\" data-start=\"3372\" data-end=\"3398\">https:\/\/esentyaestate.com\/<\/a> pour acc\u00e9der \u00e0 certains Contenus ou Services propos\u00e9s par le Site Web. Dans tous les cas, l&#039;Utilisateur doit en informer imm\u00e9diatement l&#039;Utilisateur. <a class=\"decorated-link\" href=\"https:\/\/esentyaestate.com\/\" target=\"_new\" rel=\"noopener\" data-start=\"3513\" data-end=\"3539\">https:\/\/esentyaestate.com\/<\/a> de tout fait permettant l&#039;utilisation abusive des informations enregistr\u00e9es dans ces formulaires, comme, mais sans s&#039;y limiter, le vol, la perte ou l&#039;acc\u00e8s non autoris\u00e9 aux identifiants et\/ou aux mots de passe, afin de proc\u00e9der \u00e0 leur annulation imm\u00e9diate.<\/p>\n<\/li>\n<\/ul>\n<p data-start=\"3777\" data-end=\"4117\"><a class=\"decorated-link\" href=\"https:\/\/esentyaestate.com\/\" target=\"_new\" rel=\"noopener\" data-start=\"3777\" data-end=\"3803\">https:\/\/esentyaestate.com\/<\/a> se r\u00e9serve le droit de supprimer tous les commentaires et contributions qui enfreignent la loi, le respect de la dignit\u00e9 humaine, qui sont discriminatoires, x\u00e9nophobes, racistes, pornographiques, constituent du spam, qui sont nuisibles \u00e0 la jeunesse ou aux enfants, \u00e0 l&#039;ordre public ou \u00e0 la s\u00e9curit\u00e9, ou qui, \u00e0 son avis, ne sont pas appropri\u00e9s \u00e0 la publication.<\/p>\n<p data-start=\"4119\" data-end=\"4293\">Dans tous les cas, <a class=\"decorated-link\" href=\"https:\/\/esentyaestate.com\/\" target=\"_new\" rel=\"noopener\" data-start=\"4132\" data-end=\"4158\">https:\/\/esentyaestate.com\/<\/a> ne saurait \u00eatre tenu responsable des opinions exprim\u00e9es par les utilisateurs via les commentaires ou autres outils de blog ou de participation existants.<\/p>\n<p data-start=\"4295\" data-end=\"4443\">Le simple acc\u00e8s \u00e0 ce site Web n&#039;implique pas l&#039;\u00e9tablissement d&#039;une quelconque relation commerciale entre <a class=\"decorated-link\" href=\"https:\/\/esentyaestate.com\/\" target=\"_new\" rel=\"noopener\" data-start=\"4403\" data-end=\"4429\">https:\/\/esentyaestate.com\/<\/a> et l&#039;Utilisateur.<\/p>\n<p data-start=\"4445\" data-end=\"4598\">Toujours sous r\u00e9serve de la l\u00e9gislation en vigueur, ce site Web s&#039;adresse \u00e0 toutes les personnes, quel que soit leur \u00e2ge, qui peuvent acc\u00e9der aux pages du site et\/ou les consulter.<\/p>\n<p data-start=\"4600\" data-end=\"5122\">Ce site web s&#039;adresse principalement aux utilisateurs r\u00e9sidant en Espagne.<br data-start=\"4655\" data-end=\"4658\" \/><a class=\"decorated-link\" href=\"https:\/\/esentyaestate.com\/\" target=\"_new\" rel=\"noopener\" data-start=\"4658\" data-end=\"4684\">https:\/\/esentyaestate.com\/<\/a> ne garantit pas que le Site Web soit conforme, en tout ou en partie, aux lois des autres pays. Si l&#039;Utilisateur r\u00e9side ou est domicili\u00e9 ailleurs et d\u00e9cide d&#039;acc\u00e9der au Site Web et\/ou de le consulter, il le fait sous sa propre responsabilit\u00e9\u00a0; il lui incombe de s&#039;assurer que cet acc\u00e8s et cette navigation sont conformes \u00e0 la l\u00e9gislation locale applicable. <a class=\"decorated-link\" href=\"https:\/\/esentyaestate.com\/\" target=\"_new\" rel=\"noopener\" data-start=\"5027\" data-end=\"5053\">https:\/\/esentyaestate.com\/<\/a> n&#039;assumera aucune responsabilit\u00e9 pouvant d\u00e9couler de cet acc\u00e8s.<\/p>\n<h2 data-start=\"5129\" data-end=\"5209\"><strong data-start=\"5132\" data-end=\"5209\">ACC\u00c8S ET NAVIGATION SUR LE SITE WEB\u00a0: EXCLUSION DE GARANTIES ET DE RESPONSABILIT\u00c9<\/strong><\/h2>\n<p data-start=\"5211\" data-end=\"5563\"><a class=\"decorated-link\" href=\"https:\/\/esentyaestate.com\/\" target=\"_new\" rel=\"noopener\" data-start=\"5211\" data-end=\"5237\">https:\/\/esentyaestate.com\/<\/a> ne garantit pas la continuit\u00e9, la disponibilit\u00e9 et l&#039;utilit\u00e9 du site Web, ni de son contenu ou de ses services. <a class=\"decorated-link\" href=\"https:\/\/esentyaestate.com\/\" target=\"_new\" rel=\"noopener\" data-start=\"5350\" data-end=\"5376\">https:\/\/esentyaestate.com\/<\/a> Nous mettrons tout en \u0153uvre pour assurer le bon fonctionnement du site Web ; toutefois, nous ne garantissons pas que l&#039;acc\u00e8s \u00e0 ce site Web sera ininterrompu ou exempt d&#039;erreurs.<\/p>\n<p data-start=\"5565\" data-end=\"6038\">Elle ne pr\u00e9sume ni ne garantit non plus que le contenu ou les logiciels accessibles via ce site Web soient exempts d&#039;erreurs ou qu&#039;ils ne causent aucun dommage au syst\u00e8me informatique (logiciels et mat\u00e9riels) de l&#039;utilisateur. En aucun cas, <a class=\"decorated-link\" href=\"https:\/\/esentyaestate.com\/\" target=\"_new\" rel=\"noopener\" data-start=\"5794\" data-end=\"5820\">https:\/\/esentyaestate.com\/<\/a> ne seront pas responsables des pertes, dommages ou pr\u00e9judices de quelque nature que ce soit r\u00e9sultant de l&#039;acc\u00e8s, de la navigation et de l&#039;utilisation du site Web, y compris, mais sans s&#039;y limiter, les dommages caus\u00e9s aux syst\u00e8mes informatiques ou les dommages caus\u00e9s par l&#039;introduction de virus.<\/p>\n<p data-start=\"6040\" data-end=\"6306\"><a class=\"decorated-link\" href=\"https:\/\/esentyaestate.com\/\" target=\"_new\" rel=\"noopener\" data-start=\"6040\" data-end=\"6066\">https:\/\/esentyaestate.com\/<\/a> La soci\u00e9t\u00e9 ne saurait \u00eatre tenue responsable des dommages pouvant \u00eatre caus\u00e9s aux utilisateurs par une utilisation inappropri\u00e9e du pr\u00e9sent site web. Elle ne saurait notamment \u00eatre tenue responsable des pannes, interruptions, d\u00e9faillances ou dysfonctionnements des t\u00e9l\u00e9communications.<\/p>\n<p data-start=\"6308\" data-end=\"6588\">Il est port\u00e9 \u00e0 votre connaissance que le site Web de <a class=\"decorated-link\" href=\"https:\/\/esentyaestate.com\/\" target=\"_new\" rel=\"noopener\" data-start=\"6350\" data-end=\"6376\">https:\/\/esentyaestate.com\/<\/a> fournit ou peut fournir aux utilisateurs des outils de liaison (tels que, entre autres, des liens, des banni\u00e8res, des boutons), des r\u00e9pertoires et des moteurs de recherche qui permettent aux utilisateurs d&#039;acc\u00e9der \u00e0 des sites Web appartenant \u00e0 et\/ou g\u00e9r\u00e9s par des tiers.<\/p>\n<p data-start=\"6590\" data-end=\"6863\">L\u2019installation de ces liens, r\u00e9pertoires et moteurs de recherche sur le site Web a pour but de faciliter la recherche et l\u2019acc\u00e8s des utilisateurs aux informations disponibles sur Internet, et ne doit pas \u00eatre consid\u00e9r\u00e9e comme une suggestion, une recommandation ou une invitation \u00e0 les consulter.<\/p>\n<p data-start=\"6865\" data-end=\"7019\"><a class=\"decorated-link\" href=\"https:\/\/esentyaestate.com\/\" target=\"_new\" rel=\"noopener\" data-start=\"6865\" data-end=\"6891\">https:\/\/esentyaestate.com\/<\/a> ne propose ni ne vend, que ce soit directement ou par l&#039;interm\u00e9diaire de tiers, les produits et\/ou services disponibles sur ces sites li\u00e9s.<\/p>\n<p data-start=\"7021\" data-end=\"7197\">De m\u00eame, elle ne garantit pas la disponibilit\u00e9 technique, l&#039;exactitude, la v\u00e9racit\u00e9, la validit\u00e9 ou la l\u00e9galit\u00e9 des sites ext\u00e9rieurs \u00e0 sa propri\u00e9t\u00e9 accessibles via les liens.<\/p>\n<p data-start=\"7199\" data-end=\"7446\"><a class=\"decorated-link\" href=\"https:\/\/esentyaestate.com\/\" target=\"_new\" rel=\"noopener\" data-start=\"7199\" data-end=\"7225\">https:\/\/esentyaestate.com\/<\/a> Elle ne contr\u00f4le ni n&#039;examine en aucun cas le contenu d&#039;autres sites web, et n&#039;approuve, n&#039;examine ni ne cautionne les produits et services, le contenu, les fichiers et tout autre mat\u00e9riel pr\u00e9sents sur les sites li\u00e9s susmentionn\u00e9s.<\/p>\n<p data-start=\"7448\" data-end=\"7730\"><a class=\"decorated-link\" href=\"https:\/\/esentyaestate.com\/\" target=\"_new\" rel=\"noopener\" data-start=\"7448\" data-end=\"7474\">https:\/\/esentyaestate.com\/<\/a> n&#039;assume aucune responsabilit\u00e9 pour les dommages pouvant r\u00e9sulter de l&#039;acc\u00e8s, de l&#039;utilisation, de la qualit\u00e9 ou de la l\u00e9galit\u00e9 des contenus, communications, opinions, produits et services des sites web non g\u00e9r\u00e9s par elle <a class=\"decorated-link\" href=\"https:\/\/esentyaestate.com\/\" target=\"_new\" rel=\"noopener\" data-start=\"7666\" data-end=\"7692\">https:\/\/esentyaestate.com\/<\/a> et qui sont li\u00e9s sur ce site Web.<\/p>\n<h2 data-start=\"7737\" data-end=\"7754\"><strong data-start=\"7740\" data-end=\"7754\">LIENS HYPERTEXTES<\/strong><\/h2>\n<p data-start=\"7756\" data-end=\"7889\">L&#039;Utilisateur ou le tiers qui cr\u00e9e un lien hypertexte depuis un autre site Web vers le Site Web de <a class=\"decorated-link\" href=\"https:\/\/esentyaestate.com\/\" target=\"_new\" rel=\"noopener\" data-start=\"7843\" data-end=\"7869\">https:\/\/esentyaestate.com\/<\/a> doit \u00eatre conscient que :<\/p>\n<ul data-start=\"7891\" data-end=\"8466\">\n<li data-start=\"7891\" data-end=\"8061\">\n<p data-start=\"7893\" data-end=\"8061\">La reproduction \u2014 totale ou partielle \u2014 de tout contenu et\/ou service du site Web n&#039;est pas autoris\u00e9e sans l&#039;autorisation expresse de <a class=\"decorated-link\" href=\"https:\/\/esentyaestate.com\/\" target=\"_new\" rel=\"noopener\" data-start=\"8033\" data-end=\"8059\">https:\/\/esentyaestate.com\/<\/a><\/p>\n<\/li>\n<li data-start=\"8062\" data-end=\"8225\">\n<p data-start=\"8064\" data-end=\"8225\">Aucune d\u00e9claration fausse, inexacte ou incorrecte concernant le site Web de <a class=\"decorated-link\" href=\"https:\/\/esentyaestate.com\/\" target=\"_new\" rel=\"noopener\" data-start=\"8129\" data-end=\"8155\">https:\/\/esentyaestate.com\/<\/a> Aucune d\u00e9claration concernant le contenu et\/ou les services du site Web n&#039;est autoris\u00e9e.<\/p>\n<\/li>\n<li data-start=\"8226\" data-end=\"8466\">\n<p data-start=\"8228\" data-end=\"8466\">\u00c0 l&#039;exception du lien hypertexte, le site web sur lequel ce lien est \u00e9tabli ne doit contenir aucun \u00e9l\u00e9ment du pr\u00e9sent site web prot\u00e9g\u00e9 par le droit de la propri\u00e9t\u00e9 intellectuelle en vertu du droit espagnol, sauf autorisation expresse de <a class=\"decorated-link\" href=\"https:\/\/esentyaestate.com\/\" target=\"_new\" rel=\"noopener\" data-start=\"8438\" data-end=\"8464\">https:\/\/esentyaestate.com\/<\/a><\/p>\n<\/li>\n<\/ul>\n<p data-start=\"8468\" data-end=\"8780\">L&#039;\u00e9tablissement du lien hypertexte n&#039;implique pas l&#039;existence de relations entre <a class=\"decorated-link\" href=\"https:\/\/esentyaestate.com\/\" target=\"_new\" rel=\"noopener\" data-start=\"8554\" data-end=\"8580\">https:\/\/esentyaestate.com\/<\/a> et le propri\u00e9taire du site web \u00e0 partir duquel il est r\u00e9alis\u00e9, ni la connaissance et l&#039;acceptation par <a class=\"decorated-link\" href=\"https:\/\/esentyaestate.com\/\" target=\"_new\" rel=\"noopener\" data-start=\"8669\" data-end=\"8695\">https:\/\/esentyaestate.com\/<\/a> des contenus, services et\/ou activit\u00e9s propos\u00e9s sur ledit site web, et vice versa.<\/p>\n<p data-start=\"8782\" data-end=\"8903\"><em data-start=\"8782\" data-end=\"8903\">(Remarque : Le paragraphe dupliqu\u00e9 en espagnol est d\u00e9lib\u00e9r\u00e9ment conserv\u00e9 tel quel, suite \u00e0 votre demande de traduction litt\u00e9rale.)<\/em><\/p>\n<p data-start=\"8905\" data-end=\"9038\">L&#039;Utilisateur ou le tiers qui cr\u00e9e un lien hypertexte depuis un autre site Web vers le Site Web de <a class=\"decorated-link\" href=\"https:\/\/esentyaestate.com\/\" target=\"_new\" rel=\"noopener\" data-start=\"8992\" data-end=\"9018\">https:\/\/esentyaestate.com\/<\/a> doit \u00eatre conscient que :<\/p>\n<ul data-start=\"9040\" data-end=\"9615\">\n<li data-start=\"9040\" data-end=\"9210\">\n<p data-start=\"9042\" data-end=\"9210\">La reproduction \u2014 totale ou partielle \u2014 de tout contenu et\/ou service du site Web n&#039;est pas autoris\u00e9e sans l&#039;autorisation expresse de <a class=\"decorated-link\" href=\"https:\/\/esentyaestate.com\/\" target=\"_new\" rel=\"noopener\" data-start=\"9182\" data-end=\"9208\">https:\/\/esentyaestate.com\/<\/a><\/p>\n<\/li>\n<li data-start=\"9211\" data-end=\"9374\">\n<p data-start=\"9213\" data-end=\"9374\">Aucune d\u00e9claration fausse, inexacte ou incorrecte concernant le site Web de <a class=\"decorated-link\" href=\"https:\/\/esentyaestate.com\/\" target=\"_new\" rel=\"noopener\" data-start=\"9278\" data-end=\"9304\">https:\/\/esentyaestate.com\/<\/a> Aucune d\u00e9claration concernant le contenu et\/ou les services du site Web n&#039;est autoris\u00e9e.<\/p>\n<\/li>\n<li data-start=\"9375\" data-end=\"9615\">\n<p data-start=\"9377\" data-end=\"9615\">\u00c0 l&#039;exception du lien hypertexte, le site web sur lequel ce lien est \u00e9tabli ne doit contenir aucun \u00e9l\u00e9ment du pr\u00e9sent site web prot\u00e9g\u00e9 par le droit de la propri\u00e9t\u00e9 intellectuelle en vertu du droit espagnol, sauf autorisation expresse de <a class=\"decorated-link\" href=\"https:\/\/esentyaestate.com\/\" target=\"_new\" rel=\"noopener\" data-start=\"9587\" data-end=\"9613\">https:\/\/esentyaestate.com\/<\/a><\/p>\n<\/li>\n<\/ul>\n<p data-start=\"9617\" data-end=\"9929\">L&#039;\u00e9tablissement du lien hypertexte n&#039;implique pas l&#039;existence de relations entre <a class=\"decorated-link\" href=\"https:\/\/esentyaestate.com\/\" target=\"_new\" rel=\"noopener\" data-start=\"9703\" data-end=\"9729\">https:\/\/esentyaestate.com\/<\/a> et le propri\u00e9taire du site web \u00e0 partir duquel il est r\u00e9alis\u00e9, ni la connaissance et l&#039;acceptation par <a class=\"decorated-link\" href=\"https:\/\/esentyaestate.com\/\" target=\"_new\" rel=\"noopener\" data-start=\"9818\" data-end=\"9844\">https:\/\/esentyaestate.com\/<\/a> des contenus, services et\/ou activit\u00e9s propos\u00e9s sur ledit site web, et vice versa.<\/p>\n<h2 data-start=\"9936\" data-end=\"9979\"><strong data-start=\"9939\" data-end=\"9979\">PROPRI\u00c9T\u00c9 INTELLECTUELLE ET INDUSTRIELLE<\/strong><\/h2>\n<p data-start=\"9981\" data-end=\"10625\"><a class=\"decorated-link\" href=\"https:\/\/esentyaestate.com\/\" target=\"_new\" rel=\"noopener\" data-start=\"9981\" data-end=\"10007\">https:\/\/esentyaestate.com\/<\/a>La soci\u00e9t\u00e9 [Nom de la soci\u00e9t\u00e9], agissant seule ou en qualit\u00e9 de cessionnaire, est titulaire de tous les droits de propri\u00e9t\u00e9 intellectuelle et industrielle relatifs au Site Web, ainsi qu&#039;aux \u00e9l\u00e9ments qui y sont contenus (notamment les images, sons, fichiers audio et vid\u00e9o, logiciels et textes, marques et logos, combinaisons de couleurs, structure et design, choix des mat\u00e9riaux utilis\u00e9s, programmes informatiques n\u00e9cessaires \u00e0 son fonctionnement, son acc\u00e8s et son utilisation, etc.). Ces \u00e9l\u00e9ments sont donc prot\u00e9g\u00e9s par le droit de la propri\u00e9t\u00e9 intellectuelle espagnol, et notamment par la l\u00e9gislation espagnole et europ\u00e9enne en la mati\u00e8re, ainsi que par les trait\u00e9s internationaux relatifs \u00e0 ce sujet et sign\u00e9s par l&#039;Espagne.<\/p>\n<p data-start=\"10627\" data-end=\"11000\">Tous droits r\u00e9serv\u00e9s. Conform\u00e9ment aux dispositions de la loi sur la propri\u00e9t\u00e9 intellectuelle, la reproduction, la distribution et la communication au public, y compris la mise \u00e0 disposition, de tout ou partie du contenu de ce site web \u00e0 des fins commerciales, sur quelque support et par quelque moyen technique que ce soit, sont interdites sans l&#039;autorisation de [Nom de l&#039;entreprise]. <a class=\"decorated-link\" href=\"https:\/\/esentyaestate.com\/\" target=\"_new\" rel=\"noopener\" data-start=\"10947\" data-end=\"10973\">https:\/\/esentyaestate.com\/<\/a>, sont express\u00e9ment interdits.<\/p>\n<p data-start=\"11002\" data-end=\"11418\">L&#039;Utilisateur s&#039;engage \u00e0 respecter les droits de propri\u00e9t\u00e9 intellectuelle et industrielle de <a class=\"decorated-link\" href=\"https:\/\/esentyaestate.com\/\" target=\"_new\" rel=\"noopener\" data-start=\"11084\" data-end=\"11110\">https:\/\/esentyaestate.com\/<\/a>L\u2019Utilisateur peut consulter les \u00e9l\u00e9ments du Site Web, voire les imprimer, les copier et les enregistrer sur le disque dur de son ordinateur ou sur tout autre support physique, \u00e0 condition que ce soit exclusivement pour un usage personnel. Toutefois, l\u2019Utilisateur ne peut ni supprimer, ni modifier, ni manipuler aucun dispositif de protection ou syst\u00e8me de s\u00e9curit\u00e9 install\u00e9 sur le Site Web.<\/p>\n<p data-start=\"11420\" data-end=\"11720\">Si l&#039;Utilisateur ou un tiers estime que le contenu du Site Web porte atteinte aux droits de propri\u00e9t\u00e9 intellectuelle, il doit en informer imm\u00e9diatement le titulaire des droits. <a class=\"decorated-link\" href=\"https:\/\/esentyaestate.com\/\" target=\"_new\" rel=\"noopener\" data-start=\"11584\" data-end=\"11610\">https:\/\/esentyaestate.com\/<\/a> par le biais des coordonn\u00e9es figurant dans la section INFORMATIONS G\u00c9N\u00c9RALES des pr\u00e9sentes mentions l\u00e9gales et conditions g\u00e9n\u00e9rales d&#039;utilisation.<\/p>\n<h2 data-start=\"11727\" data-end=\"11780\"><strong data-start=\"11730\" data-end=\"11780\">ACTIONS EN JUSTICE, DROIT APPLICABLE ET JURIDICTION<\/strong><\/h2>\n<p data-start=\"11782\" data-end=\"11965\"><a class=\"decorated-link\" href=\"https:\/\/esentyaestate.com\/\" target=\"_new\" rel=\"noopener\" data-start=\"11782\" data-end=\"11808\">https:\/\/esentyaestate.com\/<\/a> se r\u00e9serve le droit d&#039;engager toute action civile ou p\u00e9nale qu&#039;elle jugera n\u00e9cessaire en cas d&#039;utilisation abusive du site Web et de son contenu, ou en cas de violation des pr\u00e9sentes conditions.<\/p>\n<p data-start=\"11967\" data-end=\"12330\">La relation entre l&#039;utilisateur et <a class=\"decorated-link\" href=\"https:\/\/esentyaestate.com\/\" target=\"_new\" rel=\"noopener\" data-start=\"12005\" data-end=\"12031\">https:\/\/esentyaestate.com\/<\/a> Les pr\u00e9sentes conditions g\u00e9n\u00e9rales sont r\u00e9gies par la l\u00e9gislation espagnole en vigueur. En cas de litige relatif \u00e0 leur interpr\u00e9tation ou \u00e0 leur application, les parties s&#039;engagent \u00e0 soumettre leurs diff\u00e9rends aux juridictions comp\u00e9tentes.<\/p>\n<p data-start=\"12332\" data-end=\"12366\"><strong data-start=\"12332\" data-end=\"12366\">Derni\u00e8re modification : 12 mai 2025<\/strong><\/p>","protected":false},"excerpt":{"rendered":"<p>LEGAL NOTICE https:\/\/esentyaestate.com\/ GENERAL INFORMATION In compliance with the duty of information set forth in Law 34\/2002 on Information Society Services and Electronic Commerce (LSSI-CE) of 11 July, the following general information data for this website are provided below:https:\/\/esentyaestate.com\/ The ownership of this website, https:\/\/esentyaestate.com\/, (hereinafter, Website) is held by: ESENTYA ESTATE &amp; PROMOTIONS S.L, with Tax ID: B10715092, whose contact details are:CALLE MAYOR, &#8230;<\/p>","protected":false},"author":1,"featured_media":0,"parent":0,"menu_order":0,"comment_status":"closed","ping_status":"closed","template":"page-templates\/terms_conditions.php","meta":{"inline_featured_image":false,"footnotes":""},"class_list":["post-5275","page","type-page","status-publish","hentry"],"_links":{"self":[{"href":"https:\/\/web.esentyaestate.com\/fr\/wp-json\/wp\/v2\/pages\/5275","targetHints":{"allow":["GET"]}}],"collection":[{"href":"https:\/\/web.esentyaestate.com\/fr\/wp-json\/wp\/v2\/pages"}],"about":[{"href":"https:\/\/web.esentyaestate.com\/fr\/wp-json\/wp\/v2\/types\/page"}],"author":[{"embeddable":true,"href":"https:\/\/web.esentyaestate.com\/fr\/wp-json\/wp\/v2\/users\/1"}],"replies":[{"embeddable":true,"href":"https:\/\/web.esentyaestate.com\/fr\/wp-json\/wp\/v2\/comments?post=5275"}],"version-history":[{"count":2,"href":"https:\/\/web.esentyaestate.com\/fr\/wp-json\/wp\/v2\/pages\/5275\/revisions"}],"predecessor-version":[{"id":21941,"href":"https:\/\/web.esentyaestate.com\/fr\/wp-json\/wp\/v2\/pages\/5275\/revisions\/21941"}],"wp:attachment":[{"href":"https:\/\/web.esentyaestate.com\/fr\/wp-json\/wp\/v2\/media?parent=5275"}],"curies":[{"name":"wp","href":"https:\/\/api.w.org\/{rel}","templated":true}]}}