{"id":22897,"date":"2025-12-09T11:49:25","date_gmt":"2025-12-09T11:49:25","guid":{"rendered":"https:\/\/web.esentyaestate.com\/?page_id=22897"},"modified":"2025-12-18T15:01:25","modified_gmt":"2025-12-18T15:01:25","slug":"sell-with-us","status":"publish","type":"page","link":"https:\/\/web.esentyaestate.com\/fr\/sell-with-us\/","title":{"rendered":"Vendez avec nous"},"content":{"rendered":"<div data-elementor-type=\"wp-page\" data-elementor-id=\"22897\" class=\"elementor elementor-22897\" data-elementor-post-type=\"page\">\n\t\t\t\t<div class=\"elementor-element elementor-element-1f8c4a0d e-flex e-con-boxed e-con e-parent\" data-id=\"1f8c4a0d\" data-element_type=\"container\" data-settings=\"{&quot;background_background&quot;:&quot;slideshow&quot;,&quot;background_slideshow_slide_duration&quot;:10000,&quot;background_slideshow_gallery&quot;:[{&quot;id&quot;:22916,&quot;url&quot;:&quot;https:\\\/\\\/web.esentyaestate.com\\\/wp-content\\\/uploads\\\/2025\\\/12\\\/category-footer3-webp.webp&quot;},{&quot;id&quot;:22917,&quot;url&quot;:&quot;https:\\\/\\\/web.esentyaestate.com\\\/wp-content\\\/uploads\\\/2025\\\/12\\\/category-footer2-webp.webp&quot;}],&quot;background_slideshow_lazyload&quot;:&quot;yes&quot;,&quot;background_slideshow_ken_burns&quot;:&quot;yes&quot;,&quot;background_slideshow_loop&quot;:&quot;yes&quot;,&quot;background_slideshow_slide_transition&quot;:&quot;fade&quot;,&quot;background_slideshow_transition_duration&quot;:500,&quot;background_slideshow_ken_burns_zoom_direction&quot;:&quot;in&quot;}\">\n\t\t\t\t\t<div class=\"e-con-inner\">\n\t\t<div class=\"elementor-element elementor-element-1029d59 e-con-full e-flex e-con e-child\" data-id=\"1029d59\" data-element_type=\"container\">\n\t\t\t\t<div class=\"elementor-element elementor-element-17c471c7 elementor-widget elementor-widget-heading\" data-id=\"17c471c7\" data-element_type=\"widget\" data-widget_type=\"heading.default\">\n\t\t\t\t\t<h2 class=\"elementor-heading-title elementor-size-default\">Vous souhaitez conna\u00eetre la valeur de votre bien immobilier ?<\/h2>\t\t\t\t<\/div>\n\t\t\t\t<div class=\"elementor-element elementor-element-24322dd7 elementor-widget elementor-widget-heading\" data-id=\"24322dd7\" data-element_type=\"widget\" data-widget_type=\"heading.default\">\n\t\t\t\t\t<h2 class=\"elementor-heading-title elementor-size-default\">\nD\u00e9couvrez la v\u00e9ritable valeur de votre propri\u00e9t\u00e9 gr\u00e2ce \u00e0 une \u00e9valuation compl\u00e8te et professionnelle. Notre \u00e9quipe d&#039;experts analyse minutieusement diff\u00e9rents facteurs, tels que l&#039;emplacement, la superficie, l&#039;\u00e9tat et les tendances r\u00e9centes du march\u00e9, afin de vous fournir une estimation pr\u00e9cise de la valeur de votre maison.<\/h2>\t\t\t\t<\/div>\n\t\t\t\t<\/div>\n\t\t<div class=\"elementor-element elementor-element-55baafb3 e-flex e-con-boxed e-con e-child\" data-id=\"55baafb3\" data-element_type=\"container\" data-settings=\"{&quot;background_background&quot;:&quot;classic&quot;}\">\n\t\t\t\t\t<div class=\"e-con-inner\">\n\t\t\t\t<div class=\"elementor-element elementor-element-31b873a elementor-button-align-center elementor-widget elementor-widget-WpResidence_Contact_Form_Builder\" data-id=\"31b873a\" data-element_type=\"widget\" data-widget_type=\"WpResidence_Contact_Form_Builder.default\">\n\t\t\t\t<div class=\"elementor-widget-container\">\n\t\t\t\t\t\n\n\n\n\n        <form class=\"elementor-form wpresidence_elementor_form wpestate_contact_form_parent\"  id=\"wpresidence-elementor-form-31b873a\" method=\"post\" action=\"\" >\n            <div class=\"alert-box error\">\n                <div class=\"alert-message\" id=\"alert-agent-contact\"><\/div>\n            <\/div>\n            <input name=\"prop_id\" type=\"hidden\"  id=\"agent_property_id\" value=\"\">\n            <input name=\"prop_id\" type=\"hidden\"  id=\"agent_id\" value=\"\">\n            <input name=\"prop_id\" type=\"hidden\"  id=\"contact_form_elementor\" value=\"1\">\n            <input type=\"hidden\" name=\"contact_ajax_nonce\" id=\"agent_property_ajax_nonce\"  value=\"33f5f58628\" \/>\n\n            \n            \n            <input type=\"hidden\" id=\"wpresidence_form_id\" name=\"wpresidence_form_id\" value=\"wpresidence_form_7934\" \/>\n        \n            <input type=\"hidden\" id=\"elementor_email_subject\" name=\"email_suject\" value=\"New email from Sell with us\" \/>\n\n\n            <div class=\"elementor-form-fields-wrapper elementor-labels-above\">\n        <div class=\"elementor-field-group elementor-column form-group elementor-field-group-24f699d elementor-col-100\"><label for=\"form-field-24f699d\" class=\"elementor-field-label elementor-screen-only\">Pr\u00e9nom<\/label><input type=\"text\" name=\"name\" id=\"form-field-24f699d\" class=\"elementor-field form-control elementor-size-md elementor-field-textual\" placeholder=\"Nom et pr\u00e9nom\"><\/div><div class=\"elementor-field-group elementor-column form-group elementor-field-group-email elementor-field-required elementor-col-100\"><label for=\"form-field-email\" class=\"elementor-field-label elementor-screen-only\">E-mail*<\/label><input type=\"email\" name=\"email\" id=\"form-field-email\" class=\"elementor-field form-control elementor-size-md elementor-field-textual\" required=\"required\" placeholder=\"E-mail\"><\/div><div class=\"elementor-field-group elementor-column form-group elementor-field-group-message elementor-field-required elementor-col-100\"><label for=\"form-field-message\" class=\"elementor-field-label elementor-screen-only\">Mobile*<\/label><input type=\"text\" name=\"mobile\" id=\"form-field-message\" class=\"elementor-field form-control elementor-size-md elementor-field-textual\" required=\"required\" placeholder=\"T\u00e9l\u00e9phone\"><\/div><div class=\"elementor-field-group elementor-column form-group elementor-field-group-f1e07cd elementor-field-required elementor-col-100\"><label for=\"form-field-f1e07cd\" class=\"elementor-field-label elementor-screen-only\">Message*<\/label><textarea class=\"form-control elementor-field-textual elementor-field elementor-size-md\" name=\"message\" id=\"form-field-f1e07cd\" rows=\"4\" required=\"required\" placeholder=\"Ajoutez une br\u00e8ve description de votre propri\u00e9t\u00e9\"><\/textarea><\/div>\n                <div class=\"elementor-field-group elementor-column elementor-field-type-submit elementor-col-100\">\n        <div class=\"gpr_wrapper\"><input type=\"checkbox\"  role=\"checkbox\" aria-checked=\"false\" id=\"wpestate_agree_gdpr\" class=\"wpestate_agree_gdpr\" name=\"wpestate_agree_gdpr\" \/>\n                    <label for=\"wpestate_agree_gdpr\"><a target=\"_blank\" href=\"https:\/\/web.esentyaestate.com\/fr\/\">En activant le contr\u00f4le de \u00ab\u00a0Lecture et acceptation\u00a0\u00bb de notre politique de confidentialit\u00e9, vous indiquerez que vous avez lu, accept\u00e9, accept\u00e9 et autoris\u00e9 toutes les clauses sp\u00e9cifi\u00e9es pour l&#039;enregistrement, le stockage et le traitement de vos donn\u00e9es personnelles. Voir notre politique de confidentialit\u00e9.<\/a><\/label><\/div>\n\t\t\t\t\t\t\t\t\t\t\t\t                    <button type=\"submit\" class=\"agent_submit_class_elementor wpresidence_button wpresidence_button_elementor elementor-button elementor-size-md\">\n                    Envoyer un courriel                            <\/button>\n\n                <\/div>\n            <\/div>\n\n\n\n        <input type=\"hidden\" name=\"trp-form-language\" value=\"fr\"\/><\/form>\n\n\n\n\n        \t\t\t\t<\/div>\n\t\t\t\t<\/div>\n\t\t\t\t\t<\/div>\n\t\t\t\t<\/div>\n\t\t\t\t\t<\/div>\n\t\t\t\t<\/div>\n\t\t<div class=\"elementor-element elementor-element-7351f3a0 e-flex e-con-boxed e-con e-parent\" data-id=\"7351f3a0\" data-element_type=\"container\" data-settings=\"{&quot;background_background&quot;:&quot;classic&quot;}\">\n\t\t\t\t\t<div class=\"e-con-inner\">\n\t\t\t\t<div class=\"elementor-element elementor-element-baf9eea elementor-invisible elementor-widget elementor-widget-Wpresidence_Sliding_Box\" data-id=\"baf9eea\" data-element_type=\"widget\" data-settings=\"{&quot;_animation&quot;:&quot;fadeIn&quot;}\" data-widget_type=\"Wpresidence_Sliding_Box.default\">\n\t\t\t\t<div class=\"elementor-widget-container\">\n\t\t\t\t\t<div class=\"wpestate_sliding_box_wrapper\">            <div class=\"wpestate_sliding_box active-element slider_box_size_3\">\n                <div class=\"sliding-image\" style=\"background-image:url(https:\/\/web.esentyaestate.com\/wp-content\/uploads\/2025\/12\/inspection_esentya.jpg)\"><\/div>\n                <div class=\"sliding-content-wrapper\">\n                    <h4>Inspections<\/h4>\n                    <p>Lors de l&#039;inspection, nous examinons la maison en d\u00e9tail ensemble et relevons les informations essentielles susceptibles d&#039;int\u00e9resser les acheteurs potentiels. Cet examen sert de base \u00e0 l&#039;estimation de la valeur de votre bien. Nous souhaitons mieux vous conna\u00eetre afin de collaborer \u00e0 l&#039;\u00e9laboration de la strat\u00e9gie de vente id\u00e9ale pour votre maison. L&#039;inspection est enti\u00e8rement gratuite et sans engagement.<\/p>\n                    <div class=\"sliding-content-action\">\n                        <a class=\"wpresidence_button\" href=\"\"  rel=\"nofollow\"><span class=\"\"><\/span> <\/a>\n                    <\/div>\n                <\/div>\n            <\/div>\n                        <div class=\"wpestate_sliding_box  slider_box_size_3\">\n                <div class=\"sliding-image\" style=\"background-image:url(https:\/\/web.esentyaestate.com\/wp-content\/uploads\/2025\/12\/advertising_marketing_esentya.jpg)\"><\/div>\n                <div class=\"sliding-content-wrapper\">\n                    <h4>Publicit\u00e9 et marketing<\/h4>\n                    <p>Il est essentiel de toucher un maximum d&#039;acheteurs potentiels pour la vente de biens immobiliers \u00e0 domicile, et nous comptons des centaines d&#039;acheteurs potentiels abonn\u00e9s \u00e0 nos newsletters. Nous assurons la promotion de nos biens sur les plus grands portails immobiliers internationaux et collaborons avec d&#039;autres agents immobiliers de renom, sp\u00e9cialis\u00e9s sur des march\u00e9s autres que le n\u00f4tre. Parmi les march\u00e9s les plus importants figurent la Belgique, l&#039;Allemagne, les Pays-Bas, la France, le Royaume-Uni, l&#039;Espagne et le reste de la Scandinavie.<\/p>\n                    <div class=\"sliding-content-action\">\n                        <a class=\"wpresidence_button\" href=\"\"  rel=\"nofollow\"><span class=\"\"><\/span> <\/a>\n                    <\/div>\n                <\/div>\n            <\/div>\n            <\/div>\t\t\t\t<\/div>\n\t\t\t\t<\/div>\n\t\t\t\t<div class=\"elementor-element elementor-element-9062453 elementor-invisible elementor-widget elementor-widget-Wpresidence_Sliding_Box\" data-id=\"9062453\" data-element_type=\"widget\" data-settings=\"{&quot;_animation&quot;:&quot;fadeIn&quot;}\" data-widget_type=\"Wpresidence_Sliding_Box.default\">\n\t\t\t\t<div class=\"elementor-widget-container\">\n\t\t\t\t\t<div class=\"wpestate_sliding_box_wrapper\">            <div class=\"wpestate_sliding_box  slider_box_size_3\">\n                <div class=\"sliding-image\" style=\"background-image:url(https:\/\/web.esentyaestate.com\/wp-content\/uploads\/2025\/12\/staging_the_property_esentya.jpg)\"><\/div>\n                <div class=\"sliding-content-wrapper\">\n                    <h4>Mise en sc\u00e8ne de la propri\u00e9t\u00e9<\/h4>\n                    <p>L&#039;un des \u00e9l\u00e9ments cl\u00e9s d&#039;une vente immobili\u00e8re r\u00e9ussie est la pr\u00e9sentation du bien\u00a0; nous sommes convaincus que tout r\u00e9side dans les d\u00e9tails. Nous collaborons avec un photographe et un styliste talentueux et proposons \u00e9galement des services de stylisme virtuel. Nous offrons en outre des visites virtuelles \u00e0 360\u00b0, des prises de vue par drone et une pr\u00e9sentation vid\u00e9o de la propri\u00e9t\u00e9. Ensemble, nous choisirons la formule la plus adapt\u00e9e \u00e0 votre maison.<\/p>\n                    <div class=\"sliding-content-action\">\n                        <a class=\"wpresidence_button\" href=\"\"  rel=\"nofollow\"><span class=\"\"><\/span> <\/a>\n                    <\/div>\n                <\/div>\n            <\/div>\n                        <div class=\"wpestate_sliding_box active-element slider_box_size_3\">\n                <div class=\"sliding-image\" style=\"background-image:url(https:\/\/web.esentyaestate.com\/wp-content\/uploads\/2025\/12\/settlement_esentya.jpg)\"><\/div>\n                <div class=\"sliding-content-wrapper\">\n                    <h4>R\u00e8glement<\/h4>\n                    <p>L&#039;un des \u00e9l\u00e9ments cl\u00e9s d&#039;une vente immobili\u00e8re r\u00e9ussie est la pr\u00e9sentation du bien\u00a0; nous sommes convaincus que tout r\u00e9side dans les d\u00e9tails. Nous collaborons avec un photographe et un styliste talentueux et proposons \u00e9galement des services de stylisme virtuel. Nous offrons en outre des visites virtuelles \u00e0 360\u00b0, des prises de vue par drone et une pr\u00e9sentation vid\u00e9o de la propri\u00e9t\u00e9. Ensemble, nous choisirons la formule la plus adapt\u00e9e \u00e0 votre maison.<\/p>\n                    <div class=\"sliding-content-action\">\n                        <a class=\"wpresidence_button\" href=\"\"  rel=\"nofollow\"><span class=\"\"><\/span> <\/a>\n                    <\/div>\n                <\/div>\n            <\/div>\n            <\/div>\t\t\t\t<\/div>\n\t\t\t\t<\/div>\n\t\t\t\t<div class=\"elementor-element elementor-element-51dbf923 elementor-invisible elementor-widget elementor-widget-Wpresidence_Sliding_Box\" data-id=\"51dbf923\" data-element_type=\"widget\" data-settings=\"{&quot;_animation&quot;:&quot;fadeIn&quot;}\" data-widget_type=\"Wpresidence_Sliding_Box.default\">\n\t\t\t\t<div class=\"elementor-widget-container\">\n\t\t\t\t\t<div class=\"wpestate_sliding_box_wrapper\">            <div class=\"wpestate_sliding_box active-element slider_box_size_3\">\n                <div class=\"sliding-image\" style=\"background-image:url(https:\/\/web.esentyaestate.com\/wp-content\/uploads\/2025\/11\/buy_property.jpeg)\"><\/div>\n                <div class=\"sliding-content-wrapper\">\n                    <h4>Documentation<\/h4>\n                    <p>Copie du document NIE des propri\u00e9taires. Copie du passeport des propri\u00e9taires et de l&#039;acte de propri\u00e9t\u00e9. Copie du dernier avis d&#039;imposition fonci\u00e8re et de la facture d&#039;eau\/d&#039;\u00e9lectricit\u00e9. Certificat \u00e9nerg\u00e9tique (si vous ne l&#039;avez pas, nous pouvons vous aider \u00e0 l&#039;obtenir). S&#039;il y a une hypoth\u00e8que sur la maison, nous avons besoin du nom de la banque et de l&#039;agence. Contactez l&#039;administration de votre urbanisation. Un contrat de vente confirmant l&#039;accord entre Esentya Real Estate et le vendeur.<\/p>\n                    <div class=\"sliding-content-action\">\n                        <a class=\"wpresidence_button\" href=\"\"  rel=\"nofollow\"><span class=\"\"><\/span> <\/a>\n                    <\/div>\n                <\/div>\n            <\/div>\n                        <div class=\"wpestate_sliding_box  slider_box_size_3\">\n                <div class=\"sliding-image\" style=\"background-image:url(https:\/\/web.esentyaestate.com\/wp-content\/uploads\/2025\/12\/documents_esentya.jpg)\"><\/div>\n                <div class=\"sliding-content-wrapper\">\n                    <h4>Co\u00fbts et taxes<\/h4>\n                    <p>Taxe communale, Plusvalia, sur la plus-value fonci\u00e8re. Honoraires convenus avec l&#039;agent immobilier. Imp\u00f4t sur les plus-values. Imp\u00f4t sur les b\u00e9n\u00e9fices r\u00e9alis\u00e9s entre les valeurs d\u00e9clar\u00e9es lors de l&#039;achat et de la vente. Vendeurs non imposables\u00a0: une retenue \u00e0 la source de 3% est appliqu\u00e9e sur le prix de vente et d\u00e9duite d&#039;une \u00e9ventuelle plus-value. IBI\/SUMA pour l&#039;ann\u00e9e de la vente. Honoraires d&#039;avocat. C\u00e9dula de habitabilidad (certificat de conformit\u00e9 du logement).<\/p>\n                    <div class=\"sliding-content-action\">\n                        <a class=\"wpresidence_button\" href=\"\"  rel=\"nofollow\"><span class=\"\"><\/span> <\/a>\n                    <\/div>\n                <\/div>\n            <\/div>\n            <\/div>\t\t\t\t<\/div>\n\t\t\t\t<\/div>\n\t\t\t\t\t<\/div>\n\t\t\t\t<\/div>\n\t\t\t\t<\/div>","protected":false},"excerpt":{"rendered":"<p>Want to know your property&#8217;s worth? Gain insight into the true worth of your property through a thorough and professional valuation process. Our team of experts meticulously assesses various factors including location, size, condition, and recent market trends to provide you with an accurate estimation of your home&#8217;s value. First NameEmail*Mobile*Message* Al activar el check de &#8220;Lectura y Aceptaci\u00f3n&#8221; de nuestra Pol\u00edtica de Privacidad &#8230;<\/p>","protected":false},"author":1,"featured_media":0,"parent":0,"menu_order":0,"comment_status":"closed","ping_status":"closed","template":"elementor_header_footer","meta":{"inline_featured_image":false,"footnotes":""},"class_list":["post-22897","page","type-page","status-publish","hentry"],"_links":{"self":[{"href":"https:\/\/web.esentyaestate.com\/fr\/wp-json\/wp\/v2\/pages\/22897","targetHints":{"allow":["GET"]}}],"collection":[{"href":"https:\/\/web.esentyaestate.com\/fr\/wp-json\/wp\/v2\/pages"}],"about":[{"href":"https:\/\/web.esentyaestate.com\/fr\/wp-json\/wp\/v2\/types\/page"}],"author":[{"embeddable":true,"href":"https:\/\/web.esentyaestate.com\/fr\/wp-json\/wp\/v2\/users\/1"}],"replies":[{"embeddable":true,"href":"https:\/\/web.esentyaestate.com\/fr\/wp-json\/wp\/v2\/comments?post=22897"}],"version-history":[{"count":60,"href":"https:\/\/web.esentyaestate.com\/fr\/wp-json\/wp\/v2\/pages\/22897\/revisions"}],"predecessor-version":[{"id":26680,"href":"https:\/\/web.esentyaestate.com\/fr\/wp-json\/wp\/v2\/pages\/22897\/revisions\/26680"}],"wp:attachment":[{"href":"https:\/\/web.esentyaestate.com\/fr\/wp-json\/wp\/v2\/media?parent=22897"}],"curies":[{"name":"wp","href":"https:\/\/api.w.org\/{rel}","templated":true}]}}