{"id":21942,"date":"2025-11-27T08:40:21","date_gmt":"2025-11-27T08:40:21","guid":{"rendered":"https:\/\/web.esentyaestate.com\/?page_id=21942"},"modified":"2025-11-27T08:44:30","modified_gmt":"2025-11-27T08:44:30","slug":"cookies-policy","status":"publish","type":"page","link":"https:\/\/web.esentyaestate.com\/fr\/cookies-policy\/","title":{"rendered":"Politique relative aux cookies"},"content":{"rendered":"<p data-start=\"245\" data-end=\"653\">L&#039;acc\u00e8s \u00e0 ce site Web peut n\u00e9cessiter l&#039;utilisation de cookies. Les cookies sont de petits fichiers d&#039;information stock\u00e9s dans le navigateur de chaque utilisateur, sur les diff\u00e9rents appareils utilis\u00e9s pour naviguer, permettant ainsi au serveur de m\u00e9moriser certaines informations qui ne seront accessibles qu&#039;\u00e0 ce serveur ult\u00e9rieurement. Les cookies facilitent la navigation, la rendent plus conviviale et ne pr\u00e9sentent aucun risque pour votre appareil.<\/p>\n<p data-start=\"655\" data-end=\"953\">Les cookies sont des proc\u00e9dures automatiques permettant de collecter des informations concernant les pr\u00e9f\u00e9rences d\u00e9termin\u00e9es par l&#039;Utilisateur lors de sa visite sur le Site Web afin de le reconna\u00eetre en tant qu&#039;Utilisateur, de personnaliser son exp\u00e9rience et son utilisation du Site Web, et peuvent \u00e9galement, par exemple, aider \u00e0 identifier et \u00e0 r\u00e9soudre les erreurs.<\/p>\n<p data-start=\"955\" data-end=\"1513\">Les informations recueillies par le biais des cookies peuvent inclure la date et l&#039;heure des visites sur le site web, les pages consult\u00e9es, le temps pass\u00e9 sur le site et les sites visit\u00e9s juste avant et apr\u00e8s. Cependant, aucun cookie ne permet de contacter l&#039;utilisateur par t\u00e9l\u00e9phone ou par tout autre moyen de contact personnel. Aucun cookie ne peut extraire d&#039;informations du disque dur de l&#039;utilisateur ni d\u00e9rober des informations personnelles. Les informations priv\u00e9es de l&#039;utilisateur ne peuvent \u00eatre int\u00e9gr\u00e9es au fichier cookie que si celui-ci les fournit lui-m\u00eame au serveur.<\/p>\n<p data-start=\"1515\" data-end=\"1924\">Les cookies permettant l&#039;identification d&#039;une personne sont consid\u00e9r\u00e9s comme des donn\u00e9es personnelles. Par cons\u00e9quent, la pr\u00e9sente politique de confidentialit\u00e9 s&#039;applique \u00e0 ces cookies. \u00c0 ce titre, leur utilisation requiert le consentement de l&#039;utilisateur. Ce consentement sera recueilli de mani\u00e8re libre et \u00e9clair\u00e9, par une d\u00e9cision affirmative et positive, avant tout traitement initial, et sera susceptible d&#039;\u00eatre retir\u00e9 et document\u00e9.<\/p>\n<h2 data-start=\"1931\" data-end=\"1949\"><strong data-start=\"1934\" data-end=\"1949\">Cookies personnalis\u00e9s<\/strong><\/h2>\n<p data-start=\"1951\" data-end=\"2380\">Il s&#039;agit de cookies envoy\u00e9s \u00e0 l&#039;ordinateur ou \u00e0 l&#039;appareil de l&#039;utilisateur et g\u00e9r\u00e9s exclusivement par <a class=\"decorated-link\" href=\"https:\/\/esentyaestate.com\/\" target=\"_new\" rel=\"noopener\" data-start=\"2043\" data-end=\"2069\">https:\/\/esentyaestate.com\/<\/a>Pour un meilleur fonctionnement du site web. Les informations collect\u00e9es servent \u00e0 am\u00e9liorer la qualit\u00e9 du site, de son contenu et l&#039;exp\u00e9rience utilisateur. Ces cookies permettent de reconna\u00eetre l&#039;utilisateur comme un visiteur r\u00e9gulier et d&#039;adapter le contenu \u00e0 ses pr\u00e9f\u00e9rences.<\/p>\n<p data-start=\"2382\" data-end=\"2969\">Les informations recueillies concernent, par exemple, le nombre de pages consult\u00e9es, la langue, la localisation de l&#039;utilisateur (adresse IP), le nombre d&#039;utilisateurs acc\u00e9dant au site, la fr\u00e9quence et la dur\u00e9e des visites, le navigateur utilis\u00e9, ainsi que l&#039;op\u00e9rateur ou le type d&#039;appareil. Ces informations servent \u00e0 am\u00e9liorer le site web et \u00e0 identifier de nouveaux besoins afin d&#039;offrir aux utilisateurs un contenu et\/ou des services de qualit\u00e9 optimale. Dans tous les cas, les donn\u00e9es sont collect\u00e9es de mani\u00e8re anonyme et les rapports de tendances du site web sont \u00e9tablis sans identification des utilisateurs.<\/p>\n<p data-start=\"2971\" data-end=\"3165\">Vous trouverez davantage d&#039;informations sur les cookies, la protection de la vie priv\u00e9e, ou la description du type de cookies utilis\u00e9s, leurs principales caract\u00e9ristiques, leur dur\u00e9e de validit\u00e9, etc., en cliquant sur le(s) lien(s) suivant(s)\u00a0:<\/p>\n<p data-start=\"3167\" data-end=\"3187\"><strong data-start=\"3167\" data-end=\"3187\">GOOGLE ANALYTIQUE<\/strong><\/p>\n<p data-start=\"3189\" data-end=\"3388\">L\u2019entit\u00e9 (ou les entit\u00e9s) responsable(s) de la fourniture des cookies peut\/peuvent transf\u00e9rer ces informations \u00e0 des tiers, \u00e0 condition que la loi l\u2019exige ou lorsqu\u2019un tiers traite ces informations pour le compte desdites entit\u00e9s.<\/p>\n<h2 data-start=\"3395\" data-end=\"3422\"><strong data-start=\"3398\" data-end=\"3422\">Cookies des r\u00e9seaux sociaux<\/strong><\/h2>\n<p data-start=\"3424\" data-end=\"4049\"><a class=\"decorated-link\" href=\"https:\/\/esentyaestate.com\/\" target=\"_new\" rel=\"noopener\" data-start=\"3424\" data-end=\"3450\">https:\/\/esentyaestate.com\/<\/a> Ce site web int\u00e8gre des plugins de r\u00e9seaux sociaux permettant d&#039;y acc\u00e9der. De ce fait, des cookies de r\u00e9seaux sociaux peuvent \u00eatre stock\u00e9s dans le navigateur de l&#039;utilisateur. Les propri\u00e9taires de ces r\u00e9seaux sociaux disposent de leurs propres politiques de protection des donn\u00e9es et de cookies, et sont responsables de leurs propres fichiers et pratiques en mati\u00e8re de confidentialit\u00e9. L&#039;utilisateur doit s&#039;y r\u00e9f\u00e9rer pour obtenir des informations sur ces cookies et, le cas \u00e9ch\u00e9ant, sur le traitement de ses donn\u00e9es personnelles. \u00c0 titre informatif uniquement, les liens suivants permettent de consulter ces politiques de confidentialit\u00e9 et\/ou de cookies\u00a0:<\/p>\n<ul data-start=\"4051\" data-end=\"4486\">\n<li data-start=\"4051\" data-end=\"4107\">\n<p data-start=\"4053\" data-end=\"4107\">Facebook\u00a0: <a class=\"decorated-link\" href=\"https:\/\/www.facebook.com\/policies\/cookies\/\" target=\"_new\" rel=\"noopener\" data-start=\"4063\" data-end=\"4105\">https:\/\/www.facebook.com\/policies\/cookies\/<\/a><\/p>\n<\/li>\n<li data-start=\"4108\" data-end=\"4151\">\n<p data-start=\"4110\" data-end=\"4151\">Gazouillement: <a class=\"decorated-link\" href=\"https:\/\/twitter.com\/es\/privacy\" target=\"_new\" rel=\"noopener\" data-start=\"4119\" data-end=\"4149\">https:\/\/twitter.com\/es\/privacy<\/a><\/p>\n<\/li>\n<li data-start=\"4152\" data-end=\"4217\">\n<p data-start=\"4154\" data-end=\"4217\">Instagram : <a class=\"decorated-link\" href=\"https:\/\/help.instagram.com\/1896641480634370?ref=ig\" target=\"_new\" rel=\"noopener\" data-start=\"4165\" data-end=\"4215\">https:\/\/help.instagram.com\/1896641480634370?ref=ig<\/a><\/p>\n<\/li>\n<li data-start=\"4218\" data-end=\"4282\">\n<p data-start=\"4220\" data-end=\"4282\">YouTube : <a class=\"decorated-link\" href=\"https:\/\/policies.google.com\/privacy?hl=es-419&amp;gl=mx\" target=\"_new\" rel=\"noopener\" data-start=\"4229\" data-end=\"4280\">https:\/\/policies.google.com\/privacy?hl=es-419&amp;gl=mx<\/a><\/p>\n<\/li>\n<li data-start=\"4283\" data-end=\"4350\">\n<p data-start=\"4285\" data-end=\"4350\">Google+ : <a class=\"decorated-link\" href=\"https:\/\/policies.google.com\/technologies\/cookies?hl=es\" target=\"_new\" rel=\"noopener\" data-start=\"4294\" data-end=\"4348\">https:\/\/policies.google.com\/technologies\/cookies?hl=es<\/a><\/p>\n<\/li>\n<li data-start=\"4351\" data-end=\"4412\">\n<p data-start=\"4353\" data-end=\"4412\">Pinterest\u00a0: <a class=\"decorated-link\" href=\"https:\/\/policy.pinterest.com\/es\/privacy-policy\" target=\"_new\" rel=\"noopener\" data-start=\"4364\" data-end=\"4410\">https:\/\/policy.pinterest.com\/es\/privacy-policy<\/a><\/p>\n<\/li>\n<li data-start=\"4413\" data-end=\"4486\">\n<p data-start=\"4415\" data-end=\"4486\">LinkedIn\u00a0: <a class=\"decorated-link\" href=\"https:\/\/www.linkedin.com\/legal\/cookie-policy?trk=hp-cookies\" target=\"_new\" rel=\"noopener\" data-start=\"4425\" data-end=\"4484\">https:\/\/www.linkedin.com\/legal\/cookie-policy?trk=hp-cookies<\/a><\/p>\n<\/li>\n<\/ul>\n<h2 data-start=\"4493\" data-end=\"4534\"><strong data-start=\"4496\" data-end=\"4534\">D\u00e9sactiver, refuser et supprimer les cookies<\/strong><\/h2>\n<p data-start=\"4536\" data-end=\"4938\">L\u2019utilisateur peut d\u00e9sactiver, refuser et supprimer tout ou partie des cookies install\u00e9s sur son appareil en configurant son navigateur (par exemple, Chrome, Firefox, Safari, Explorer). Les proc\u00e9dures de refus et de suppression des cookies peuvent varier d\u2019un navigateur \u00e0 l\u2019autre. L\u2019utilisateur doit donc consulter les instructions fournies par le navigateur qu\u2019il utilise.<\/p>\n<p data-start=\"4940\" data-end=\"5084\">Si l\u2019Utilisateur refuse l\u2019utilisation des cookies \u2014 en tout ou en partie \u2014, il peut continuer \u00e0 utiliser le Site Web, bien que certaines de ses fonctionnalit\u00e9s puissent \u00eatre limit\u00e9es.<\/p>","protected":false},"excerpt":{"rendered":"<p>Access to this Website may involve the use of cookies. Cookies are small amounts of information that are stored in the browser used by each User \u2014on the different devices they may use to browse\u2014 so that the server remembers certain information which will later and only be read by the server that implemented it. Cookies facilitate browsing, make it more user-friendly, and do &#8230;<\/p>","protected":false},"author":1,"featured_media":0,"parent":0,"menu_order":0,"comment_status":"closed","ping_status":"closed","template":"page-templates\/terms_conditions.php","meta":{"inline_featured_image":false,"footnotes":""},"class_list":["post-21942","page","type-page","status-publish","hentry"],"_links":{"self":[{"href":"https:\/\/web.esentyaestate.com\/fr\/wp-json\/wp\/v2\/pages\/21942","targetHints":{"allow":["GET"]}}],"collection":[{"href":"https:\/\/web.esentyaestate.com\/fr\/wp-json\/wp\/v2\/pages"}],"about":[{"href":"https:\/\/web.esentyaestate.com\/fr\/wp-json\/wp\/v2\/types\/page"}],"author":[{"embeddable":true,"href":"https:\/\/web.esentyaestate.com\/fr\/wp-json\/wp\/v2\/users\/1"}],"replies":[{"embeddable":true,"href":"https:\/\/web.esentyaestate.com\/fr\/wp-json\/wp\/v2\/comments?post=21942"}],"version-history":[{"count":1,"href":"https:\/\/web.esentyaestate.com\/fr\/wp-json\/wp\/v2\/pages\/21942\/revisions"}],"predecessor-version":[{"id":21943,"href":"https:\/\/web.esentyaestate.com\/fr\/wp-json\/wp\/v2\/pages\/21942\/revisions\/21943"}],"wp:attachment":[{"href":"https:\/\/web.esentyaestate.com\/fr\/wp-json\/wp\/v2\/media?parent=21942"}],"curies":[{"name":"wp","href":"https:\/\/api.w.org\/{rel}","templated":true}]}}