{"id":18153,"date":"2014-05-24T13:54:01","date_gmt":"2014-05-24T13:54:01","guid":{"rendered":"http:\/\/wpresidence.net\/?page_id=13"},"modified":"2025-11-27T08:43:34","modified_gmt":"2025-11-27T08:43:34","slug":"privacy-policy","status":"publish","type":"page","link":"https:\/\/web.esentyaestate.com\/fr\/privacy-policy\/","title":{"rendered":"Intimit\u00e9"},"content":{"rendered":"<p data-start=\"305\" data-end=\"596\">Conform\u00e9ment aux dispositions de la l\u00e9gislation en vigueur, <a class=\"decorated-link\" href=\"https:\/\/esentyaestate.com\/\" target=\"_new\" rel=\"noopener\" data-start=\"384\" data-end=\"410\">https:\/\/esentyaestate.com\/<\/a> (ci-apr\u00e8s \u00e9galement le Site Web) s\u2019engage \u00e0 adopter les mesures techniques et organisationnelles n\u00e9cessaires, en fonction du niveau de s\u00e9curit\u00e9 appropri\u00e9 au risque des donn\u00e9es collect\u00e9es.<\/p>\n<p data-start=\"598\" data-end=\"831\"><strong data-start=\"598\" data-end=\"644\">Lois int\u00e9gr\u00e9es \u00e0 la pr\u00e9sente politique de confidentialit\u00e9<\/strong><br data-start=\"644\" data-end=\"647\" \/>La pr\u00e9sente politique de confidentialit\u00e9 est conforme \u00e0 la r\u00e9glementation espagnole et europ\u00e9enne en vigueur relative \u00e0 la protection des donn\u00e9es personnelles sur Internet. Plus pr\u00e9cis\u00e9ment, elle respecte les r\u00e9glementations suivantes\u00a0:<\/p>\n<ul data-start=\"833\" data-end=\"1369\">\n<li data-start=\"833\" data-end=\"1056\">\n<p data-start=\"835\" data-end=\"1056\">R\u00e8glement (UE) 2016\/679 du Parlement europ\u00e9en et du Conseil du 27 avril 2016 relatif \u00e0 la protection des personnes physiques \u00e0 l\u2019\u00e9gard du traitement des donn\u00e9es \u00e0 caract\u00e8re personnel et \u00e0 la libre circulation de ces donn\u00e9es (RGPD).<\/p>\n<\/li>\n<li data-start=\"1057\" data-end=\"1220\">\n<p data-start=\"1059\" data-end=\"1220\">D\u00e9cret royal 1720\/2007 du 21 d\u00e9cembre approuvant le r\u00e8glement mettant en \u0153uvre la loi organique 15\/1999 du 13 d\u00e9cembre relative \u00e0 la protection des donn\u00e9es personnelles (RDLOPD).<\/p>\n<\/li>\n<li data-start=\"1221\" data-end=\"1323\">\n<p data-start=\"1223\" data-end=\"1323\">Loi 34\/2002 du 11 juillet relative aux services de la soci\u00e9t\u00e9 de l\u2019information et du commerce \u00e9lectronique (LSSI-CE).<\/p>\n<\/li>\n<li data-start=\"1324\" data-end=\"1369\">\n<p data-start=\"1326\" data-end=\"1369\">Loi organique 3\/2018 du 5 d\u00e9cembre (LOPDGDD).<\/p>\n<\/li>\n<\/ul>\n<p data-start=\"1371\" data-end=\"1759\"><strong data-start=\"1371\" data-end=\"1418\">Identit\u00e9 du responsable du traitement des donn\u00e9es personnelles<\/strong><br data-start=\"1418\" data-end=\"1421\" \/>Le responsable du traitement des donn\u00e9es personnelles collect\u00e9es sur <a class=\"decorated-link\" href=\"https:\/\/esentyaestate.com\/\" target=\"_new\" rel=\"noopener\" data-start=\"1470\" data-end=\"1496\">https:\/\/esentyaestate.com\/<\/a> ESENTYA ESTATE &amp; PROMOTIONS SL, immatricul\u00e9e sous le num\u00e9ro B10715092 (ci-apr\u00e8s d\u00e9nomm\u00e9e \u00ab\u00a0Responsable du traitement des donn\u00e9es\u00a0\u00bb), est la soci\u00e9t\u00e9 dont les coordonn\u00e9es sont les suivantes\u00a0:<br data-start=\"1627\" data-end=\"1630\" \/>Adresse : CALLE MAYOR, N.11, Torrevieja, 03188, Alicante.<br data-start=\"1686\" data-end=\"1689\" \/>Adresse \u00e9lectronique de contact\u00a0: <a class=\"decorated-link cursor-pointer\" rel=\"noopener\" data-start=\"1704\" data-end=\"1736\">administracion@esentyaestate.com<\/a><br data-start=\"1736\" data-end=\"1739\" \/>T\u00e9l\u00e9phone : 634205959<\/p>\n<p data-start=\"1761\" data-end=\"1947\"><strong data-start=\"1761\" data-end=\"1821\">Principes applicables au traitement des donn\u00e9es personnelles<\/strong><br data-start=\"1821\" data-end=\"1824\" \/>Le traitement des donn\u00e9es personnelles de l\u2019Utilisateur est soumis aux principes suivants \u00e9nonc\u00e9s \u00e0 l\u2019article 5 du RGPD\u00a0:<\/p>\n<ul data-start=\"1948\" data-end=\"2998\">\n<li data-start=\"1948\" data-end=\"2157\">\n<p data-start=\"1950\" data-end=\"2157\"><strong data-start=\"1950\" data-end=\"2005\">Principe de l\u00e9galit\u00e9, d&#039;\u00e9quit\u00e9 et de transparence :<\/strong> Le consentement de l&#039;Utilisateur sera requis \u00e0 tout moment, apr\u00e8s une information totalement transparente sur les finalit\u00e9s pour lesquelles les donn\u00e9es personnelles sont collect\u00e9es.<\/p>\n<\/li>\n<li data-start=\"2158\" data-end=\"2280\">\n<p data-start=\"2160\" data-end=\"2280\"><strong data-start=\"2160\" data-end=\"2196\">Principe de limitation de la finalit\u00e9 :<\/strong> Les donn\u00e9es personnelles seront collect\u00e9es \u00e0 des fins sp\u00e9cifiques, explicites et l\u00e9gitimes.<\/p>\n<\/li>\n<li data-start=\"2281\" data-end=\"2445\">\n<p data-start=\"2283\" data-end=\"2445\"><strong data-start=\"2283\" data-end=\"2318\">Principe de minimisation des donn\u00e9es :<\/strong> Les donn\u00e9es personnelles collect\u00e9es seront uniquement celles strictement n\u00e9cessaires au regard des finalit\u00e9s pour lesquelles elles sont trait\u00e9es.<\/p>\n<\/li>\n<li data-start=\"2446\" data-end=\"2530\">\n<p data-start=\"2448\" data-end=\"2530\"><strong data-start=\"2448\" data-end=\"2474\">Principe de pr\u00e9cision :<\/strong> Les donn\u00e9es personnelles doivent \u00eatre exactes et toujours \u00e0 jour.<\/p>\n<\/li>\n<li data-start=\"2531\" data-end=\"2715\">\n<p data-start=\"2533\" data-end=\"2715\"><strong data-start=\"2533\" data-end=\"2569\">Principe de limitation du stockage :<\/strong> Les donn\u00e9es personnelles ne seront conserv\u00e9es que sous une forme permettant l&#039;identification de l&#039;Utilisateur pendant la dur\u00e9e n\u00e9cessaire aux finalit\u00e9s de leur traitement.<\/p>\n<\/li>\n<li data-start=\"2716\" data-end=\"2861\">\n<p data-start=\"2718\" data-end=\"2861\"><strong data-start=\"2718\" data-end=\"2765\">Principe d&#039;int\u00e9grit\u00e9 et de confidentialit\u00e9 :<\/strong> Les donn\u00e9es personnelles seront trait\u00e9es de mani\u00e8re \u00e0 garantir leur s\u00e9curit\u00e9 et leur confidentialit\u00e9.<\/p>\n<\/li>\n<li data-start=\"2862\" data-end=\"2998\">\n<p data-start=\"2864\" data-end=\"2998\"><strong data-start=\"2864\" data-end=\"2906\">Principe de responsabilit\u00e9 proactive\u00a0:<\/strong> Le responsable du traitement des donn\u00e9es est charg\u00e9 de veiller au respect des principes susmentionn\u00e9s.<\/p>\n<\/li>\n<\/ul>\n<p data-start=\"3000\" data-end=\"3234\"><strong data-start=\"3000\" data-end=\"3031\">Cat\u00e9gories de donn\u00e9es personnelles<\/strong><br data-start=\"3031\" data-end=\"3034\" \/>Les cat\u00e9gories de donn\u00e9es trait\u00e9es sur <a class=\"decorated-link\" href=\"https:\/\/esentyaestate.com\/\" target=\"_new\" rel=\"noopener\" data-start=\"3070\" data-end=\"3096\">https:\/\/esentyaestate.com\/<\/a> Il s&#039;agit uniquement de donn\u00e9es d&#039;identification. En aucun cas, des cat\u00e9gories particuli\u00e8res de donn\u00e9es personnelles au sens de l&#039;article 9 du RGPD ne sont trait\u00e9es.<\/p>\n<p data-start=\"3236\" data-end=\"3505\"><strong data-start=\"3236\" data-end=\"3280\">Base juridique du traitement des donn\u00e9es personnelles<\/strong><br data-start=\"3280\" data-end=\"3283\" \/>Le fondement juridique du traitement des donn\u00e9es personnelles est le consentement. <a class=\"decorated-link\" href=\"https:\/\/esentyaestate.com\/\" target=\"_new\" rel=\"noopener\" data-start=\"3340\" data-end=\"3366\">https:\/\/esentyaestate.com\/<\/a> s\u2019engage \u00e0 obtenir le consentement expr\u00e8s et v\u00e9rifiable de l\u2019Utilisateur au traitement de ses donn\u00e9es personnelles pour une ou plusieurs finalit\u00e9s sp\u00e9cifiques.<\/p>\n<p data-start=\"3507\" data-end=\"3711\">L\u2019Utilisateur a le droit de retirer son consentement \u00e0 tout moment. Le retrait du consentement est aussi simple que son octroi. En r\u00e8gle g\u00e9n\u00e9rale, le retrait du consentement n\u2019emp\u00eache pas l\u2019utilisation du Site Web.<\/p>\n<p data-start=\"3713\" data-end=\"4064\">Lorsque l&#039;Utilisateur doit ou peut fournir ses donn\u00e9es par le biais de formulaires afin de poser des questions, de demander des informations ou pour des raisons li\u00e9es au contenu du Site Web, l&#039;Utilisateur sera inform\u00e9 si le remplissage de ces formulaires est obligatoire du fait que ces donn\u00e9es sont essentielles au bon d\u00e9roulement de l&#039;op\u00e9ration effectu\u00e9e.<\/p>\n<p data-start=\"4066\" data-end=\"4425\"><strong data-start=\"4066\" data-end=\"4113\">Finalit\u00e9s du traitement des donn\u00e9es personnelles<\/strong><br data-start=\"4113\" data-end=\"4116\" \/>Les donn\u00e9es personnelles sont collect\u00e9es et g\u00e9r\u00e9es par <a class=\"decorated-link\" href=\"https:\/\/esentyaestate.com\/\" target=\"_new\" rel=\"noopener\" data-start=\"4159\" data-end=\"4185\">https:\/\/esentyaestate.com\/<\/a> afin de faciliter, de rationaliser et de remplir les engagements pris entre le Site Web et l&#039;Utilisateur ou de maintenir la relation \u00e9tablie dans les formulaires que ce dernier remplit ou de traiter une demande ou une requ\u00eate.<\/p>\n<p data-start=\"4427\" data-end=\"4784\">De m\u00eame, les donn\u00e9es peuvent \u00eatre utilis\u00e9es \u00e0 des fins commerciales, op\u00e9rationnelles et statistiques, ainsi que pour des activit\u00e9s li\u00e9es \u00e0 l&#039;objet social de l&#039;entreprise. <a class=\"decorated-link\" href=\"https:\/\/esentyaestate.com\/\" target=\"_new\" rel=\"noopener\" data-start=\"4563\" data-end=\"4589\">https:\/\/esentyaestate.com\/<\/a>, ainsi que pour l&#039;extraction, le stockage de donn\u00e9es et les \u00e9tudes marketing afin d&#039;adapter le contenu propos\u00e9 \u00e0 l&#039;utilisateur, et d&#039;am\u00e9liorer la qualit\u00e9, le fonctionnement et l&#039;exp\u00e9rience de navigation du site web.<\/p>\n<p data-start=\"4786\" data-end=\"4996\">Au moment de la collecte des donn\u00e9es personnelles, l\u2019Utilisateur est inform\u00e9 de la ou des finalit\u00e9s sp\u00e9cifiques du traitement de ces donn\u00e9es ; c\u2019est-\u00e0-dire de l\u2019utilisation qui sera faite des informations collect\u00e9es.<\/p>\n<p data-start=\"4998\" data-end=\"5292\"><strong data-start=\"4998\" data-end=\"5037\">Dur\u00e9es de conservation des donn\u00e9es personnelles<\/strong><br data-start=\"5037\" data-end=\"5040\" \/>Les donn\u00e9es personnelles ne seront conserv\u00e9es que pendant la dur\u00e9e minimale n\u00e9cessaire aux fins de leur traitement et, en tout \u00e9tat de cause, uniquement pendant la p\u00e9riode suivante\u00a0: la dur\u00e9e n\u00e9cessaire \u00e0 l\u2019ex\u00e9cution des activit\u00e9s contractuelles, ou jusqu\u2019\u00e0 ce que l\u2019Utilisateur demande leur suppression.<\/p>\n<p data-start=\"5294\" data-end=\"5498\">Au moment de la collecte des donn\u00e9es personnelles, l\u2019Utilisateur est inform\u00e9 de la dur\u00e9e de conservation de ces donn\u00e9es ou, lorsque cela n\u2019est pas possible, des crit\u00e8res utilis\u00e9s pour d\u00e9terminer cette dur\u00e9e.<\/p>\n<p data-start=\"5500\" data-end=\"5598\"><strong data-start=\"5500\" data-end=\"5531\">Destinataires des donn\u00e9es personnelles<\/strong><br data-start=\"5531\" data-end=\"5534\" \/>Les donn\u00e9es personnelles de l&#039;Utilisateur ne seront pas partag\u00e9es avec des tiers.<\/p>\n<p data-start=\"5600\" data-end=\"5755\">En tout \u00e9tat de cause, au moment de la collecte des donn\u00e9es personnelles, l\u2019Utilisateur sera inform\u00e9 des destinataires ou des cat\u00e9gories de destinataires de ces donn\u00e9es.<\/p>\n<p data-start=\"5757\" data-end=\"6180\"><strong data-start=\"5757\" data-end=\"5784\">Donn\u00e9es personnelles des mineurs<\/strong><br data-start=\"5784\" data-end=\"5787\" \/>Conform\u00e9ment aux articles 8 du RGPD et 13 de la RDLOPD, seules les personnes \u00e2g\u00e9es de plus de 14 ans peuvent l\u00e9galement consentir au traitement de leurs donn\u00e9es personnelles par <a class=\"decorated-link\" href=\"https:\/\/esentyaestate.com\/\" target=\"_new\" rel=\"noopener\" data-start=\"5961\" data-end=\"5987\">https:\/\/esentyaestate.com\/<\/a>Si l\u2019Utilisateur est \u00e2g\u00e9 de moins de 14 ans, le consentement d\u2019un parent ou d\u2019un tuteur sera requis pour le traitement, et ce traitement ne sera consid\u00e9r\u00e9 comme licite que dans la mesure o\u00f9 il aura \u00e9t\u00e9 autoris\u00e9.<\/p>\n<p data-start=\"6182\" data-end=\"6581\"><strong data-start=\"6182\" data-end=\"6223\">Confidentialit\u00e9 et s\u00e9curit\u00e9 des donn\u00e9es personnelles<\/strong><br data-start=\"6223\" data-end=\"6226\" \/><a class=\"decorated-link\" href=\"https:\/\/esentyaestate.com\/\" target=\"_new\" rel=\"noopener\" data-start=\"6226\" data-end=\"6252\">https:\/\/esentyaestate.com\/<\/a> s\u2019engage \u00e0 adopter les mesures techniques et organisationnelles n\u00e9cessaires, en fonction du niveau de s\u00e9curit\u00e9 appropri\u00e9 au risque des donn\u00e9es collect\u00e9es, afin d\u2019assurer la s\u00e9curit\u00e9 des donn\u00e9es personnelles et d\u2019emp\u00eacher leur destruction, perte ou alt\u00e9ration accidentelle ou illicite, ou leur communication ou acc\u00e8s non autoris\u00e9 \u00e0 ces donn\u00e9es.<\/p>\n<p data-start=\"6583\" data-end=\"6809\">Le site Web poss\u00e8de un certificat SSL (Secure Socket Layer), ce qui garantit que les donn\u00e9es personnelles sont transmises de mani\u00e8re s\u00e9curis\u00e9e et confidentielle, car la transmission des donn\u00e9es entre le serveur et l&#039;utilisateur, ainsi que les retours d&#039;information, sont enti\u00e8rement crypt\u00e9s.<\/p>\n<p data-start=\"6811\" data-end=\"7466\">Cependant, comme <a class=\"decorated-link\" href=\"https:\/\/esentyaestate.com\/\" target=\"_new\" rel=\"noopener\" data-start=\"6823\" data-end=\"6849\">https:\/\/esentyaestate.com\/<\/a> Ne pouvant garantir la s\u00e9curit\u00e9 absolue d&#039;Internet ni l&#039;absence de pirates informatiques ou d&#039;autres personnes acc\u00e9dant frauduleusement aux donn\u00e9es personnelles, le responsable du traitement s&#039;engage \u00e0 informer l&#039;utilisateur sans d\u00e9lai indu en cas de violation de la s\u00e9curit\u00e9 des donn\u00e9es personnelles susceptible d&#039;entra\u00eener un risque \u00e9lev\u00e9 pour les droits et libert\u00e9s des personnes physiques. Conform\u00e9ment \u00e0 l&#039;article 4 du RGPD, une violation de la s\u00e9curit\u00e9 des donn\u00e9es personnelles d\u00e9signe toute violation de la s\u00e9curit\u00e9 entra\u00eenant la destruction, la perte ou l&#039;alt\u00e9ration accidentelle ou illicite de donn\u00e9es personnelles transmises, stock\u00e9es ou trait\u00e9es d&#039;une autre mani\u00e8re, ou la communication ou l&#039;acc\u00e8s non autoris\u00e9 \u00e0 ces donn\u00e9es.<\/p>\n<p data-start=\"7468\" data-end=\"7741\">Les donn\u00e9es personnelles sont trait\u00e9es de mani\u00e8re confidentielle par le responsable du traitement, qui s&#039;engage \u00e0 informer et \u00e0 garantir, par le biais d&#039;une obligation l\u00e9gale ou contractuelle, que cette confidentialit\u00e9 est respect\u00e9e par ses employ\u00e9s, ses partenaires et toute personne \u00e0 qui les informations sont accessibles.<\/p>\n<p data-start=\"7743\" data-end=\"7946\"><strong data-start=\"7743\" data-end=\"7798\">Droits d\u00e9coulant du traitement des donn\u00e9es personnelles<\/strong><br data-start=\"7798\" data-end=\"7801\" \/>L&#039;Utilisateur dispose, et peut donc exercer contre <a class=\"decorated-link\" href=\"https:\/\/esentyaestate.com\/\" target=\"_new\" rel=\"noopener\" data-start=\"7850\" data-end=\"7876\">https:\/\/esentyaestate.com\/<\/a> et le responsable du traitement des donn\u00e9es, les droits suivants reconnus par le RGPD\u00a0:<\/p>\n<ul data-start=\"7948\" data-end=\"10570\">\n<li data-start=\"7948\" data-end=\"8393\">\n<p data-start=\"7950\" data-end=\"8393\"><strong data-start=\"7950\" data-end=\"7970\">Droit d&#039;acc\u00e8s :<\/strong> L&#039;Utilisateur a le droit d&#039;obtenir la confirmation que <a class=\"decorated-link\" href=\"https:\/\/esentyaestate.com\/\" target=\"_new\" rel=\"noopener\" data-start=\"8031\" data-end=\"8057\">https:\/\/esentyaestate.com\/<\/a> traite leurs donn\u00e9es personnelles et, le cas \u00e9ch\u00e9ant, obtenir des informations sur leurs donn\u00e9es personnelles sp\u00e9cifiques et le traitement qui en est fait. <a class=\"decorated-link\" href=\"https:\/\/esentyaestate.com\/\" target=\"_new\" rel=\"noopener\" data-start=\"8185\" data-end=\"8211\">https:\/\/esentyaestate.com\/<\/a> a effectu\u00e9 ou pourrait effectuer, ainsi que, entre autres, des informations disponibles sur l&#039;origine de ces donn\u00e9es et les destinataires des communications effectu\u00e9es ou pr\u00e9vues.<\/p>\n<\/li>\n<li data-start=\"8394\" data-end=\"8560\">\n<p data-start=\"8396\" data-end=\"8560\"><strong data-start=\"8396\" data-end=\"8423\">Droit \u00e0 rectification :<\/strong> L\u2019Utilisateur a le droit de faire rectifier les donn\u00e9es personnelles qui s\u2019av\u00e8rent inexactes ou de les faire compl\u00e9ter, compte tenu des finalit\u00e9s du traitement.<\/p>\n<\/li>\n<li data-start=\"8561\" data-end=\"9452\">\n<p data-start=\"8563\" data-end=\"9452\"><strong data-start=\"8563\" data-end=\"8610\">Droit \u00e0 l\u2019effacement (\u00ab droit \u00e0 l\u2019oubli \u00bb) :<\/strong> L\u2019Utilisateur a le droit, sauf disposition contraire de la l\u00e9gislation en vigueur, d\u2019obtenir l\u2019effacement de ses donn\u00e9es personnelles lorsque celles-ci ne sont plus n\u00e9cessaires aux fins pour lesquelles elles ont \u00e9t\u00e9 collect\u00e9es ou trait\u00e9es\u00a0; lorsque l\u2019Utilisateur retire son consentement et qu\u2019il n\u2019existe pas d\u2019autre fondement juridique\u00a0; lorsque l\u2019Utilisateur s\u2019oppose au traitement et qu\u2019il n\u2019existe aucun autre motif l\u00e9gitime de le poursuivre\u00a0; lorsque les donn\u00e9es ont fait l\u2019objet d\u2019un traitement illicite\u00a0; lorsque les donn\u00e9es doivent \u00eatre effac\u00e9es en vertu d\u2019une obligation l\u00e9gale\u00a0; ou lorsque les donn\u00e9es ont \u00e9t\u00e9 obtenues dans le cadre de l\u2019offre directe de services de la soci\u00e9t\u00e9 de l\u2019information \u00e0 un mineur de moins de 14\u00a0ans. En outre, le Responsable du traitement doit, compte tenu des technologies disponibles et du co\u00fbt de mise en \u0153uvre, prendre des mesures raisonnables pour informer les autres responsables du traitement des donn\u00e9es personnelles de la demande d\u2019effacement formul\u00e9e par la personne concern\u00e9e.<\/p>\n<\/li>\n<li data-start=\"9454\" data-end=\"9798\">\n<p data-start=\"9456\" data-end=\"9798\"><strong data-start=\"9456\" data-end=\"9495\">Droit \u00e0 la limitation du traitement\u00a0:<\/strong> L\u2019Utilisateur a le droit de limiter le traitement de ses donn\u00e9es personnelles lorsqu\u2019il conteste l\u2019exactitude de ces donn\u00e9es\u00a0; lorsque le traitement est illicite\u00a0; lorsque le Responsable du traitement n\u2019a plus besoin des donn\u00e9es personnelles mais que l\u2019Utilisateur les exige pour faire valoir ses droits\u00a0; et lorsque l\u2019Utilisateur s\u2019est oppos\u00e9 au traitement.<\/p>\n<\/li>\n<li data-start=\"9799\" data-end=\"10175\">\n<p data-start=\"9801\" data-end=\"10175\"><strong data-start=\"9801\" data-end=\"9831\">Droit \u00e0 la portabilit\u00e9 des donn\u00e9es\u00a0:<\/strong> Lorsque le traitement est effectu\u00e9 par des moyens automatis\u00e9s, l\u2019Utilisateur a le droit de recevoir ses donn\u00e9es \u00e0 caract\u00e8re personnel du Responsable du traitement dans un format structur\u00e9, couramment utilis\u00e9 et lisible par machine, et de les transmettre \u00e0 un autre responsable du traitement. Lorsque cela est techniquement possible, le Responsable du traitement transmet directement les donn\u00e9es \u00e0 cet autre responsable du traitement.<\/p>\n<\/li>\n<li data-start=\"10176\" data-end=\"10305\">\n<p data-start=\"10178\" data-end=\"10305\"><strong data-start=\"10178\" data-end=\"10198\">Droit d&#039;opposition\u00a0:<\/strong> L&#039;Utilisateur a le droit de s&#039;opposer au traitement de ses donn\u00e9es personnelles par <a class=\"decorated-link\" href=\"https:\/\/esentyaestate.com\/\" target=\"_new\" rel=\"noopener\" data-start=\"10276\" data-end=\"10302\">https:\/\/esentyaestate.com\/<\/a>.<\/p>\n<\/li>\n<li data-start=\"10306\" data-end=\"10570\">\n<p data-start=\"10308\" data-end=\"10570\"><strong data-start=\"10308\" data-end=\"10397\">Droit de ne pas faire l\u2019objet d\u2019une d\u00e9cision individuelle automatis\u00e9e, y compris le profilage\u00a0:<\/strong> L\u2019Utilisateur a le droit de ne pas faire l\u2019objet d\u2019une d\u00e9cision fond\u00e9e exclusivement sur un traitement automatis\u00e9 de ses donn\u00e9es personnelles, y compris le profilage, sauf disposition l\u00e9gale contraire.<\/p>\n<\/li>\n<\/ul>\n<p data-start=\"10572\" data-end=\"10738\">Ainsi, l\u2019Utilisateur peut exercer ses droits par communication \u00e9crite adress\u00e9e au Responsable du traitement des donn\u00e9es avec la r\u00e9f\u00e9rence \u00ab RGPD \u2013 <a class=\"decorated-link cursor-pointer\" target=\"_new\" rel=\"noopener\" data-start=\"10698\" data-end=\"10725\">https:\/\/esentyaestate.com\/\u201d<\/a>, en pr\u00e9cisant\u00a0:<\/p>\n<ul data-start=\"10740\" data-end=\"11268\">\n<li data-start=\"10740\" data-end=\"11049\">\n<p data-start=\"10742\" data-end=\"11049\">Nom et pr\u00e9nom(s) de l&#039;utilisateur, ainsi qu&#039;une copie de sa pi\u00e8ce d&#039;identit\u00e9. En cas de repr\u00e9sentation, l&#039;identification du repr\u00e9sentant, par les m\u00eames moyens, ainsi que le document attestant de la repr\u00e9sentation, seront \u00e9galement requis. La copie de la pi\u00e8ce d&#039;identit\u00e9 peut \u00eatre remplac\u00e9e par tout autre document l\u00e9galement valable prouvant l&#039;identit\u00e9.<\/p>\n<\/li>\n<li data-start=\"11050\" data-end=\"11141\">\n<p data-start=\"11052\" data-end=\"11141\">Demande pr\u00e9cisant les raisons sp\u00e9cifiques de la demande ou les informations consult\u00e9es.<\/p>\n<\/li>\n<li data-start=\"11142\" data-end=\"11180\">\n<p data-start=\"11144\" data-end=\"11180\">Adresse pour les notifications.<\/p>\n<\/li>\n<li data-start=\"11181\" data-end=\"11221\">\n<p data-start=\"11183\" data-end=\"11221\">Date et signature du demandeur.<\/p>\n<\/li>\n<li data-start=\"11222\" data-end=\"11268\">\n<p data-start=\"11224\" data-end=\"11268\">Tout document attestant de la demande.<\/p>\n<\/li>\n<\/ul>\n<p data-start=\"11270\" data-end=\"11421\">Cette demande et tout document joint peuvent \u00eatre envoy\u00e9s \u00e0 l&#039;adresse \u00e9lectronique suivante\u00a0:<br data-start=\"11359\" data-end=\"11362\" \/><a class=\"decorated-link cursor-pointer\" rel=\"noopener\" data-start=\"11362\" data-end=\"11394\">administracion@esentyaestate.com<\/a> <a class=\"decorated-link\" href=\"https:\/\/esentyaestate.com\/\" target=\"_new\" rel=\"noopener\" data-start=\"11395\" data-end=\"11421\">https:\/\/esentyaestate.com\/<\/a><\/p>\n<p data-start=\"11423\" data-end=\"11946\"><strong data-start=\"11423\" data-end=\"11470\">Plaintes aupr\u00e8s de l&#039;autorit\u00e9 de surveillance<\/strong><br data-start=\"11470\" data-end=\"11473\" \/>Si l&#039;Utilisateur estime qu&#039;il existe un probl\u00e8me ou une violation de la l\u00e9gislation en vigueur concernant le traitement de ses donn\u00e9es personnelles, il dispose du droit \u00e0 une protection juridictionnelle effective et peut d\u00e9poser une plainte aupr\u00e8s d&#039;une autorit\u00e9 de contr\u00f4le, notamment dans l&#039;\u00c9tat o\u00f9 se trouve sa r\u00e9sidence habituelle, son lieu de travail ou le lieu o\u00f9 l&#039;infraction pr\u00e9sum\u00e9e a \u00e9t\u00e9 commise. En Espagne, l&#039;autorit\u00e9 de contr\u00f4le est l&#039;Agence espagnole de protection des donn\u00e9es ( ).<a class=\"decorated-link\" href=\"http:\/\/www.aepd.es\/\" target=\"_new\" rel=\"noopener\" data-start=\"11926\" data-end=\"11944\">http:\/\/www.aepd.es<\/a>).<\/p>\n<p data-start=\"11948\" data-end=\"12335\">L\u2019Utilisateur doit avoir pris connaissance des conditions relatives \u00e0 la protection des donn\u00e9es personnelles \u00e9nonc\u00e9es dans la pr\u00e9sente Politique de confidentialit\u00e9 et de cookies et les accepter. Il doit \u00e9galement consentir au traitement de ses donn\u00e9es personnelles afin que le Responsable du traitement puisse proc\u00e9der \u00e0 ce traitement selon les modalit\u00e9s, les d\u00e9lais et les finalit\u00e9s indiqu\u00e9s. L\u2019utilisation du Site Web implique l\u2019acceptation de la pr\u00e9sente Politique de confidentialit\u00e9 et de cookies.<\/p>\n<p data-start=\"12337\" data-end=\"12655\"><a class=\"decorated-link\" href=\"https:\/\/esentyaestate.com\/\" target=\"_new\" rel=\"noopener\" data-start=\"12337\" data-end=\"12363\">https:\/\/esentyaestate.com\/<\/a> La soci\u00e9t\u00e9 se r\u00e9serve le droit de modifier sa Politique de confidentialit\u00e9 et de cookies, selon ses propres crit\u00e8res ou en raison d&#039;une \u00e9volution l\u00e9gislative, jurisprudentielle ou doctrinale de l&#039;Agence espagnole de protection des donn\u00e9es. Toute modification ou mise \u00e0 jour de cette Politique de confidentialit\u00e9 et de cookies sera notifi\u00e9e explicitement \u00e0 l&#039;Utilisateur.<\/p>\n<p data-start=\"12657\" data-end=\"12942\">La pr\u00e9sente politique de confidentialit\u00e9 et de cookies a \u00e9t\u00e9 mise \u00e0 jour le 12 mai 2025 afin de se conformer au r\u00e8glement (UE) 2016\/679 du Parlement europ\u00e9en et du Conseil du 27 avril 2016 relatif \u00e0 la protection des personnes physiques \u00e0 l\u2019\u00e9gard du traitement des donn\u00e9es \u00e0 caract\u00e8re personnel et \u00e0 la libre circulation de ces donn\u00e9es (RGPD).<\/p>","protected":false},"excerpt":{"rendered":"<p>In compliance with the provisions of current legislation, https:\/\/esentyaestate.com\/ (hereinafter also the Website) undertakes to adopt the necessary technical and organisational measures, according to the appropriate level of security to the risk of the data collected. Laws incorporated into this privacy policyThis privacy policy is adapted to current Spanish and European regulations on the protection of personal data on the internet. Specifically, it complies &#8230;<\/p>","protected":false},"author":1,"featured_media":0,"parent":0,"menu_order":0,"comment_status":"closed","ping_status":"closed","template":"","meta":{"inline_featured_image":false,"footnotes":""},"class_list":["post-18153","page","type-page","status-publish","hentry"],"_links":{"self":[{"href":"https:\/\/web.esentyaestate.com\/fr\/wp-json\/wp\/v2\/pages\/18153","targetHints":{"allow":["GET"]}}],"collection":[{"href":"https:\/\/web.esentyaestate.com\/fr\/wp-json\/wp\/v2\/pages"}],"about":[{"href":"https:\/\/web.esentyaestate.com\/fr\/wp-json\/wp\/v2\/types\/page"}],"author":[{"embeddable":true,"href":"https:\/\/web.esentyaestate.com\/fr\/wp-json\/wp\/v2\/users\/1"}],"replies":[{"embeddable":true,"href":"https:\/\/web.esentyaestate.com\/fr\/wp-json\/wp\/v2\/comments?post=18153"}],"version-history":[{"count":2,"href":"https:\/\/web.esentyaestate.com\/fr\/wp-json\/wp\/v2\/pages\/18153\/revisions"}],"predecessor-version":[{"id":21939,"href":"https:\/\/web.esentyaestate.com\/fr\/wp-json\/wp\/v2\/pages\/18153\/revisions\/21939"}],"wp:attachment":[{"href":"https:\/\/web.esentyaestate.com\/fr\/wp-json\/wp\/v2\/media?parent=18153"}],"curies":[{"name":"wp","href":"https:\/\/api.w.org\/{rel}","templated":true}]}}